{"id":4741,"date":"2022-11-14T15:06:32","date_gmt":"2022-11-14T14:06:32","guid":{"rendered":"https:\/\/antcube.shop\/produkt\/rohrverbinder-glasklar-fur-20mm-i\/"},"modified":"2026-04-13T09:34:44","modified_gmt":"2026-04-13T07:34:44","slug":"rohrverbinder-glasklar-fur-20mm-i","status":"publish","type":"product","link":"https:\/\/antcube.shop\/fr\/produit\/rohrverbinder-glasklar-fur-20mm-i\/","title":{"rendered":"Connecteur de tube transparent pour 20mm - I"},"content":{"rendered":"<p><strong>Dimensions (LxlxH) :<\/strong> 3,5\u00d72,5\u00d72,5cm<br \/>\n<strong>Diam\u00e8tre int\u00e9rieur :<\/strong> 20mm<\/p>\n<p><strong>Mat\u00e9riau :<\/strong> Acrylique<\/p>\n<p><strong>Couleur :<\/strong> Incolore\/Transparent\/Clair<\/p>\n<p><strong>Contenu :<\/strong> 1pcs.<\/p>\n<p><strong>Sp\u00e9cifications techniques :<\/strong><br \/>\nRaccord de tuyau forme I acrylique diam\u00e8tre 25mm pour tuyau de 20mm.<\/p>\n<p><strong>Description :<\/strong><br \/>\nRaccord de tuyau en acrylique transparent pour connecter des tuyaux en acrylique.<\/p>\n<p><strong>Avis :<\/strong><br \/>\nLors de l'assemblage des tuyaux, veuillez noter ce qui suit :<br \/>\nEn raison des propri\u00e9t\u00e9s du mat\u00e9riau acrylique, il faut \u00e0 tout prix \u00e9viter d'exercer une pression ou un effet de levier. Si la connexion est difficile, effectuez des mouvements de torsion prudents et appliquez un peu d'huile anti-rupture si n\u00e9cessaire.<\/p>\n<p>&nbsp;<\/p>","protected":false},"excerpt":{"rendered":"<p>Dimensions (LxlxH) : 4,2x2,5x4,2cm Diam\u00e8tre int\u00e9rieur : 20mm Mat\u00e9riau : Acrylique Couleur : Incolore\/Transparent\/Clair Contenu : 1pcs. Sp\u00e9cifications techniques : Raccord de tuyau forme L acrylique diam\u00e8tre 25mm pour tuyau de 20mm. Description : Raccord de tuyau en acrylique transparent pour connecter des tuyaux en acrylique. Remarque : Lors de l'assemblage des tuyaux, veuillez noter les points suivants : En raison des propri\u00e9t\u00e9s mat\u00e9rielles de l'acrylique, la pression et le levier doivent","protected":false},"featured_media":4781,"comment_status":"open","ping_status":"closed","template":"","meta":{"_acf_changed":false,"content-type":"","_monsterinsights_skip_tracking":false,"_monsterinsights_sitenote_active":false,"_monsterinsights_sitenote_note":"","_monsterinsights_sitenote_category":0},"product_brand":[],"product_cat":[345],"product_tag":[],"class_list":{"0":"post-4741","1":"product","2":"type-product","3":"status-publish","4":"has-post-thumbnail","6":"product_cat-pipe-connectors","8":"first","9":"instock","10":"taxable","11":"shipping-taxable","12":"purchasable","13":"product-type-simple"},"acf":[],"aioseo_notices":[],"jetpack_sharing_enabled":true,"_links":{"self":[{"href":"https:\/\/antcube.shop\/fr\/wp-json\/wp\/v2\/product\/4741","targetHints":{"allow":["GET"]}}],"collection":[{"href":"https:\/\/antcube.shop\/fr\/wp-json\/wp\/v2\/product"}],"about":[{"href":"https:\/\/antcube.shop\/fr\/wp-json\/wp\/v2\/types\/product"}],"replies":[{"embeddable":true,"href":"https:\/\/antcube.shop\/fr\/wp-json\/wp\/v2\/comments?post=4741"}],"wp:featuredmedia":[{"embeddable":true,"href":"https:\/\/antcube.shop\/fr\/wp-json\/wp\/v2\/media\/4781"}],"wp:attachment":[{"href":"https:\/\/antcube.shop\/fr\/wp-json\/wp\/v2\/media?parent=4741"}],"wp:term":[{"taxonomy":"product_brand","embeddable":true,"href":"https:\/\/antcube.shop\/fr\/wp-json\/wp\/v2\/product_brand?post=4741"},{"taxonomy":"product_cat","embeddable":true,"href":"https:\/\/antcube.shop\/fr\/wp-json\/wp\/v2\/product_cat?post=4741"},{"taxonomy":"product_tag","embeddable":true,"href":"https:\/\/antcube.shop\/fr\/wp-json\/wp\/v2\/product_tag?post=4741"}],"curies":[{"name":"wp","href":"https:\/\/api.w.org\/{rel}","templated":true}]}}