{"id":4738,"date":"2022-11-14T15:05:46","date_gmt":"2022-11-14T14:05:46","guid":{"rendered":"https:\/\/antcube.shop\/produkt\/formicariendichtung-3-4-zoll-transparent\/"},"modified":"2026-04-12T14:37:13","modified_gmt":"2026-04-12T12:37:13","slug":"formicariendichtung-3-4-zoll-transparent","status":"publish","type":"product","link":"https:\/\/antcube.shop\/fr\/produit\/formicariendichtung-3-4-zoll-transparent\/","title":{"rendered":"Joint pour formicarium 3\/4 pouce - transparent"},"content":{"rendered":"<p><strong>Contenu :<\/strong> 1x bague d'\u00e9tanch\u00e9it\u00e9<\/p>\n<p><strong>Couleur :<\/strong> transparent, laiteux<\/p>\n<p><strong>Mat\u00e9riau :<\/strong> plastique PE<\/p>\n<p><strong>Description :<\/strong> Avec cette bague d'\u00e9tanch\u00e9it\u00e9, par exemple, les raccords \u00e0 vis assortis (3\/4\u2033) peuvent \u00eatre viss\u00e9s mieux et plus serr\u00e9s.<br \/>\nIl vous permet de prot\u00e9ger le verre ou l'acrylique des rayures.<\/p>\n<p>&nbsp;<\/p>","protected":false},"excerpt":{"rendered":"<p>Contenu : 1x bague d'\u00e9tanch\u00e9it\u00e9 Couleur : transparent, laiteux Mat\u00e9riau : Plastique PE Description : Gr\u00e2ce \u00e0 cette bague d'\u00e9tanch\u00e9it\u00e9, les raccords \u00e0 vis assortis (3\/4\"), par exemple, peuvent \u00eatre viss\u00e9s mieux et plus fermement. Vous prot\u00e9gez ainsi le verre ou l'acrylique des rayures. &nbsp;<\/p>","protected":false},"featured_media":4787,"comment_status":"open","ping_status":"closed","template":"","meta":{"_acf_changed":false,"content-type":"","_monsterinsights_skip_tracking":false,"_monsterinsights_sitenote_active":false,"_monsterinsights_sitenote_note":"","_monsterinsights_sitenote_category":0},"product_brand":[],"product_cat":[121],"product_tag":[],"class_list":{"0":"post-4738","1":"product","2":"type-product","3":"status-publish","4":"has-post-thumbnail","6":"product_cat-connectors","8":"first","9":"instock","10":"taxable","11":"shipping-taxable","12":"purchasable","13":"product-type-simple"},"acf":[],"aioseo_notices":[],"jetpack_sharing_enabled":true,"_links":{"self":[{"href":"https:\/\/antcube.shop\/fr\/wp-json\/wp\/v2\/product\/4738","targetHints":{"allow":["GET"]}}],"collection":[{"href":"https:\/\/antcube.shop\/fr\/wp-json\/wp\/v2\/product"}],"about":[{"href":"https:\/\/antcube.shop\/fr\/wp-json\/wp\/v2\/types\/product"}],"replies":[{"embeddable":true,"href":"https:\/\/antcube.shop\/fr\/wp-json\/wp\/v2\/comments?post=4738"}],"wp:featuredmedia":[{"embeddable":true,"href":"https:\/\/antcube.shop\/fr\/wp-json\/wp\/v2\/media\/4787"}],"wp:attachment":[{"href":"https:\/\/antcube.shop\/fr\/wp-json\/wp\/v2\/media?parent=4738"}],"wp:term":[{"taxonomy":"product_brand","embeddable":true,"href":"https:\/\/antcube.shop\/fr\/wp-json\/wp\/v2\/product_brand?post=4738"},{"taxonomy":"product_cat","embeddable":true,"href":"https:\/\/antcube.shop\/fr\/wp-json\/wp\/v2\/product_cat?post=4738"},{"taxonomy":"product_tag","embeddable":true,"href":"https:\/\/antcube.shop\/fr\/wp-json\/wp\/v2\/product_tag?post=4738"}],"curies":[{"name":"wp","href":"https:\/\/api.w.org\/{rel}","templated":true}]}}