{"id":4737,"date":"2022-11-14T15:05:30","date_gmt":"2022-11-14T14:05:30","guid":{"rendered":"https:\/\/antcube.shop\/produkt\/bohrungsadapter-50-auf-27mm-transparent\/"},"modified":"2026-04-02T09:54:16","modified_gmt":"2026-04-02T07:54:16","slug":"adaptateur-bohrungs-50-auf-27mm-transparent","status":"publish","type":"product","link":"https:\/\/antcube.shop\/fr\/produit\/adaptateur-bohrungs-50-auf-27mm-transparent\/","title":{"rendered":"Adaptateur d'al\u00e9sage 50 \u00e0 27mm - transparent"},"content":{"rendered":"<p><strong>Contenu :<\/strong><br \/>\n1x disque acrylique 50x4mm avec trou de 27mm<br \/>\n1x feuille adh\u00e9sive transparente 60mm avec trou de 27mm<\/p>\n<p><strong>Dimensions :<\/strong> 60x4mm<\/p>\n<p><strong>Mat\u00e9riau :<\/strong> PMMA, PP<\/p>\n<p><strong>Couleur :<\/strong> transparent \/ cristal clair<\/p>\n<p><strong>Description :<\/strong> Adaptateur pour fixer des \u00e9l\u00e9ments de 27 mm de diam\u00e8tre dans un trou de 50 mm.<br \/>\nLe film adh\u00e9sif transparent de haute qualit\u00e9 de 50\u00b5 est r\u00e9sistant aux rayures et contient un rev\u00eatement de protection contre les UV. Il s'agit d'un adh\u00e9sif permanent.<br \/>\nIl s'agit donc d'une fixation s\u00fbre, ferme et visuellement belle pour l'adaptateur.<\/p>\n<p><strong>Note :<\/strong> L'adaptateur d'al\u00e9sage ne doit pas \u00eatre charg\u00e9 par une pression permanente d'un effet de levier, sinon il risque de se desserrer. Il ne convient que pour les raccords droits !<\/p>","protected":false},"excerpt":{"rendered":"<p>Contenu : 1x disque acrylique 50x4mm avec trou de 27mm 1x feuille adh\u00e9sive transparente 60mm avec trou de 27mm Dimensions : 60x4mm Mat\u00e9riau : PMMA, PP Couleur : transparent \/ cristal clair Description : Adaptateur pour fixer des \u00e9l\u00e9ments avec un diam\u00e8tre de 27mm dans un trou de 50mm. Le film adh\u00e9sif transparent 50\u00b5 de haute qualit\u00e9 est r\u00e9sistant aux rayures et contient un rev\u00eatement de protection contre les UV et est","protected":false},"featured_media":4887,"comment_status":"open","ping_status":"closed","template":"","meta":{"_acf_changed":false,"content-type":"","_monsterinsights_skip_tracking":false,"_monsterinsights_sitenote_active":false,"_monsterinsights_sitenote_note":"","_monsterinsights_sitenote_category":0},"product_brand":[],"product_cat":[119,121],"product_tag":[],"class_list":{"0":"post-4737","1":"product","2":"type-product","3":"status-publish","4":"has-post-thumbnail","6":"product_cat-formicarium-components","7":"product_cat-connectors","9":"first","10":"instock","11":"taxable","12":"shipping-taxable","13":"purchasable","14":"product-type-simple"},"acf":[],"aioseo_notices":[],"jetpack_sharing_enabled":true,"_links":{"self":[{"href":"https:\/\/antcube.shop\/fr\/wp-json\/wp\/v2\/product\/4737","targetHints":{"allow":["GET"]}}],"collection":[{"href":"https:\/\/antcube.shop\/fr\/wp-json\/wp\/v2\/product"}],"about":[{"href":"https:\/\/antcube.shop\/fr\/wp-json\/wp\/v2\/types\/product"}],"replies":[{"embeddable":true,"href":"https:\/\/antcube.shop\/fr\/wp-json\/wp\/v2\/comments?post=4737"}],"wp:featuredmedia":[{"embeddable":true,"href":"https:\/\/antcube.shop\/fr\/wp-json\/wp\/v2\/media\/4887"}],"wp:attachment":[{"href":"https:\/\/antcube.shop\/fr\/wp-json\/wp\/v2\/media?parent=4737"}],"wp:term":[{"taxonomy":"product_brand","embeddable":true,"href":"https:\/\/antcube.shop\/fr\/wp-json\/wp\/v2\/product_brand?post=4737"},{"taxonomy":"product_cat","embeddable":true,"href":"https:\/\/antcube.shop\/fr\/wp-json\/wp\/v2\/product_cat?post=4737"},{"taxonomy":"product_tag","embeddable":true,"href":"https:\/\/antcube.shop\/fr\/wp-json\/wp\/v2\/product_tag?post=4737"}],"curies":[{"name":"wp","href":"https:\/\/api.w.org\/{rel}","templated":true}]}}