{"id":4736,"date":"2022-11-14T15:05:15","date_gmt":"2022-11-14T14:05:15","guid":{"rendered":"https:\/\/antcube.shop\/produkt\/rohrverbindungsring-fur-32mm-rohr\/"},"modified":"2026-04-13T09:33:48","modified_gmt":"2026-04-13T07:33:48","slug":"rohrverbindungsring-fur-32mm-rohr","status":"publish","type":"product","link":"https:\/\/antcube.shop\/fr\/produit\/rohrverbindungsring-fur-32mm-rohr\/","title":{"rendered":"Bague de raccordement pour tuyau de 32 mm"},"content":{"rendered":"<p><strong>Quantit\u00e9 :<\/strong> 1 pi\u00e8ce<\/p>\n<p><strong>Dimensions :<\/strong> 32mm (diam\u00e8tre int\u00e9rieur), 40x10mm (dimensions ext\u00e9rieures)<\/p>\n<p><strong>Couleur :<\/strong> transparent<\/p>\n<p><strong>Mat\u00e9riau :<\/strong> acrylique<\/p>\n<p><strong>Description :<\/strong><br \/>\nAnneau de raccordement de tuyaux en acrylique transparent pour le raccordement de tuyaux en acrylique.<\/p>\n<p><strong>Application :<\/strong><br \/>\nPour le raccordement de tuyaux en acrylique d'un diam\u00e8tre de 32 mm.<\/p>\n<p><strong>Avis :<\/strong><br \/>\nLors de l'assemblage des tuyaux, veuillez noter ce qui suit :<br \/>\nSi le tuyau est tr\u00e8s difficile \u00e0 mettre en place sur la douille de raccordement, il faut frotter l\u00e9g\u00e8rement la bague d'\u00e9tanch\u00e9it\u00e9 avec une goutte de notre huile ou de notre poudre anti-rupture. Le tuyau doit ensuite \u00eatre pouss\u00e9 sur la douille par des mouvements de torsion ou de vissage, sans charger la douille par des mouvements de haut en bas. En raison des propri\u00e9t\u00e9s du mat\u00e9riau acrylique, il faut \u00e9viter \u00e0 tout prix d'exercer une pression ou un effet de levier.<\/p>\n<p>&nbsp;<\/p>","protected":false},"excerpt":{"rendered":"<p>Quantit\u00e9 : 1 pi\u00e8ce Dimensions : 32mm (diam\u00e8tre int\u00e9rieur), 40x10mm (dimensions ext\u00e9rieures) Couleur : transparent Mat\u00e9riau : acrylique Description : Anneau de raccordement de tuyaux en acrylique transparent pour le raccordement de tuyaux en acrylique. Application : Pour le raccordement de tuyaux en acrylique d'un diam\u00e8tre de 32 mm. Remarque : Lorsque vous assemblez les tuyaux, veuillez tenir compte des points suivants : Si le tuyau est tr\u00e8s difficile \u00e0 placer sur la douille de connexion,","protected":false},"featured_media":4890,"comment_status":"open","ping_status":"closed","template":"","meta":{"_acf_changed":false,"content-type":"","_monsterinsights_skip_tracking":false,"_monsterinsights_sitenote_active":false,"_monsterinsights_sitenote_note":"","_monsterinsights_sitenote_category":0},"product_brand":[],"product_cat":[345],"product_tag":[],"class_list":{"0":"post-4736","1":"product","2":"type-product","3":"status-publish","4":"has-post-thumbnail","6":"product_cat-pipe-connectors","8":"first","9":"instock","10":"taxable","11":"shipping-taxable","12":"purchasable","13":"product-type-simple"},"acf":[],"aioseo_notices":[],"jetpack_sharing_enabled":true,"_links":{"self":[{"href":"https:\/\/antcube.shop\/fr\/wp-json\/wp\/v2\/product\/4736","targetHints":{"allow":["GET"]}}],"collection":[{"href":"https:\/\/antcube.shop\/fr\/wp-json\/wp\/v2\/product"}],"about":[{"href":"https:\/\/antcube.shop\/fr\/wp-json\/wp\/v2\/types\/product"}],"replies":[{"embeddable":true,"href":"https:\/\/antcube.shop\/fr\/wp-json\/wp\/v2\/comments?post=4736"}],"wp:featuredmedia":[{"embeddable":true,"href":"https:\/\/antcube.shop\/fr\/wp-json\/wp\/v2\/media\/4890"}],"wp:attachment":[{"href":"https:\/\/antcube.shop\/fr\/wp-json\/wp\/v2\/media?parent=4736"}],"wp:term":[{"taxonomy":"product_brand","embeddable":true,"href":"https:\/\/antcube.shop\/fr\/wp-json\/wp\/v2\/product_brand?post=4736"},{"taxonomy":"product_cat","embeddable":true,"href":"https:\/\/antcube.shop\/fr\/wp-json\/wp\/v2\/product_cat?post=4736"},{"taxonomy":"product_tag","embeddable":true,"href":"https:\/\/antcube.shop\/fr\/wp-json\/wp\/v2\/product_tag?post=4736"}],"curies":[{"name":"wp","href":"https:\/\/api.w.org\/{rel}","templated":true}]}}