{"id":4725,"date":"2022-11-14T15:02:22","date_gmt":"2022-11-14T14:02:22","guid":{"rendered":"https:\/\/antcube.shop\/produkt\/rohrverbinder-glasklar-fur-50mm-t\/"},"modified":"2026-03-26T18:04:54","modified_gmt":"2026-03-26T17:04:54","slug":"rohrverbinder-glasklar-fur-50mm-t","status":"publish","type":"product","link":"https:\/\/antcube.shop\/fr\/produit\/rohrverbinder-glasklar-fur-50mm-t\/","title":{"rendered":"Connecteur de tube transparent pour 50mm - T"},"content":{"rendered":"<p><strong>Dimensions (LxlxH) :<\/strong><br \/>\n<strong>Diam\u00e8tre int\u00e9rieur :<\/strong> 50 mm<\/p>\n<p><strong>Mat\u00e9riau :<\/strong> Acrylique<\/p>\n<p><strong>Couleur :<\/strong> Incolore\/Transparent\/Clair<\/p>\n<p><strong>Contenu :<\/strong> 1pcs.<\/p>\n<p><strong>Sp\u00e9cifications techniques :<\/strong><br \/>\nRaccord de tuyau en forme de T acrylique diam\u00e8tre 60mm pour tuyau de 50mm.<\/p>\n<p><strong>Description :<\/strong><br \/>\nRaccord de tuyau en acrylique transparent pour connecter des tuyaux en acrylique.<\/p>\n<p><strong>Avis :<\/strong><br \/>\nLors de l'assemblage des tuyaux, veuillez noter ce qui suit :<br \/>\nEn raison des propri\u00e9t\u00e9s du mat\u00e9riau acrylique, il faut \u00e0 tout prix \u00e9viter d'exercer une pression ou un effet de levier. Si la connexion est difficile, effectuez des mouvements de torsion prudents et appliquez un peu d'huile anti-rupture si n\u00e9cessaire.<\/p>","protected":false},"excerpt":{"rendered":"<p>Dimensions (LxlxH) : Diam\u00e8tre int\u00e9rieur : 50mm Mat\u00e9riau : Acrylique Couleur : Incolore\/Transparent\/Clair Contenu : 1pcs. Sp\u00e9cifications techniques : Raccord de tuyau en forme de T acrylique diam\u00e8tre 60mm pour tuyau de 50mm. Description : Raccord de tuyau en acrylique transparent pour connecter des tuyaux en acrylique. Remarque : Lors de l'assemblage des tuyaux, veuillez noter les points suivants : En raison des propri\u00e9t\u00e9s du mat\u00e9riau de l'acrylique, la pression et la force de levier doivent \u00eatre","protected":false},"featured_media":4927,"comment_status":"open","ping_status":"closed","template":"","meta":{"_acf_changed":false,"content-type":"","_monsterinsights_skip_tracking":false,"_monsterinsights_sitenote_active":false,"_monsterinsights_sitenote_note":"","_monsterinsights_sitenote_category":0},"product_brand":[],"product_cat":[345],"product_tag":[],"class_list":{"0":"post-4725","1":"product","2":"type-product","3":"status-publish","4":"has-post-thumbnail","6":"product_cat-pipe-connectors","8":"first","9":"instock","10":"taxable","11":"shipping-taxable","12":"purchasable","13":"product-type-simple"},"acf":[],"aioseo_notices":[],"jetpack_sharing_enabled":true,"_links":{"self":[{"href":"https:\/\/antcube.shop\/fr\/wp-json\/wp\/v2\/product\/4725","targetHints":{"allow":["GET"]}}],"collection":[{"href":"https:\/\/antcube.shop\/fr\/wp-json\/wp\/v2\/product"}],"about":[{"href":"https:\/\/antcube.shop\/fr\/wp-json\/wp\/v2\/types\/product"}],"replies":[{"embeddable":true,"href":"https:\/\/antcube.shop\/fr\/wp-json\/wp\/v2\/comments?post=4725"}],"wp:featuredmedia":[{"embeddable":true,"href":"https:\/\/antcube.shop\/fr\/wp-json\/wp\/v2\/media\/4927"}],"wp:attachment":[{"href":"https:\/\/antcube.shop\/fr\/wp-json\/wp\/v2\/media?parent=4725"}],"wp:term":[{"taxonomy":"product_brand","embeddable":true,"href":"https:\/\/antcube.shop\/fr\/wp-json\/wp\/v2\/product_brand?post=4725"},{"taxonomy":"product_cat","embeddable":true,"href":"https:\/\/antcube.shop\/fr\/wp-json\/wp\/v2\/product_cat?post=4725"},{"taxonomy":"product_tag","embeddable":true,"href":"https:\/\/antcube.shop\/fr\/wp-json\/wp\/v2\/product_tag?post=4725"}],"curies":[{"name":"wp","href":"https:\/\/api.w.org\/{rel}","templated":true}]}}