{"id":4720,"date":"2022-11-14T15:01:00","date_gmt":"2022-11-14T14:01:00","guid":{"rendered":"https:\/\/antcube.shop\/produkt\/formicarium-schraubbuchse-fur-50mm-bohrung-transparent\/"},"modified":"2025-10-19T12:40:25","modified_gmt":"2025-10-19T10:40:25","slug":"formicarium-schraubbuchse-fur-50mm-bohrung-transparent","status":"publish","type":"product","link":"https:\/\/antcube.shop\/fr\/produit\/formicarium-schraubbuchse-fur-50mm-bohrung-transparent\/","title":{"rendered":"Douille \u00e0 vis Formicarium pour trou de 50mm - transparent"},"content":{"rendered":"<p><strong>Contenu :<\/strong> 1 pi\u00e8ce.<\/p>\n<p><strong>Dimensions :<\/strong> 68 x 68 x 46 mm (socle de 49 mm)<\/p>\n<p><strong>Mat\u00e9riau :<\/strong> Plastique<\/p>\n<p><strong>Couleur :<\/strong> Transparent<\/p>\n<p><strong>Description :<\/strong><br \/>\nCet article est un connecteur de tube pelvien.<br \/>\nA propos des connecteurs de tubes assortis 50mm, vous pouvez connecter plus de tubes 50mm ou plus de Formicarien avec ce connecteur de tubes pelviens.<br \/>\nIl est \u00e9galement possible de connecter en option un tube de 60 mm (60\/56 mm) via la bague d'\u00e9tanch\u00e9it\u00e9 pour 50 mm.<br \/>\nOu bien, dans le cas d'un couvercle, on peut utiliser des prises en porcelaine adapt\u00e9es aux appareils d'\u00e9clairage.<\/p>\n<p><strong>Avis :<\/strong><br \/>\nComme le diam\u00e8tre de cette prise n'est que de 49 mm au lieu de 50 mm, vous avez besoin des bagues d'\u00e9tanch\u00e9it\u00e9 ou d'un enroulement du film adh\u00e9sif cristal clair pour atteindre le diam\u00e8tre de 50 mm afin d'obtenir une connexion \u00e9tanche.<\/p>","protected":false},"excerpt":{"rendered":"<p>Contenu : 1 pi\u00e8ce. Dimensions : 68 x 68 x 46 mm (douille de 49 mm) Mat\u00e9riau : Plastique Couleur : Transparent Description : Cet article est un connecteur de tube pelvien. A propos des connecteurs de tubes assortis 50mm, vous pouvez connecter plus de tubes 50mm ou plus de Formicarien avec ce connecteur de tube pelvien. Il est \u00e9galement possible, en option, de connecter un tube de 60mm (60\/56mm) via","protected":false},"featured_media":4924,"comment_status":"open","ping_status":"closed","template":"","meta":{"_acf_changed":false,"content-type":"","_monsterinsights_skip_tracking":false,"_monsterinsights_sitenote_active":false,"_monsterinsights_sitenote_note":"","_monsterinsights_sitenote_category":0},"product_brand":[],"product_cat":[345],"product_tag":[],"class_list":{"0":"post-4720","1":"product","2":"type-product","3":"status-publish","4":"has-post-thumbnail","6":"product_cat-pipe-connectors","8":"first","9":"outofstock","10":"taxable","11":"shipping-taxable","12":"purchasable","13":"product-type-simple"},"acf":[],"aioseo_notices":[],"jetpack_sharing_enabled":true,"_links":{"self":[{"href":"https:\/\/antcube.shop\/fr\/wp-json\/wp\/v2\/product\/4720","targetHints":{"allow":["GET"]}}],"collection":[{"href":"https:\/\/antcube.shop\/fr\/wp-json\/wp\/v2\/product"}],"about":[{"href":"https:\/\/antcube.shop\/fr\/wp-json\/wp\/v2\/types\/product"}],"replies":[{"embeddable":true,"href":"https:\/\/antcube.shop\/fr\/wp-json\/wp\/v2\/comments?post=4720"}],"wp:featuredmedia":[{"embeddable":true,"href":"https:\/\/antcube.shop\/fr\/wp-json\/wp\/v2\/media\/4924"}],"wp:attachment":[{"href":"https:\/\/antcube.shop\/fr\/wp-json\/wp\/v2\/media?parent=4720"}],"wp:term":[{"taxonomy":"product_brand","embeddable":true,"href":"https:\/\/antcube.shop\/fr\/wp-json\/wp\/v2\/product_brand?post=4720"},{"taxonomy":"product_cat","embeddable":true,"href":"https:\/\/antcube.shop\/fr\/wp-json\/wp\/v2\/product_cat?post=4720"},{"taxonomy":"product_tag","embeddable":true,"href":"https:\/\/antcube.shop\/fr\/wp-json\/wp\/v2\/product_tag?post=4720"}],"curies":[{"name":"wp","href":"https:\/\/api.w.org\/{rel}","templated":true}]}}