{"id":4717,"date":"2022-11-14T15:00:13","date_gmt":"2022-11-14T14:00:13","guid":{"rendered":"https:\/\/antcube.shop\/produkt\/dschungelliane-o-15-mm\/"},"modified":"2026-03-30T10:29:26","modified_gmt":"2026-03-30T08:29:26","slug":"dschungelliane-o-15-mm","status":"publish","type":"product","link":"https:\/\/antcube.shop\/fr\/produit\/dschungelliane-o-15-mm\/","title":{"rendered":"Lianes de la jungle - \u00d8 15 mm"},"content":{"rendered":"<p><strong>Description :<\/strong><br \/>\nCette liane \u00e0 l'aspect naturel fournit un excellent support, de plus elle est tr\u00e8s flexible et rotative. Elle est donc id\u00e9ale pour les esp\u00e8ces de fourmis vivant dans les arbres et comme aide \u00e0 l'escalade dans les tubes acryliques et les formicariums. L'utilisation d'une liane permet de cr\u00e9er un habitat en trois dimensions qui offre plus d'espace pour les mouvements. En outre, les lianes sont faciles \u00e0 nettoyer gr\u00e2ce \u00e0 leur mat\u00e9riau hydrofuge.<\/p>\n<p><strong>Dimensions :<\/strong><br \/>\n200 x 1,5 x 1,5 cm<\/p>","protected":false},"excerpt":{"rendered":"<p>Taille : 200 x 1,5 x 1,5 cm<\/p>","protected":false},"featured_media":4940,"comment_status":"open","ping_status":"closed","template":"","meta":{"_acf_changed":false,"content-type":"","_monsterinsights_skip_tracking":false,"_monsterinsights_sitenote_active":false,"_monsterinsights_sitenote_note":"","_monsterinsights_sitenote_category":0},"product_brand":[],"product_cat":[95,98,100],"product_tag":[],"class_list":{"0":"post-4717","1":"product","2":"type-product","3":"status-publish","4":"has-post-thumbnail","6":"product_cat-accessories-for-ants","7":"product_cat-decoration","8":"product_cat-rainforest","10":"first","11":"instock","12":"taxable","13":"shipping-taxable","14":"purchasable","15":"product-type-simple"},"acf":[],"aioseo_notices":[],"jetpack_sharing_enabled":true,"_links":{"self":[{"href":"https:\/\/antcube.shop\/fr\/wp-json\/wp\/v2\/product\/4717","targetHints":{"allow":["GET"]}}],"collection":[{"href":"https:\/\/antcube.shop\/fr\/wp-json\/wp\/v2\/product"}],"about":[{"href":"https:\/\/antcube.shop\/fr\/wp-json\/wp\/v2\/types\/product"}],"replies":[{"embeddable":true,"href":"https:\/\/antcube.shop\/fr\/wp-json\/wp\/v2\/comments?post=4717"}],"wp:featuredmedia":[{"embeddable":true,"href":"https:\/\/antcube.shop\/fr\/wp-json\/wp\/v2\/media\/4940"}],"wp:attachment":[{"href":"https:\/\/antcube.shop\/fr\/wp-json\/wp\/v2\/media?parent=4717"}],"wp:term":[{"taxonomy":"product_brand","embeddable":true,"href":"https:\/\/antcube.shop\/fr\/wp-json\/wp\/v2\/product_brand?post=4717"},{"taxonomy":"product_cat","embeddable":true,"href":"https:\/\/antcube.shop\/fr\/wp-json\/wp\/v2\/product_cat?post=4717"},{"taxonomy":"product_tag","embeddable":true,"href":"https:\/\/antcube.shop\/fr\/wp-json\/wp\/v2\/product_tag?post=4717"}],"curies":[{"name":"wp","href":"https:\/\/api.w.org\/{rel}","templated":true}]}}