{"id":4716,"date":"2022-11-14T14:59:57","date_gmt":"2022-11-14T13:59:57","guid":{"rendered":"https:\/\/antcube.shop\/produkt\/gittereinsatz-acryl-50-mm-klar-fein\/"},"modified":"2026-04-13T10:49:01","modified_gmt":"2026-04-13T08:49:01","slug":"gittereinsatz-acryl-50-mm-klar-fein","status":"publish","type":"product","link":"https:\/\/antcube.shop\/fr\/produit\/gittereinsatz-acryl-50-mm-klar-fein\/","title":{"rendered":"Grille d'insertion acrylique 50 mm - transparente - fine"},"content":{"rendered":"<p><strong>Quantit\u00e9 :<\/strong> 1 pi\u00e8ce<\/p>\n<p><strong>Dimensions :<\/strong> 60x10mm<\/p>\n<p><strong>Couleur :<\/strong> clair<\/p>\n<p><strong>Mat\u00e9riau :<\/strong> plastique, acier inoxydable<\/p>\n<p><strong>Description :<\/strong> Grille d'a\u00e9ration de 50 mm de diam\u00e8tre \u00e0 enficher pour fermer les ouvertures de 50 mm de diam\u00e8tre. Contient l'article : \"Grille d'insertion acrylique 50 mm - transparente\" combin\u00e9 \u00e0 une grille en acier inoxydable tr\u00e8s fine et tr\u00e8s robuste (0,2-0,3 mm), qui emp\u00eache m\u00eame les petites fourmis de sortir par les larges fentes d'a\u00e9ration de la grille d'insertion. Convient \u00e9galement aux esp\u00e8ces \u00e0 morsure tr\u00e8s forte comme les fourmis coupeuses de feuilles !<\/p>","protected":false},"excerpt":{"rendered":"<p>Pour les trous\/ouvertures de 50 mm de diam\u00e8tre.<\/p>","protected":false},"featured_media":4809,"comment_status":"open","ping_status":"closed","template":"","meta":{"_acf_changed":false,"content-type":"","_monsterinsights_skip_tracking":false,"_monsterinsights_sitenote_active":false,"_monsterinsights_sitenote_note":"","_monsterinsights_sitenote_category":0},"product_brand":[],"product_cat":[238],"product_tag":[],"class_list":{"0":"post-4716","1":"product","2":"type-product","3":"status-publish","4":"has-post-thumbnail","6":"product_cat-grid-caps-plugs-and-inserts","8":"first","9":"instock","10":"taxable","11":"shipping-taxable","12":"purchasable","13":"product-type-simple"},"acf":[],"aioseo_notices":[],"jetpack_sharing_enabled":true,"_links":{"self":[{"href":"https:\/\/antcube.shop\/fr\/wp-json\/wp\/v2\/product\/4716","targetHints":{"allow":["GET"]}}],"collection":[{"href":"https:\/\/antcube.shop\/fr\/wp-json\/wp\/v2\/product"}],"about":[{"href":"https:\/\/antcube.shop\/fr\/wp-json\/wp\/v2\/types\/product"}],"replies":[{"embeddable":true,"href":"https:\/\/antcube.shop\/fr\/wp-json\/wp\/v2\/comments?post=4716"}],"wp:featuredmedia":[{"embeddable":true,"href":"https:\/\/antcube.shop\/fr\/wp-json\/wp\/v2\/media\/4809"}],"wp:attachment":[{"href":"https:\/\/antcube.shop\/fr\/wp-json\/wp\/v2\/media?parent=4716"}],"wp:term":[{"taxonomy":"product_brand","embeddable":true,"href":"https:\/\/antcube.shop\/fr\/wp-json\/wp\/v2\/product_brand?post=4716"},{"taxonomy":"product_cat","embeddable":true,"href":"https:\/\/antcube.shop\/fr\/wp-json\/wp\/v2\/product_cat?post=4716"},{"taxonomy":"product_tag","embeddable":true,"href":"https:\/\/antcube.shop\/fr\/wp-json\/wp\/v2\/product_tag?post=4716"}],"curies":[{"name":"wp","href":"https:\/\/api.w.org\/{rel}","templated":true}]}}