{"id":4715,"date":"2022-11-14T14:59:42","date_gmt":"2022-11-14T13:59:42","guid":{"rendered":"https:\/\/antcube.shop\/produkt\/nadelstreu-klein-20g\/"},"modified":"2026-04-20T09:57:24","modified_gmt":"2026-04-20T07:57:24","slug":"nadelstreu-klein-20g","status":"publish","type":"product","link":"https:\/\/antcube.shop\/fr\/produit\/nadelstreu-klein-20g\/","title":{"rendered":"Liti\u00e8re \u00e0 aiguilles - petite - 20g"},"content":{"rendered":"<p><strong>Dimensions (longueur) :<\/strong> 7-12 mm<\/p>\n<p><strong>Mat\u00e9riau :<\/strong> aiguilles de m\u00e9l\u00e8ze. Produit naturel<\/p>\n<p><strong>Couleur :<\/strong> Beige, marron fonc\u00e9, vert<\/p>\n<p><strong>Description :<\/strong> Aiguilles s\u00e9ch\u00e9es \u00e0 des fins de d\u00e9coration.<\/p>\n<p><strong>Note :<\/strong> Selon le degr\u00e9 de s\u00e9chage des aiguilles, celles-ci peuvent avoir une coloration verte, beige ou brune \u00e0 brun fonc\u00e9. Les aiguilles continueront \u00e0 s\u00e9cher et \u00e0 perdre leur couleur avec le temps, pour atteindre au plus tard une teinte brune.<\/p>","protected":false},"excerpt":{"rendered":"<p><strong>L\u00e4nge : <\/strong>7 -12 mm<\/p>","protected":false},"featured_media":4942,"comment_status":"open","ping_status":"closed","template":"","meta":{"_acf_changed":false,"content-type":"","_monsterinsights_skip_tracking":false,"_monsterinsights_sitenote_active":false,"_monsterinsights_sitenote_note":"","_monsterinsights_sitenote_category":0},"product_brand":[],"product_cat":[95,98,101],"product_tag":[],"class_list":{"0":"post-4715","1":"product","2":"type-product","3":"status-publish","4":"has-post-thumbnail","6":"product_cat-accessories-for-ants","7":"product_cat-decoration","8":"product_cat-forest","10":"first","11":"instock","12":"taxable","13":"shipping-taxable","14":"purchasable","15":"product-type-simple"},"acf":[],"aioseo_notices":[],"jetpack_sharing_enabled":true,"_links":{"self":[{"href":"https:\/\/antcube.shop\/fr\/wp-json\/wp\/v2\/product\/4715","targetHints":{"allow":["GET"]}}],"collection":[{"href":"https:\/\/antcube.shop\/fr\/wp-json\/wp\/v2\/product"}],"about":[{"href":"https:\/\/antcube.shop\/fr\/wp-json\/wp\/v2\/types\/product"}],"replies":[{"embeddable":true,"href":"https:\/\/antcube.shop\/fr\/wp-json\/wp\/v2\/comments?post=4715"}],"wp:featuredmedia":[{"embeddable":true,"href":"https:\/\/antcube.shop\/fr\/wp-json\/wp\/v2\/media\/4942"}],"wp:attachment":[{"href":"https:\/\/antcube.shop\/fr\/wp-json\/wp\/v2\/media?parent=4715"}],"wp:term":[{"taxonomy":"product_brand","embeddable":true,"href":"https:\/\/antcube.shop\/fr\/wp-json\/wp\/v2\/product_brand?post=4715"},{"taxonomy":"product_cat","embeddable":true,"href":"https:\/\/antcube.shop\/fr\/wp-json\/wp\/v2\/product_cat?post=4715"},{"taxonomy":"product_tag","embeddable":true,"href":"https:\/\/antcube.shop\/fr\/wp-json\/wp\/v2\/product_tag?post=4715"}],"curies":[{"name":"wp","href":"https:\/\/api.w.org\/{rel}","templated":true}]}}