{"id":4714,"date":"2022-11-14T14:59:26","date_gmt":"2022-11-14T13:59:26","guid":{"rendered":"https:\/\/antcube.shop\/produkt\/fichtennadeln-100g\/"},"modified":"2026-04-01T13:27:54","modified_gmt":"2026-04-01T11:27:54","slug":"fichtennadeln-100g","status":"publish","type":"product","link":"https:\/\/antcube.shop\/fr\/produit\/fichtennadeln-100g\/","title":{"rendered":"Aiguilles d'\u00e9pic\u00e9a 100g"},"content":{"rendered":"<p><strong>Longueur :<\/strong> 2cm<\/p>\n<p><strong>Description :<\/strong> les aiguilles ont \u00e9t\u00e9 nettoy\u00e9es et sont exemptes de substances nocives, elles peuvent donc \u00eatre utilis\u00e9es imm\u00e9diatement pour la d\u00e9coration.<\/p>\n<p><strong>Note :<\/strong> Selon le degr\u00e9 de s\u00e9chage des aiguilles, celles-ci peuvent avoir une coloration verte, beige ou brune \u00e0 brun fonc\u00e9. Les aiguilles continueront \u00e0 s\u00e9cher et \u00e0 perdre leur couleur au fil du temps pour atteindre au plus tard un ton brun.<\/p>","protected":false},"excerpt":{"rendered":"<p>longueur : 2cm<\/p>","protected":false},"featured_media":4947,"comment_status":"open","ping_status":"closed","template":"","meta":{"_acf_changed":false,"content-type":"","_monsterinsights_skip_tracking":false,"_monsterinsights_sitenote_active":false,"_monsterinsights_sitenote_note":"","_monsterinsights_sitenote_category":0},"product_brand":[],"product_cat":[95,98,101],"product_tag":[],"class_list":{"0":"post-4714","1":"product","2":"type-product","3":"status-publish","4":"has-post-thumbnail","6":"product_cat-accessories-for-ants","7":"product_cat-decoration","8":"product_cat-forest","10":"first","11":"instock","12":"taxable","13":"shipping-taxable","14":"purchasable","15":"product-type-simple"},"acf":[],"aioseo_notices":[],"jetpack_sharing_enabled":true,"_links":{"self":[{"href":"https:\/\/antcube.shop\/fr\/wp-json\/wp\/v2\/product\/4714","targetHints":{"allow":["GET"]}}],"collection":[{"href":"https:\/\/antcube.shop\/fr\/wp-json\/wp\/v2\/product"}],"about":[{"href":"https:\/\/antcube.shop\/fr\/wp-json\/wp\/v2\/types\/product"}],"replies":[{"embeddable":true,"href":"https:\/\/antcube.shop\/fr\/wp-json\/wp\/v2\/comments?post=4714"}],"wp:featuredmedia":[{"embeddable":true,"href":"https:\/\/antcube.shop\/fr\/wp-json\/wp\/v2\/media\/4947"}],"wp:attachment":[{"href":"https:\/\/antcube.shop\/fr\/wp-json\/wp\/v2\/media?parent=4714"}],"wp:term":[{"taxonomy":"product_brand","embeddable":true,"href":"https:\/\/antcube.shop\/fr\/wp-json\/wp\/v2\/product_brand?post=4714"},{"taxonomy":"product_cat","embeddable":true,"href":"https:\/\/antcube.shop\/fr\/wp-json\/wp\/v2\/product_cat?post=4714"},{"taxonomy":"product_tag","embeddable":true,"href":"https:\/\/antcube.shop\/fr\/wp-json\/wp\/v2\/product_tag?post=4714"}],"curies":[{"name":"wp","href":"https:\/\/api.w.org\/{rel}","templated":true}]}}