{"id":4712,"date":"2022-11-14T14:58:33","date_gmt":"2022-11-14T13:58:33","guid":{"rendered":"https:\/\/antcube.shop\/produkt\/humus-ziegel-brick-650g-ergibt-8-9l\/"},"modified":"2026-04-22T11:12:37","modified_gmt":"2026-04-22T09:12:37","slug":"humus-ziegel-brick-650g-ergibt-8-9l","status":"publish","type":"product","link":"https:\/\/antcube.shop\/fr\/produit\/humus-ziegel-brick-650g-ergibt-8-9l\/","title":{"rendered":"Brique d'humus 650g - ce qui donne 8-9l"},"content":{"rendered":"<p><strong>Contenu \/ volume :<\/strong> 650g font 8-10 litres.<\/p>\n<p><strong>Description :<\/strong> L'humus Formicarium est compos\u00e9 d'humus naturel en fibre de noix de coco qui a \u00e9t\u00e9 comprim\u00e9 sous forme de brique. Lorsqu'elle est combin\u00e9e \u00e0 de l'eau, la brique d'humus gonfle jusqu'\u00e0 environ 8 \u00e0 10 fois son volume. Cet humus de formicarium creusable est excellent pour les fourmis des r\u00e9gions tropicales et peut \u00eatre utilis\u00e9 aussi bien sec qu'humide. L'humus de formicarium est un produit naturel pur, garanti exempt de tout produit chimique, pesticide et engrais et 100% compostable.<\/p>\n<p>- 100% fabriqu\u00e9 \u00e0 partir de mati\u00e8res premi\u00e8res renouvelables d'origine v\u00e9g\u00e9tale<br \/>\n- haute absorption<br \/>\n- grande capacit\u00e9 de stockage de l'eau<\/p>\n<p><strong>Instructions :<\/strong> Faites tremper la brique dans 4-5 litres d'eau chaude dans un r\u00e9cipient pendant environ 20-30 minutes. Si la brique n'est pas encore compl\u00e8tement dissoute, cassez le reste \u00e0 la main. Pressez l'exc\u00e8s d'eau de l'humus si n\u00e9cessaire.<\/p>","protected":false},"excerpt":{"rendered":"<p>Contenu \/ volume : 650g donnent 8-10 litres. Description : L'humus Formicarium est compos\u00e9 d'humus naturel en fibre de noix de coco qui a \u00e9t\u00e9 comprim\u00e9 en une brique. Lorsqu'elle est combin\u00e9e \u00e0 de l'eau, la brique d'humus gonfle pour atteindre environ 8 \u00e0 10 fois son volume. Cet humus pour formicarium, qui peut \u00eatre creus\u00e9, est excellent pour les fourmis des r\u00e9gions tropicales et peut \u00eatre utilis\u00e9 \u00e0 sec.","protected":false},"featured_media":4811,"comment_status":"open","ping_status":"closed","template":"","meta":{"_acf_changed":false,"content-type":"","_monsterinsights_skip_tracking":false,"_monsterinsights_sitenote_active":false,"_monsterinsights_sitenote_note":"","_monsterinsights_sitenote_category":0},"product_brand":[],"product_cat":[96],"product_tag":[],"class_list":{"0":"post-4712","1":"product","2":"type-product","3":"status-publish","4":"has-post-thumbnail","6":"product_cat-soil","8":"first","9":"instock","10":"taxable","11":"shipping-taxable","12":"purchasable","13":"product-type-simple"},"acf":[],"aioseo_notices":[],"jetpack_sharing_enabled":true,"_links":{"self":[{"href":"https:\/\/antcube.shop\/fr\/wp-json\/wp\/v2\/product\/4712","targetHints":{"allow":["GET"]}}],"collection":[{"href":"https:\/\/antcube.shop\/fr\/wp-json\/wp\/v2\/product"}],"about":[{"href":"https:\/\/antcube.shop\/fr\/wp-json\/wp\/v2\/types\/product"}],"replies":[{"embeddable":true,"href":"https:\/\/antcube.shop\/fr\/wp-json\/wp\/v2\/comments?post=4712"}],"wp:featuredmedia":[{"embeddable":true,"href":"https:\/\/antcube.shop\/fr\/wp-json\/wp\/v2\/media\/4811"}],"wp:attachment":[{"href":"https:\/\/antcube.shop\/fr\/wp-json\/wp\/v2\/media?parent=4712"}],"wp:term":[{"taxonomy":"product_brand","embeddable":true,"href":"https:\/\/antcube.shop\/fr\/wp-json\/wp\/v2\/product_brand?post=4712"},{"taxonomy":"product_cat","embeddable":true,"href":"https:\/\/antcube.shop\/fr\/wp-json\/wp\/v2\/product_cat?post=4712"},{"taxonomy":"product_tag","embeddable":true,"href":"https:\/\/antcube.shop\/fr\/wp-json\/wp\/v2\/product_tag?post=4712"}],"curies":[{"name":"wp","href":"https:\/\/api.w.org\/{rel}","templated":true}]}}