{"id":4711,"date":"2022-11-14T14:58:17","date_gmt":"2022-11-14T13:58:17","guid":{"rendered":"https:\/\/antcube.shop\/produkt\/bodengrund-sand-lehm-rot-1000g\/"},"modified":"2026-04-10T20:15:22","modified_gmt":"2026-04-10T18:15:22","slug":"bodengrund-sand-lehm-rot-1000g","status":"publish","type":"product","link":"https:\/\/antcube.shop\/fr\/produit\/bodengrund-sand-lehm-rot-1000g\/","title":{"rendered":"Substrat - Sand-Loam rouge - 1000g"},"content":{"rendered":"<p><strong>Contenu :<\/strong> 1000g<\/p>\n<p><strong>Mat\u00e9riau :<\/strong> sable, argile<\/p>\n<p><strong>Couleur :<\/strong> rouge<\/p>\n<p><strong>Rapport de m\u00e9lange :<\/strong> diggable<\/p>\n<p><strong>Description :<\/strong> Ce m\u00e9lange sable-argile pr\u00eat \u00e0 l'emploi est un produit naturel pur. La coloration et la r\u00e9sistance sont dues \u00e0 la terre argileuse naturelle, qui est inoffensive pour les animaux.<\/p>\n<p><strong>Application :<\/strong> sol creusable, peut \u00eatre utilis\u00e9 pour le nid et l'ar\u00e8ne !<\/p>\n<p><strong>Note :<\/strong> Comme il s'agit d'un produit purement naturel, il peut y avoir de petites diff\u00e9rences de couleur et de structure que nous ne pouvons pas influencer.<\/p>\n<p><strong>Important :<\/strong> Veuillez humidifier le substrat avant de l'utiliser, afin que le m\u00e9lange puisse se combiner et se d\u00e9velopper fermement dans la fourmili\u00e8re. En outre, un substrat trop sec et poussi\u00e9reux peut entra\u00eener l'obstruction des voies respiratoires des fourmis et, dans le pire des cas, la suffocation des animaux.<\/p>","protected":false},"excerpt":{"rendered":"<p>Substrat naturel - creusable<\/p>","protected":false},"featured_media":5722,"comment_status":"open","ping_status":"closed","template":"","meta":{"_acf_changed":false,"content-type":"","_monsterinsights_skip_tracking":false,"_monsterinsights_sitenote_active":false,"_monsterinsights_sitenote_note":"","_monsterinsights_sitenote_category":0},"product_brand":[],"product_cat":[95,96],"product_tag":[],"class_list":{"0":"post-4711","1":"product","2":"type-product","3":"status-publish","4":"has-post-thumbnail","6":"product_cat-accessories-for-ants","7":"product_cat-soil","9":"first","10":"instock","11":"taxable","12":"shipping-taxable","13":"purchasable","14":"product-type-simple"},"acf":[],"aioseo_notices":[],"jetpack_sharing_enabled":true,"_links":{"self":[{"href":"https:\/\/antcube.shop\/fr\/wp-json\/wp\/v2\/product\/4711","targetHints":{"allow":["GET"]}}],"collection":[{"href":"https:\/\/antcube.shop\/fr\/wp-json\/wp\/v2\/product"}],"about":[{"href":"https:\/\/antcube.shop\/fr\/wp-json\/wp\/v2\/types\/product"}],"replies":[{"embeddable":true,"href":"https:\/\/antcube.shop\/fr\/wp-json\/wp\/v2\/comments?post=4711"}],"wp:featuredmedia":[{"embeddable":true,"href":"https:\/\/antcube.shop\/fr\/wp-json\/wp\/v2\/media\/5722"}],"wp:attachment":[{"href":"https:\/\/antcube.shop\/fr\/wp-json\/wp\/v2\/media?parent=4711"}],"wp:term":[{"taxonomy":"product_brand","embeddable":true,"href":"https:\/\/antcube.shop\/fr\/wp-json\/wp\/v2\/product_brand?post=4711"},{"taxonomy":"product_cat","embeddable":true,"href":"https:\/\/antcube.shop\/fr\/wp-json\/wp\/v2\/product_cat?post=4711"},{"taxonomy":"product_tag","embeddable":true,"href":"https:\/\/antcube.shop\/fr\/wp-json\/wp\/v2\/product_tag?post=4711"}],"curies":[{"name":"wp","href":"https:\/\/api.w.org\/{rel}","templated":true}]}}