{"id":4703,"date":"2022-11-14T14:55:51","date_gmt":"2022-11-14T13:55:51","guid":{"rendered":"https:\/\/antcube.shop\/produkt\/antcube-ameisenarenaeinsatz-m-20x20\/"},"modified":"2026-04-06T14:53:09","modified_gmt":"2026-04-06T12:53:09","slug":"antcube-ameisenarenaeinsatz-m-20x20","status":"publish","type":"product","link":"https:\/\/antcube.shop\/fr\/produit\/antcube-ameisenarenaeinsatz-m-20x20\/","title":{"rendered":"ANTCUBE ant arena insert - M - 20\u00d720"},"content":{"rendered":"<p><strong>Dimensions :<\/strong><br \/>\next\u00e9rieur : 190 x 18 x 176mm<br \/>\nint\u00e9rieur : 184 x 10 x 169 mm<\/p>\n<p><strong>Mat\u00e9riau :<\/strong> verre flott\u00e9<\/p>\n<p><strong>Couleur :<\/strong> transparent<\/p>\n<p><strong>Contenu :<\/strong><br \/>\n1x insert pour fourmili\u00e8re<br \/>\n1x couvercle<br \/>\n1x points de fixation 2 pcs.<\/p>\n<p><strong>Description :<\/strong><br \/>\nCet insert de nid peut \u00eatre plac\u00e9 \u00e0 l'int\u00e9rieur d'une fourmili\u00e8re ANTCUBE et rempli d'un mat\u00e9riau adapt\u00e9 au creusement (par exemple, un m\u00e9lange sable-argile ou Digfix). La particularit\u00e9 de cet insert est qu'il peut \u00eatre facilement retir\u00e9 de l'ar\u00e8ne, par exemple pour passer l'hiver avec les fourmis. Pour l'entr\u00e9e et la sortie et pour la ventilation, il y a deux trous de 10 mm dans la partie inf\u00e9rieure. Pour l'hivernage, ils peuvent \u00eatre ferm\u00e9s avec des bouchons de 10 mm. <strong>(ceux-ci ne sont pas inclus)<\/strong>.<\/p>\n<p><strong>Note :<\/strong> Le verre est coup\u00e9 selon la norme DIN 1249 avec une tol\u00e9rance de +\/- 1mm. Pour les esp\u00e8ces de fourmis extr\u00eamement petites, une protection suppl\u00e9mentaire contre la casse est indispensable.<\/p>\n<p>&nbsp;<\/p>","protected":false},"excerpt":{"rendered":"<p>Taille : <span style=\"color: #008000;\"><strong>M<\/strong><\/span><\/p>","protected":false},"featured_media":4996,"comment_status":"open","ping_status":"closed","template":"","meta":{"_acf_changed":false,"content-type":"","_monsterinsights_skip_tracking":false,"_monsterinsights_sitenote_active":false,"_monsterinsights_sitenote_note":"","_monsterinsights_sitenote_category":0},"product_brand":[],"product_cat":[91,94],"product_tag":[],"class_list":{"0":"post-4703","1":"product","2":"type-product","3":"status-publish","4":"has-post-thumbnail","6":"product_cat-formicarium-modules","7":"product_cat-arena-inset","9":"first","10":"instock","11":"taxable","12":"shipping-taxable","13":"purchasable","14":"product-type-simple"},"acf":[],"aioseo_notices":[],"jetpack_sharing_enabled":true,"_links":{"self":[{"href":"https:\/\/antcube.shop\/fr\/wp-json\/wp\/v2\/product\/4703","targetHints":{"allow":["GET"]}}],"collection":[{"href":"https:\/\/antcube.shop\/fr\/wp-json\/wp\/v2\/product"}],"about":[{"href":"https:\/\/antcube.shop\/fr\/wp-json\/wp\/v2\/types\/product"}],"replies":[{"embeddable":true,"href":"https:\/\/antcube.shop\/fr\/wp-json\/wp\/v2\/comments?post=4703"}],"wp:featuredmedia":[{"embeddable":true,"href":"https:\/\/antcube.shop\/fr\/wp-json\/wp\/v2\/media\/4996"}],"wp:attachment":[{"href":"https:\/\/antcube.shop\/fr\/wp-json\/wp\/v2\/media?parent=4703"}],"wp:term":[{"taxonomy":"product_brand","embeddable":true,"href":"https:\/\/antcube.shop\/fr\/wp-json\/wp\/v2\/product_brand?post=4703"},{"taxonomy":"product_cat","embeddable":true,"href":"https:\/\/antcube.shop\/fr\/wp-json\/wp\/v2\/product_cat?post=4703"},{"taxonomy":"product_tag","embeddable":true,"href":"https:\/\/antcube.shop\/fr\/wp-json\/wp\/v2\/product_tag?post=4703"}],"curies":[{"name":"wp","href":"https:\/\/api.w.org\/{rel}","templated":true}]}}