{"id":4694,"date":"2022-11-14T14:53:29","date_gmt":"2022-11-14T13:53:29","guid":{"rendered":"https:\/\/antcube.shop\/produkt\/antcube-einbauarena-30x30x20\/"},"modified":"2026-04-02T09:54:48","modified_gmt":"2026-04-02T07:54:48","slug":"antcube-einbauarena-30x30x20","status":"publish","type":"product","link":"https:\/\/antcube.shop\/fr\/produit\/antcube-einbauarena-30x30x20\/","title":{"rendered":"ANTCUBE ar\u00e8ne am\u00e9nag\u00e9e 30x30x20"},"content":{"rendered":"<p>ANTCUBE ar\u00e8ne \u00e9quip\u00e9e 30x30x20 cm avec 2x trou de 27mm.<\/p>\n<p><strong>Dimensions :<\/strong> 300 x 300 x 200 mm ; 4 mm d'\u00e9paisseur de verre.<br \/>\n<strong>Mat\u00e9riau :<\/strong> verre flott\u00e9<\/p>\n<p><strong>Connexion :<\/strong> 2 al\u00e9sages de 27 mm<\/p>\n<p><strong>Description :<\/strong> ANTCUBE fitted arena, a \u00e9t\u00e9 d\u00e9velopp\u00e9 pour pouvoir \u00eatre plac\u00e9 confortablement aussi dans des compartiments d'\u00e9tag\u00e8res plus petits. Par exemple, elle s'int\u00e8gre parfaitement dans une \u00e9tag\u00e8re Kallax. Les trous (point central) sont situ\u00e9s sur la face avant (gauche et droite) \u00e0 3cm de hauteur et 3cm de distance du bord ext\u00e9rieur. Gr\u00e2ce \u00e0 la position des trous de 27 mm sur la face avant (et non sur les fen\u00eatres lat\u00e9rales comme d'habitude), vous pouvez facilement ajouter d'autres ar\u00e8nes et fourmili\u00e8res sans perdre de place sur les c\u00f4t\u00e9s, ni bloquer l'acc\u00e8s aux ports. Le couvercle de l'ar\u00e8ne, le cadre de protection contre la casse, les \u00e9l\u00e9ments de connexion comme les connecteurs de tubes ou de tuyaux sont disponibles s\u00e9par\u00e9ment.<\/p>\n<p><strong>Note :<\/strong> Le verre est coup\u00e9 selon la norme DIN 1249 avec une tol\u00e9rance de +\/- 1mm. Pour les esp\u00e8ces de fourmis extr\u00eamement petites, une protection suppl\u00e9mentaire contre la casse est indispensable.<\/p>","protected":false},"excerpt":{"rendered":"<p>Raccordement : 2x al\u00e9sage 27 mm<\/p>","protected":false},"featured_media":5042,"comment_status":"open","ping_status":"closed","template":"","meta":{"_acf_changed":false,"content-type":"","_monsterinsights_skip_tracking":false,"_monsterinsights_sitenote_active":false,"_monsterinsights_sitenote_note":"","_monsterinsights_sitenote_category":0},"product_brand":[],"product_cat":[85,86],"product_tag":[],"class_list":{"0":"post-4694","1":"product","2":"type-product","3":"status-publish","4":"has-post-thumbnail","6":"product_cat-ant-arenas","7":"product_cat-formicariums","9":"first","10":"instock","11":"taxable","12":"shipping-taxable","13":"purchasable","14":"product-type-simple"},"acf":[],"aioseo_notices":[],"jetpack_sharing_enabled":true,"_links":{"self":[{"href":"https:\/\/antcube.shop\/fr\/wp-json\/wp\/v2\/product\/4694","targetHints":{"allow":["GET"]}}],"collection":[{"href":"https:\/\/antcube.shop\/fr\/wp-json\/wp\/v2\/product"}],"about":[{"href":"https:\/\/antcube.shop\/fr\/wp-json\/wp\/v2\/types\/product"}],"replies":[{"embeddable":true,"href":"https:\/\/antcube.shop\/fr\/wp-json\/wp\/v2\/comments?post=4694"}],"wp:featuredmedia":[{"embeddable":true,"href":"https:\/\/antcube.shop\/fr\/wp-json\/wp\/v2\/media\/5042"}],"wp:attachment":[{"href":"https:\/\/antcube.shop\/fr\/wp-json\/wp\/v2\/media?parent=4694"}],"wp:term":[{"taxonomy":"product_brand","embeddable":true,"href":"https:\/\/antcube.shop\/fr\/wp-json\/wp\/v2\/product_brand?post=4694"},{"taxonomy":"product_cat","embeddable":true,"href":"https:\/\/antcube.shop\/fr\/wp-json\/wp\/v2\/product_cat?post=4694"},{"taxonomy":"product_tag","embeddable":true,"href":"https:\/\/antcube.shop\/fr\/wp-json\/wp\/v2\/product_tag?post=4694"}],"curies":[{"name":"wp","href":"https:\/\/api.w.org\/{rel}","templated":true}]}}