{"id":4686,"date":"2022-11-14T14:51:24","date_gmt":"2022-11-14T13:51:24","guid":{"rendered":"https:\/\/antcube.shop\/produkt\/durchgangsregler-32mm\/"},"modified":"2026-04-20T18:29:15","modified_gmt":"2026-04-20T16:29:15","slug":"durchgangsregler-32mm","status":"publish","type":"product","link":"https:\/\/antcube.shop\/fr\/produit\/durchgangsregler-32mm\/","title":{"rendered":"R\u00e9gulateur de passage - 32mm"},"content":{"rendered":"<p><strong>Dimensions (LxlxH) :<\/strong> 73 x 58 x 19 mm<\/p>\n<p><strong>Mat\u00e9riau :<\/strong> Acrylique<\/p>\n<p><strong>Couleur :<\/strong> Incolore \/ transparent \/ clair<\/p>\n<p><strong>Contenu :<\/strong> 1 pi\u00e8ce (compos\u00e9e de 10 pi\u00e8ces individuelles)<\/p>\n<p><strong>Description :<\/strong><br \/>\nLe r\u00e9gulateur de passage est branch\u00e9 sur un tuyau.<br \/>\nLe passage peut \u00eatre ouvert ou ferm\u00e9 \u00e0 la main.<\/p>\n<p><strong>Application :<\/strong><br \/>\nPour connecter des tuyaux acryliques de 32 mm de diam\u00e8tre<\/p>\n<p><strong>Un conseil :<\/strong><br \/>\nLe r\u00e9gulateur de passage doit \u00eatre fermement enfonc\u00e9 dans le tube correspondant. S'il est trop l\u00e2che, le tube peut \u00eatre agrandi \u00e0 l'aide d'un ruban adh\u00e9sif transparent pour assurer un ajustement parfait.<\/p>","protected":false},"excerpt":{"rendered":"<p>Dimensions (LxlxH) : 73 x 58 x 19 mm Mat\u00e9riau : Acrylique Couleur : Incolore \/ transparent \/ clair Contenu : 1 pcs (compos\u00e9 de 10 pi\u00e8ces individuelles) Description : Le r\u00e9gulateur de passage se branche sur un tuyau. Le passage peut \u00eatre ouvert ou ferm\u00e9 \u00e0 la main. Application : Pour raccorder des tuyaux en acrylique de 32 mm de diam\u00e8tre.","protected":false},"featured_media":5074,"comment_status":"open","ping_status":"closed","template":"","meta":{"_acf_changed":false,"content-type":"","_monsterinsights_skip_tracking":false,"_monsterinsights_sitenote_active":false,"_monsterinsights_sitenote_note":"","_monsterinsights_sitenote_category":0},"product_brand":[],"product_cat":[345],"product_tag":[],"class_list":{"0":"post-4686","1":"product","2":"type-product","3":"status-publish","4":"has-post-thumbnail","6":"product_cat-pipe-connectors","8":"first","9":"instock","10":"taxable","11":"shipping-taxable","12":"purchasable","13":"product-type-simple"},"acf":[],"aioseo_notices":[],"jetpack_sharing_enabled":true,"_links":{"self":[{"href":"https:\/\/antcube.shop\/fr\/wp-json\/wp\/v2\/product\/4686","targetHints":{"allow":["GET"]}}],"collection":[{"href":"https:\/\/antcube.shop\/fr\/wp-json\/wp\/v2\/product"}],"about":[{"href":"https:\/\/antcube.shop\/fr\/wp-json\/wp\/v2\/types\/product"}],"replies":[{"embeddable":true,"href":"https:\/\/antcube.shop\/fr\/wp-json\/wp\/v2\/comments?post=4686"}],"wp:featuredmedia":[{"embeddable":true,"href":"https:\/\/antcube.shop\/fr\/wp-json\/wp\/v2\/media\/5074"}],"wp:attachment":[{"href":"https:\/\/antcube.shop\/fr\/wp-json\/wp\/v2\/media?parent=4686"}],"wp:term":[{"taxonomy":"product_brand","embeddable":true,"href":"https:\/\/antcube.shop\/fr\/wp-json\/wp\/v2\/product_brand?post=4686"},{"taxonomy":"product_cat","embeddable":true,"href":"https:\/\/antcube.shop\/fr\/wp-json\/wp\/v2\/product_cat?post=4686"},{"taxonomy":"product_tag","embeddable":true,"href":"https:\/\/antcube.shop\/fr\/wp-json\/wp\/v2\/product_tag?post=4686"}],"curies":[{"name":"wp","href":"https:\/\/api.w.org\/{rel}","templated":true}]}}