{"id":4683,"date":"2022-11-14T14:42:46","date_gmt":"2022-11-14T13:42:46","guid":{"rendered":"https:\/\/antcube.shop\/produkt\/antcube-rote-folie-40x20-filter\/"},"modified":"2026-04-05T19:14:12","modified_gmt":"2026-04-05T17:14:12","slug":"antcube-rote-folie-40x20-filtre","status":"publish","type":"product","link":"https:\/\/antcube.shop\/fr\/produit\/antcube-rote-folie-40x20-filtre\/","title":{"rendered":"ANTCUBE - Feuille rouge 40\u00d720 - Filtre"},"content":{"rendered":"<p><strong>Dimensions :<\/strong> 39x16cm<\/p>\n<p><strong>Mat\u00e9riau :<\/strong> PVC<\/p>\n<p><strong>Description :<\/strong> Le film transparent rouge est utilis\u00e9 pour donner aux fourmis l'impression d'\u00eatre sous terre. Nous recommandons donc d'utiliser ce produit au moins partiellement dans la zone du nid. N\u00e9anmoins, vous pouvez bien observer les fourmis dans le nid. D\u00e9coupe pr\u00e9cise pour ANTCUBE \"Fourmili\u00e8re 40x20cm S\/M\/L - debout\".<\/p>\n<p>Cette feuille de filtrage a un meilleur effet de filtrage de la lumi\u00e8re que la feuille de couverture normale. R\u00e9sistant \u00e0 la temp\u00e9rature jusqu'\u00e0 180\u00b0C<\/p>\n<p>La feuille filtrante tient avec une l\u00e9g\u00e8re pression m\u00eame par elle-m\u00eame \u00e0 la ferme ou \u00e0 la zone du nid. Vous pouvez \u00e9galement utiliser du ruban adh\u00e9sif transparent pour la fixation. Il suffit de fixer deux petites bandes dans les coins sup\u00e9rieurs pour que le film puisse \u00eatre soulev\u00e9 plus tard afin de mieux voir l'int\u00e9rieur du nid.<\/p>","protected":false},"excerpt":{"rendered":"<p>Dimensions : 39x19cm Mat\u00e9riau : PVC Description : Le film transparent rouge est utilis\u00e9 pour donner aux fourmis l'impression d'\u00eatre sous terre. C'est pourquoi nous recommandons d'utiliser ce produit au moins partiellement dans la zone du nid. N\u00e9anmoins, vous pouvez bien observer les fourmis dans le nid. D\u00e9coup\u00e9 avec pr\u00e9cision pour ANTCUBE \"Ant farm 40x20cm S\/M\/L - standing\". Cette feuille filtrante [...]","protected":false},"featured_media":5105,"comment_status":"open","ping_status":"closed","template":"","meta":{"_acf_changed":false,"content-type":"","_monsterinsights_skip_tracking":false,"_monsterinsights_sitenote_active":false,"_monsterinsights_sitenote_note":"","_monsterinsights_sitenote_category":0},"product_brand":[],"product_cat":[239],"product_tag":[],"class_list":{"0":"post-4683","1":"product","2":"type-product","3":"status-publish","4":"has-post-thumbnail","6":"product_cat-useful-additions","8":"first","9":"instock","10":"taxable","11":"shipping-taxable","12":"purchasable","13":"product-type-simple"},"acf":[],"aioseo_notices":[],"jetpack_sharing_enabled":true,"_links":{"self":[{"href":"https:\/\/antcube.shop\/fr\/wp-json\/wp\/v2\/product\/4683","targetHints":{"allow":["GET"]}}],"collection":[{"href":"https:\/\/antcube.shop\/fr\/wp-json\/wp\/v2\/product"}],"about":[{"href":"https:\/\/antcube.shop\/fr\/wp-json\/wp\/v2\/types\/product"}],"replies":[{"embeddable":true,"href":"https:\/\/antcube.shop\/fr\/wp-json\/wp\/v2\/comments?post=4683"}],"wp:featuredmedia":[{"embeddable":true,"href":"https:\/\/antcube.shop\/fr\/wp-json\/wp\/v2\/media\/5105"}],"wp:attachment":[{"href":"https:\/\/antcube.shop\/fr\/wp-json\/wp\/v2\/media?parent=4683"}],"wp:term":[{"taxonomy":"product_brand","embeddable":true,"href":"https:\/\/antcube.shop\/fr\/wp-json\/wp\/v2\/product_brand?post=4683"},{"taxonomy":"product_cat","embeddable":true,"href":"https:\/\/antcube.shop\/fr\/wp-json\/wp\/v2\/product_cat?post=4683"},{"taxonomy":"product_tag","embeddable":true,"href":"https:\/\/antcube.shop\/fr\/wp-json\/wp\/v2\/product_tag?post=4683"}],"curies":[{"name":"wp","href":"https:\/\/api.w.org\/{rel}","templated":true}]}}