{"id":4679,"date":"2022-11-14T14:41:41","date_gmt":"2022-11-14T13:41:41","guid":{"rendered":"https:\/\/antcube.shop\/produkt\/lehmfarbe-beige-100ml\/"},"modified":"2026-04-20T11:22:37","modified_gmt":"2026-04-20T09:22:37","slug":"lehmfarbe-beige-100ml","status":"publish","type":"product","link":"https:\/\/antcube.shop\/fr\/produit\/lehmfarbe-beige-100ml\/","title":{"rendered":"Peinture \u00e0 l'argile - beige - 100ml"},"content":{"rendered":"<p><strong>Quantit\u00e9 :<\/strong> 100ml<\/p>\n<p><strong>Description :<\/strong> Ce m\u00e9lange est non toxique et relativement \u00e9tanche sur le pl\u00e2tre et le b\u00e9ton, mais il est par ailleurs soluble dans l'eau.<\/p>\n<p><strong>Mode d'emploi :\u00a0<\/strong><br \/>\nCe m\u00e9lange est pr\u00eat \u00e0 l'emploi et peut \u00eatre appliqu\u00e9 imm\u00e9diatement au pinceau sur le pl\u00e2tre ou le b\u00e9ton cellulaire.<br \/>\n100ml suffisent pour environ 1\/4m\u00b2 de b\u00e9ton cellulaire ou 1\/2m\u00b2 de pl\u00e2tre.<br \/>\nUne fois mouill\u00e9e, la surface peut \u00eatre saupoudr\u00e9e de sable, par exemple, pour obtenir un aspect encore plus naturel.<\/p>\n<p>&nbsp;<\/p>\n<p>&nbsp;<\/p>","protected":false},"excerpt":{"rendered":"<p>Quantit\u00e9 : 100ml Description : Ce m\u00e9lange est non toxique et relativement imperm\u00e9able sur le pl\u00e2tre et le b\u00e9ton, mais il est autrement soluble dans l'eau. Mode d'emploi : Ce m\u00e9lange est pr\u00eat \u00e0 l'emploi et peut \u00eatre appliqu\u00e9 imm\u00e9diatement sur le pl\u00e2tre ou le b\u00e9ton cellulaire avec un pinceau. 100ml suffisent pour environ 1\/4m\u00b2 de b\u00e9ton cellulaire ou 1\/2m\u00b2 de pl\u00e2tre. Lorsque","protected":false},"featured_media":5004,"comment_status":"open","ping_status":"closed","template":"","meta":{"_acf_changed":false,"content-type":"","_monsterinsights_skip_tracking":false,"_monsterinsights_sitenote_active":false,"_monsterinsights_sitenote_note":"","_monsterinsights_sitenote_category":0},"product_brand":[],"product_cat":[237],"product_tag":[],"class_list":{"0":"post-4679","1":"product","2":"type-product","3":"status-publish","4":"has-post-thumbnail","6":"product_cat-tools","8":"first","9":"instock","10":"taxable","11":"shipping-taxable","12":"purchasable","13":"product-type-simple"},"acf":[],"aioseo_notices":[],"jetpack_sharing_enabled":true,"_links":{"self":[{"href":"https:\/\/antcube.shop\/fr\/wp-json\/wp\/v2\/product\/4679","targetHints":{"allow":["GET"]}}],"collection":[{"href":"https:\/\/antcube.shop\/fr\/wp-json\/wp\/v2\/product"}],"about":[{"href":"https:\/\/antcube.shop\/fr\/wp-json\/wp\/v2\/types\/product"}],"replies":[{"embeddable":true,"href":"https:\/\/antcube.shop\/fr\/wp-json\/wp\/v2\/comments?post=4679"}],"wp:featuredmedia":[{"embeddable":true,"href":"https:\/\/antcube.shop\/fr\/wp-json\/wp\/v2\/media\/5004"}],"wp:attachment":[{"href":"https:\/\/antcube.shop\/fr\/wp-json\/wp\/v2\/media?parent=4679"}],"wp:term":[{"taxonomy":"product_brand","embeddable":true,"href":"https:\/\/antcube.shop\/fr\/wp-json\/wp\/v2\/product_brand?post=4679"},{"taxonomy":"product_cat","embeddable":true,"href":"https:\/\/antcube.shop\/fr\/wp-json\/wp\/v2\/product_cat?post=4679"},{"taxonomy":"product_tag","embeddable":true,"href":"https:\/\/antcube.shop\/fr\/wp-json\/wp\/v2\/product_tag?post=4679"}],"curies":[{"name":"wp","href":"https:\/\/api.w.org\/{rel}","templated":true}]}}