{"id":4678,"date":"2022-11-14T14:41:24","date_gmt":"2022-11-14T13:41:24","guid":{"rendered":"https:\/\/antcube.shop\/produkt\/klebefilm-glasklar\/"},"modified":"2026-04-13T09:29:49","modified_gmt":"2026-04-13T07:29:49","slug":"klebefilm-glasklar","status":"publish","type":"product","link":"https:\/\/antcube.shop\/fr\/produit\/klebefilm-glasklar\/","title":{"rendered":"Film adh\u00e9sif transparent"},"content":{"rendered":"<p><strong>Dimensions (LxlxH) :<\/strong> 10m x19 mm<\/p>\n<p><strong>Mat\u00e9riau :<\/strong> polypropyl\u00e8ne<\/p>\n<p><strong>Couleur :<\/strong> limpide \/ transparent<\/p>\n<p><strong>Contenu :<\/strong><br \/>\n1x rouleau de film adh\u00e9sif<\/p>\n<p><strong>Description :<\/strong><br \/>\nId\u00e9al pour fixer un film de couverture rouge ou une paroi arri\u00e8re photo au formicarium.<br \/>\nPoss\u00e8de une grande r\u00e9sistance au vieillissement, est tr\u00e8s r\u00e9sistant \u00e0 la d\u00e9chirure et poss\u00e8de une forte force adh\u00e9sive.<br \/>\nConvient \u00e9galement pour coller des vitres.<\/p>\n<p><strong>Application :<\/strong><br \/>\nLe ruban adh\u00e9sif peut \u00eatre d\u00e9coup\u00e9 avec des ciseaux ou un cutter.<br \/>\nFixez le film de couverture ou la photo au dos de la vitre du formicarium, puis fixez-le avec le ruban adh\u00e9sif.<\/p>","protected":false},"excerpt":{"rendered":"<p>Dimensions (LxlxH) : 10m x19 mm Mat\u00e9riau : polypropyl\u00e8ne Couleur : cristal clair \/ transparent Contenu : 1x rouleau de film adh\u00e9sif Description : Id\u00e9al pour fixer un film de couverture rouge ou une paroi arri\u00e8re photo au formicarium. Poss\u00e8de une grande r\u00e9sistance au vieillissement, est tr\u00e8s r\u00e9sistant \u00e0 la d\u00e9chirure et poss\u00e8de une forte force adh\u00e9sive. Convient \u00e9galement pour coller des vitres ensemble. Application :","protected":false},"featured_media":5007,"comment_status":"open","ping_status":"closed","template":"","meta":{"_acf_changed":false,"content-type":"","_monsterinsights_skip_tracking":false,"_monsterinsights_sitenote_active":false,"_monsterinsights_sitenote_note":"","_monsterinsights_sitenote_category":0},"product_brand":[],"product_cat":[237],"product_tag":[],"class_list":{"0":"post-4678","1":"product","2":"type-product","3":"status-publish","4":"has-post-thumbnail","6":"product_cat-tools","8":"first","9":"instock","10":"taxable","11":"shipping-taxable","12":"purchasable","13":"product-type-simple"},"acf":[],"aioseo_notices":[],"jetpack_sharing_enabled":true,"_links":{"self":[{"href":"https:\/\/antcube.shop\/fr\/wp-json\/wp\/v2\/product\/4678","targetHints":{"allow":["GET"]}}],"collection":[{"href":"https:\/\/antcube.shop\/fr\/wp-json\/wp\/v2\/product"}],"about":[{"href":"https:\/\/antcube.shop\/fr\/wp-json\/wp\/v2\/types\/product"}],"replies":[{"embeddable":true,"href":"https:\/\/antcube.shop\/fr\/wp-json\/wp\/v2\/comments?post=4678"}],"wp:featuredmedia":[{"embeddable":true,"href":"https:\/\/antcube.shop\/fr\/wp-json\/wp\/v2\/media\/5007"}],"wp:attachment":[{"href":"https:\/\/antcube.shop\/fr\/wp-json\/wp\/v2\/media?parent=4678"}],"wp:term":[{"taxonomy":"product_brand","embeddable":true,"href":"https:\/\/antcube.shop\/fr\/wp-json\/wp\/v2\/product_brand?post=4678"},{"taxonomy":"product_cat","embeddable":true,"href":"https:\/\/antcube.shop\/fr\/wp-json\/wp\/v2\/product_cat?post=4678"},{"taxonomy":"product_tag","embeddable":true,"href":"https:\/\/antcube.shop\/fr\/wp-json\/wp\/v2\/product_tag?post=4678"}],"curies":[{"name":"wp","href":"https:\/\/api.w.org\/{rel}","templated":true}]}}