{"id":4675,"date":"2022-11-14T14:40:37","date_gmt":"2022-11-14T13:40:37","guid":{"rendered":"https:\/\/antcube.shop\/produkt\/zapfen-klein-20-stuck\/"},"modified":"2026-04-13T10:49:04","modified_gmt":"2026-04-13T08:49:04","slug":"zapfen-klein-20-stuck","status":"publish","type":"product","link":"https:\/\/antcube.shop\/fr\/produit\/zapfen-klein-20-stuck\/","title":{"rendered":"c\u00f4nes - petits - 20 pi\u00e8ces"},"content":{"rendered":"<p><strong>Dimensions (LxlxH) :<\/strong> environ 20 x 10 x 10 mm<\/p>\n<p><strong>Mat\u00e9riau :<\/strong> C\u00f4ne d'aulne - produit naturel<\/p>\n<p><strong>Couleur :<\/strong> Brun fonc\u00e9 \u00e0 noir<\/p>\n<p><strong>Description :<\/strong> C\u00f4nes s\u00e9ch\u00e9s \u00e0 des fins d\u00e9coratives<\/p>\n<p><strong>Note :<\/strong> Comme il s'agit d'un produit naturel, la taille, la forme et la couleur peuvent varier l\u00e9g\u00e8rement par rapport \u00e0 l'image.<\/p>","protected":false},"excerpt":{"rendered":"<p><strong>Taille :<\/strong>\u00a020 x 10 x 10 mm<\/p>","protected":false},"featured_media":5016,"comment_status":"open","ping_status":"closed","template":"","meta":{"_acf_changed":false,"content-type":"","_monsterinsights_skip_tracking":false,"_monsterinsights_sitenote_active":false,"_monsterinsights_sitenote_note":"","_monsterinsights_sitenote_category":0},"product_brand":[],"product_cat":[98,101],"product_tag":[],"class_list":{"0":"post-4675","1":"product","2":"type-product","3":"status-publish","4":"has-post-thumbnail","6":"product_cat-decoration","7":"product_cat-forest","9":"first","10":"instock","11":"taxable","12":"shipping-taxable","13":"purchasable","14":"product-type-simple"},"acf":[],"aioseo_notices":[],"jetpack_sharing_enabled":true,"_links":{"self":[{"href":"https:\/\/antcube.shop\/fr\/wp-json\/wp\/v2\/product\/4675","targetHints":{"allow":["GET"]}}],"collection":[{"href":"https:\/\/antcube.shop\/fr\/wp-json\/wp\/v2\/product"}],"about":[{"href":"https:\/\/antcube.shop\/fr\/wp-json\/wp\/v2\/types\/product"}],"replies":[{"embeddable":true,"href":"https:\/\/antcube.shop\/fr\/wp-json\/wp\/v2\/comments?post=4675"}],"wp:featuredmedia":[{"embeddable":true,"href":"https:\/\/antcube.shop\/fr\/wp-json\/wp\/v2\/media\/5016"}],"wp:attachment":[{"href":"https:\/\/antcube.shop\/fr\/wp-json\/wp\/v2\/media?parent=4675"}],"wp:term":[{"taxonomy":"product_brand","embeddable":true,"href":"https:\/\/antcube.shop\/fr\/wp-json\/wp\/v2\/product_brand?post=4675"},{"taxonomy":"product_cat","embeddable":true,"href":"https:\/\/antcube.shop\/fr\/wp-json\/wp\/v2\/product_cat?post=4675"},{"taxonomy":"product_tag","embeddable":true,"href":"https:\/\/antcube.shop\/fr\/wp-json\/wp\/v2\/product_tag?post=4675"}],"curies":[{"name":"wp","href":"https:\/\/api.w.org\/{rel}","templated":true}]}}