{"id":4660,"date":"2022-11-14T14:36:25","date_gmt":"2022-11-14T13:36:25","guid":{"rendered":"https:\/\/antcube.shop\/produkt\/wassergel-500ml-gebrauchsfertig\/"},"modified":"2026-04-22T16:02:28","modified_gmt":"2026-04-22T14:02:28","slug":"wassergel-500ml-gebrauchsfertig","status":"publish","type":"product","link":"https:\/\/antcube.shop\/fr\/produit\/wassergel-500ml-gebrauchsfertig\/","title":{"rendered":"Gel \u00e0 l'eau 500ml - pr\u00eat \u00e0 l'emploi"},"content":{"rendered":"<p><strong>Contenu :<\/strong> 500 ml<\/p>\n<p><strong>Description :<\/strong> Le gel d'eau est de l'eau sous forme de gel et est donc tr\u00e8s facile et flexible \u00e0 utiliser. Vous n'avez pas besoin d'un bol d'eau, dans lequel les animaux peuvent se salir et se noyer, mais vous pouvez tout de m\u00eame leur fournir une humidit\u00e9 suffisante avec ce gel. Le gel \u00e0 l'eau peut \u00e9galement \u00eatre utilis\u00e9 pour nourrir les animaux, ce qui les maintiendra en vie plus longtemps.<\/p>","protected":false},"excerpt":{"rendered":"<p>Contenu : 500 ml Description : Le gel d'eau est de l'eau sous forme de gel et donc tr\u00e8s facile et flexible \u00e0 utiliser. Vous n'avez pas besoin d'un bol d'eau, dans lequel les animaux peuvent se salir et se noyer, mais vous pouvez tout de m\u00eame leur fournir une humidit\u00e9 suffisante avec ce gel. Le gel \u00e0 l'eau peut \u00e9galement \u00eatre utilis\u00e9 pour nourrir les animaux,","protected":false},"featured_media":5038,"comment_status":"open","ping_status":"closed","template":"","meta":{"_acf_changed":false,"content-type":"","_monsterinsights_skip_tracking":false,"_monsterinsights_sitenote_active":false,"_monsterinsights_sitenote_note":"","_monsterinsights_sitenote_category":0},"product_brand":[],"product_cat":[115,116],"product_tag":[],"class_list":{"0":"post-4660","1":"product","2":"type-product","3":"status-publish","4":"has-post-thumbnail","6":"product_cat-food-and-feeding","7":"product_cat-food","9":"first","10":"instock","11":"taxable","12":"shipping-taxable","13":"purchasable","14":"product-type-simple"},"acf":[],"aioseo_notices":[],"jetpack_sharing_enabled":true,"_links":{"self":[{"href":"https:\/\/antcube.shop\/fr\/wp-json\/wp\/v2\/product\/4660","targetHints":{"allow":["GET"]}}],"collection":[{"href":"https:\/\/antcube.shop\/fr\/wp-json\/wp\/v2\/product"}],"about":[{"href":"https:\/\/antcube.shop\/fr\/wp-json\/wp\/v2\/types\/product"}],"replies":[{"embeddable":true,"href":"https:\/\/antcube.shop\/fr\/wp-json\/wp\/v2\/comments?post=4660"}],"wp:featuredmedia":[{"embeddable":true,"href":"https:\/\/antcube.shop\/fr\/wp-json\/wp\/v2\/media\/5038"}],"wp:attachment":[{"href":"https:\/\/antcube.shop\/fr\/wp-json\/wp\/v2\/media?parent=4660"}],"wp:term":[{"taxonomy":"product_brand","embeddable":true,"href":"https:\/\/antcube.shop\/fr\/wp-json\/wp\/v2\/product_brand?post=4660"},{"taxonomy":"product_cat","embeddable":true,"href":"https:\/\/antcube.shop\/fr\/wp-json\/wp\/v2\/product_cat?post=4660"},{"taxonomy":"product_tag","embeddable":true,"href":"https:\/\/antcube.shop\/fr\/wp-json\/wp\/v2\/product_tag?post=4660"}],"curies":[{"name":"wp","href":"https:\/\/api.w.org\/{rel}","templated":true}]}}