{"id":4656,"date":"2022-11-14T14:35:20","date_gmt":"2022-11-14T13:35:20","guid":{"rendered":"https:\/\/antcube.shop\/produkt\/regenwaldhonig-re-nachfullpack-10ml\/"},"modified":"2026-04-05T11:59:16","modified_gmt":"2026-04-05T09:59:16","slug":"regenwaldhonig-re-nachfullpack-10ml","status":"publish","type":"product","link":"https:\/\/antcube.shop\/fr\/produit\/regenwaldhonig-re-nachfullpack-10ml\/","title":{"rendered":"Miel de Rainforest (Re) - recharges 10ml"},"content":{"rendered":"<p><strong>Contenu :<\/strong> 10 ml<\/p>\n<p><strong>Description :<\/strong> Il s'agit d'un produit naturel pur. Le miel provient des for\u00eats tropicales et est donc id\u00e9al pour les esp\u00e8ces de fourmis indig\u00e8nes des for\u00eats tropicales.<\/p>\n<p><strong>Application :<\/strong> Le tube de nourriture peut \u00eatre plac\u00e9 en entier dans le formicarium, ou bien ajouter de plus petites quantit\u00e9s dans un bol de nourriture selon les besoins\/la taille de la colonie. La quantit\u00e9 de nourriture doit \u00eatre utilis\u00e9e dans les 3 jours environ, sinon il y a un risque de moisissure, et pour la m\u00eame raison, nettoyez le bol de nourriture avant de le remplir \u00e0 nouveau.<\/p>\n<p><strong>Utilisation :<\/strong><br \/>\nLe miel du d\u00e9sert = pour les esp\u00e8ces de fourmis mellif\u00e8res (Meliphagidae).<br \/>\nIl s'agit d'un aliment compl\u00e9mentaire (aliment unique)<br \/>\nIl peut \u00eatre propos\u00e9 aux animaux \u00e0 l'\u00e9tat de livraison. Comme l'humidit\u00e9 r\u00e9duit la concentration en sucre et qu'un processus de fermentation commence, la nourriture doit \u00eatre remplac\u00e9e tous les 3 jours. Nettoyez soigneusement le bol\/tube de nourriture avant de le r\u00e9utiliser.<br \/>\nUn emballage ouvert doit \u00eatre utilis\u00e9 bien ferm\u00e9 jusqu'\u00e0 la date indiqu\u00e9e (date de p\u00e9remption).<\/p>\n<p><strong>Contient :<\/strong> Ingr\u00e9dients du miel en g\u00e9n\u00e9ral, les proportions varient en fonction du type de miel.<br \/>\n- environ 38 % sucre de fruit (fructose)<br \/>\n- environ 32 % dextrose (glucose)<br \/>\n- environ 20 % eau<br \/>\n- environ 5 sucres multiples %<br \/>\n- environ 5 vitamines % (B1, B2, B6, C, H)<br \/>\nMin\u00e9raux (potassium, calcium, cuivre, fer, sodium, magn\u00e9sium, phosphore, zinc et autres oligo-\u00e9l\u00e9ments) Acides amin\u00e9s (proline, leucine, ph\u00e9nylalanine, alanine, histidine, isoleucine, acide glutamique, arginine, acide aspartique, etc.) Acides organiques Enzymes (ferments) Ar\u00f4mes Inhibines (substances antibact\u00e9riennes) Pollen de fleurs<\/p>\n<p><strong>Stockage :<\/strong> pour garantir la qualit\u00e9 de l'aliment, il faut le stocker dans un endroit sombre et sec.<\/p>\n<p><strong>Avis :<\/strong><br \/>\nVous trouverez des informations sur l'utilisation des tubes d'alimentation ici : Lien<br \/>\nAlimentation compl\u00e9mentaire pour les fourmis mangeuses de miel.<br \/>\nVeuillez consulter la notice pour conna\u00eetre la composition, les composants analytiques, la date de p\u00e9remption et le num\u00e9ro de lot.<\/p>\n<p>Num\u00e9ro d'information +49 30 439703870<\/p>\n<p>Autorit\u00e9 comp\u00e9tente en mati\u00e8re de contr\u00f4le v\u00e9t\u00e9rinaire et alimentaire :<br \/>\nCabinet v\u00e9t\u00e9rinaire Steglitz<br \/>\nK\u00f6nigin-Luise-Str. 92<br \/>\n14195 Berlin<\/p>","protected":false},"excerpt":{"rendered":"<p>Alimentation compl\u00e9mentaire<\/p>","protected":false},"featured_media":5055,"comment_status":"open","ping_status":"closed","template":"","meta":{"_acf_changed":false,"content-type":"","_monsterinsights_skip_tracking":false,"_monsterinsights_sitenote_active":false,"_monsterinsights_sitenote_note":"","_monsterinsights_sitenote_category":0},"product_brand":[],"product_cat":[115,116],"product_tag":[],"class_list":{"0":"post-4656","1":"product","2":"type-product","3":"status-publish","4":"has-post-thumbnail","6":"product_cat-food-and-feeding","7":"product_cat-food","9":"first","10":"instock","11":"taxable","12":"shipping-taxable","13":"purchasable","14":"product-type-simple"},"acf":[],"aioseo_notices":[],"jetpack_sharing_enabled":true,"_links":{"self":[{"href":"https:\/\/antcube.shop\/fr\/wp-json\/wp\/v2\/product\/4656","targetHints":{"allow":["GET"]}}],"collection":[{"href":"https:\/\/antcube.shop\/fr\/wp-json\/wp\/v2\/product"}],"about":[{"href":"https:\/\/antcube.shop\/fr\/wp-json\/wp\/v2\/types\/product"}],"replies":[{"embeddable":true,"href":"https:\/\/antcube.shop\/fr\/wp-json\/wp\/v2\/comments?post=4656"}],"wp:featuredmedia":[{"embeddable":true,"href":"https:\/\/antcube.shop\/fr\/wp-json\/wp\/v2\/media\/5055"}],"wp:attachment":[{"href":"https:\/\/antcube.shop\/fr\/wp-json\/wp\/v2\/media?parent=4656"}],"wp:term":[{"taxonomy":"product_brand","embeddable":true,"href":"https:\/\/antcube.shop\/fr\/wp-json\/wp\/v2\/product_brand?post=4656"},{"taxonomy":"product_cat","embeddable":true,"href":"https:\/\/antcube.shop\/fr\/wp-json\/wp\/v2\/product_cat?post=4656"},{"taxonomy":"product_tag","embeddable":true,"href":"https:\/\/antcube.shop\/fr\/wp-json\/wp\/v2\/product_tag?post=4656"}],"curies":[{"name":"wp","href":"https:\/\/api.w.org\/{rel}","templated":true}]}}