{"id":4655,"date":"2022-11-14T14:35:04","date_gmt":"2022-11-14T13:35:04","guid":{"rendered":"https:\/\/antcube.shop\/produkt\/zucker-honiglosung-zh-nachfullpack-10ml\/"},"modified":"2026-04-07T13:49:44","modified_gmt":"2026-04-07T11:49:44","slug":"zucker-honiglosung-zh-nachfullpack-10ml","status":"publish","type":"product","link":"https:\/\/antcube.shop\/fr\/produit\/zucker-honiglosung-zh-nachfullpack-10ml\/","title":{"rendered":"Solution de miel de sucre (ZH) - recharge de 10ml"},"content":{"rendered":"<p><strong>Contenu :<\/strong> 10 ml<\/p>\n<p><strong>Description :<\/strong> Il s'agit d'un produit compos\u00e9 de divers glucides (tels que le miel et le sucre).<\/p>\n<p><strong>Application :<\/strong> Le tube de nourriture peut \u00eatre plac\u00e9 en entier dans le formicarium, ou bien ajouter de plus petites quantit\u00e9s dans un bol de nourriture selon les besoins\/la taille de la colonie. La quantit\u00e9 de nourriture doit \u00eatre consomm\u00e9e dans les 3 jours environ, sinon il y a un risque de moisissure, et pour la m\u00eame raison, nettoyez le bol de nourriture avant de le remplir \u00e0 nouveau.<\/p>\n<p><strong>Utilisation :<\/strong><br \/>\nNourriture \u00e0 base de glucides = pour les esp\u00e8ces de fourmis mangeuses de sucre\/miel.<br \/>\nIl s'agit d'un aliment compl\u00e9mentaire (aliment mixte)<br \/>\nIl peut \u00eatre m\u00e9lang\u00e9 avec une goutte d'eau et se conserve pendant 3 jours lorsqu'il est mouill\u00e9. Nettoyez soigneusement le bol\/tube d'alimentation avant de le r\u00e9utiliser.<br \/>\nUn emballage ouvert doit \u00eatre utilis\u00e9 bien ferm\u00e9 (s'il est conserv\u00e9 au sec) jusqu'\u00e0 la date indiqu\u00e9e (date de p\u00e9remption).<\/p>\n<p><strong>Contient :<\/strong><br \/>\nFructose 27 \u00e0 44%,<br \/>\nGlucose 22 \u00e0 41%,<br \/>\nSucrose jusqu'\u00e0 5%,<br \/>\nmaltose 4 \u00e0 14%,<br \/>\nautres sucres multiples 1 \u00e0 14%.<br \/>\n<strong>La graisse :<\/strong> 0g<br \/>\n<strong>Glucides :<\/strong> 92g<br \/>\n<strong>Des prot\u00e9ines :<\/strong> 0g<br \/>\n<strong>Le sel :<\/strong> 0g<\/p>\n<p>Stockage : pour garantir la qualit\u00e9 des aliments, il faut les stocker dans un endroit sombre et sec.<\/p>\n<p><strong>Avis :<\/strong><br \/>\nVous trouverez des informations sur l'utilisation des tubes d'alimentation ici : Lien<br \/>\nVeuillez consulter la notice pour conna\u00eetre la composition, les ingr\u00e9dients analytiques, la date de p\u00e9remption et le num\u00e9ro de lot.<\/p>\n<p>Num\u00e9ro d'information +49 30 439703870<\/p>\n<p>Autorit\u00e9 comp\u00e9tente en mati\u00e8re de contr\u00f4le v\u00e9t\u00e9rinaire et alimentaire :<br \/>\nCabinet v\u00e9t\u00e9rinaire Steglitz<br \/>\nK\u00f6nigin-Luise-Str. 92<br \/>\n14195 Berlin<\/p>","protected":false},"excerpt":{"rendered":"<p>Alimentation compl\u00e9mentaire<\/p>","protected":false},"featured_media":5058,"comment_status":"open","ping_status":"closed","template":"","meta":{"_acf_changed":false,"content-type":"","_monsterinsights_skip_tracking":false,"_monsterinsights_sitenote_active":false,"_monsterinsights_sitenote_note":"","_monsterinsights_sitenote_category":0},"product_brand":[],"product_cat":[115,116],"product_tag":[],"class_list":{"0":"post-4655","1":"product","2":"type-product","3":"status-publish","4":"has-post-thumbnail","6":"product_cat-food-and-feeding","7":"product_cat-food","9":"first","10":"instock","11":"taxable","12":"shipping-taxable","13":"purchasable","14":"product-type-simple"},"acf":[],"aioseo_notices":[],"jetpack_sharing_enabled":true,"_links":{"self":[{"href":"https:\/\/antcube.shop\/fr\/wp-json\/wp\/v2\/product\/4655","targetHints":{"allow":["GET"]}}],"collection":[{"href":"https:\/\/antcube.shop\/fr\/wp-json\/wp\/v2\/product"}],"about":[{"href":"https:\/\/antcube.shop\/fr\/wp-json\/wp\/v2\/types\/product"}],"replies":[{"embeddable":true,"href":"https:\/\/antcube.shop\/fr\/wp-json\/wp\/v2\/comments?post=4655"}],"wp:featuredmedia":[{"embeddable":true,"href":"https:\/\/antcube.shop\/fr\/wp-json\/wp\/v2\/media\/5058"}],"wp:attachment":[{"href":"https:\/\/antcube.shop\/fr\/wp-json\/wp\/v2\/media?parent=4655"}],"wp:term":[{"taxonomy":"product_brand","embeddable":true,"href":"https:\/\/antcube.shop\/fr\/wp-json\/wp\/v2\/product_brand?post=4655"},{"taxonomy":"product_cat","embeddable":true,"href":"https:\/\/antcube.shop\/fr\/wp-json\/wp\/v2\/product_cat?post=4655"},{"taxonomy":"product_tag","embeddable":true,"href":"https:\/\/antcube.shop\/fr\/wp-json\/wp\/v2\/product_tag?post=4655"}],"curies":[{"name":"wp","href":"https:\/\/api.w.org\/{rel}","templated":true}]}}