{"id":4650,"date":"2022-11-14T14:33:45","date_gmt":"2022-11-14T13:33:45","guid":{"rendered":"https:\/\/antcube.shop\/produkt\/kornerfutter-major-ma-nachfullpack-20ml\/"},"modified":"2026-04-08T04:11:19","modified_gmt":"2026-04-08T02:11:19","slug":"kornerfutter-major-ma-nachfullpack-20ml","status":"publish","type":"product","link":"https:\/\/antcube.shop\/fr\/produit\/kornerfutter-major-ma-nachfullpack-20ml\/","title":{"rendered":"Grain food Major (Ma) - recharge 20ml"},"content":{"rendered":"<p><strong>Contenu :<\/strong> 20ml (\u00e9quivalent \u00e0 environ 14g).<\/p>\n<p><strong>Description :<\/strong> Des grains\/graines plus grands pour de plus grandes colonies d'esp\u00e8ces de fourmis ramasseuses de grains, comme le genre Messor, qui contiennent d\u00e9j\u00e0 de grandes fourmis ouvri\u00e8res.<\/p>\n<p><strong>Avis :<\/strong><br \/>\nVous trouverez des informations sur l'utilisation des tubes d'alimentation ici : Lien<br \/>\nAlimentation compl\u00e9mentaire pour les fourmis granivores.<br \/>\nVeuillez consulter la notice pour conna\u00eetre la composition, les composants analytiques, la date de p\u00e9remption et le num\u00e9ro de lot.<\/p>\n<p>Num\u00e9ro d'information +49 30 439703870<\/p>\n<p>Autorit\u00e9 comp\u00e9tente en mati\u00e8re de contr\u00f4le v\u00e9t\u00e9rinaire et alimentaire :<br \/>\nCabinet v\u00e9t\u00e9rinaire Steglitz<br \/>\nK\u00f6nigin-Luise-Str. 92<br \/>\n14195 Berlin<\/p>","protected":false},"excerpt":{"rendered":"<p>Alimentation compl\u00e9mentaire<\/p>","protected":false},"featured_media":5736,"comment_status":"open","ping_status":"closed","template":"","meta":{"_acf_changed":false,"content-type":"","_monsterinsights_skip_tracking":false,"_monsterinsights_sitenote_active":false,"_monsterinsights_sitenote_note":"","_monsterinsights_sitenote_category":0},"product_brand":[],"product_cat":[115,116],"product_tag":[],"class_list":{"0":"post-4650","1":"product","2":"type-product","3":"status-publish","4":"has-post-thumbnail","6":"product_cat-food-and-feeding","7":"product_cat-food","9":"first","10":"instock","11":"taxable","12":"shipping-taxable","13":"purchasable","14":"product-type-simple"},"acf":[],"aioseo_notices":[],"jetpack_sharing_enabled":true,"_links":{"self":[{"href":"https:\/\/antcube.shop\/fr\/wp-json\/wp\/v2\/product\/4650","targetHints":{"allow":["GET"]}}],"collection":[{"href":"https:\/\/antcube.shop\/fr\/wp-json\/wp\/v2\/product"}],"about":[{"href":"https:\/\/antcube.shop\/fr\/wp-json\/wp\/v2\/types\/product"}],"replies":[{"embeddable":true,"href":"https:\/\/antcube.shop\/fr\/wp-json\/wp\/v2\/comments?post=4650"}],"wp:featuredmedia":[{"embeddable":true,"href":"https:\/\/antcube.shop\/fr\/wp-json\/wp\/v2\/media\/5736"}],"wp:attachment":[{"href":"https:\/\/antcube.shop\/fr\/wp-json\/wp\/v2\/media?parent=4650"}],"wp:term":[{"taxonomy":"product_brand","embeddable":true,"href":"https:\/\/antcube.shop\/fr\/wp-json\/wp\/v2\/product_brand?post=4650"},{"taxonomy":"product_cat","embeddable":true,"href":"https:\/\/antcube.shop\/fr\/wp-json\/wp\/v2\/product_cat?post=4650"},{"taxonomy":"product_tag","embeddable":true,"href":"https:\/\/antcube.shop\/fr\/wp-json\/wp\/v2\/product_tag?post=4650"}],"curies":[{"name":"wp","href":"https:\/\/api.w.org\/{rel}","templated":true}]}}