{"id":4649,"date":"2022-11-14T14:33:30","date_gmt":"2022-11-14T13:33:30","guid":{"rendered":"https:\/\/antcube.shop\/produkt\/blutenpollen-b-nachfullpack-20ml\/"},"modified":"2026-04-01T09:55:57","modified_gmt":"2026-04-01T07:55:57","slug":"blutenpollen-b-nachfullpack-20ml","status":"publish","type":"product","link":"https:\/\/antcube.shop\/fr\/produit\/blutenpollen-b-nachfullpack-20ml\/","title":{"rendered":"Pollen de fleurs (B) - recharge 20ml"},"content":{"rendered":"<p><strong>Contenu :<\/strong> 20ml (\u00e9quivalent \u00e0 environ 14g).<\/p>\n<p><strong>Description :<\/strong> Le pollen de fleurs contient une vari\u00e9t\u00e9 d'acides amin\u00e9s ainsi que de nombreuses vitamines et min\u00e9raux, ce qui constitue une source de nourriture riche pour la plupart des fourmis.<\/p>\n<p><strong>Avis :<\/strong><br \/>\nVous trouverez ici des informations sur la mani\u00e8re d'utiliser les tubes d'alimentation : Lien<br \/>\nNourriture compl\u00e9mentaire pour les fourmis mangeuses de pollen de fleurs.<br \/>\nVeuillez consulter la notice pour conna\u00eetre la composition, les ingr\u00e9dients analytiques, la date de p\u00e9remption et le num\u00e9ro de lot.<\/p>\n<p>Num\u00e9ro d'information +49 30 439703870<\/p>\n<p>Autorit\u00e9 comp\u00e9tente en mati\u00e8re de contr\u00f4le v\u00e9t\u00e9rinaire et alimentaire :<br \/>\nCabinet v\u00e9t\u00e9rinaire Steglitz<br \/>\nK\u00f6nigin-Luise-Str. 92<br \/>\n14195 Berlin<\/p>","protected":false},"excerpt":{"rendered":"<p>Alimentation compl\u00e9mentaire<\/p>","protected":false},"featured_media":5721,"comment_status":"open","ping_status":"closed","template":"","meta":{"_acf_changed":false,"content-type":"","_monsterinsights_skip_tracking":false,"_monsterinsights_sitenote_active":false,"_monsterinsights_sitenote_note":"","_monsterinsights_sitenote_category":0},"product_brand":[],"product_cat":[115,116],"product_tag":[],"class_list":{"0":"post-4649","1":"product","2":"type-product","3":"status-publish","4":"has-post-thumbnail","6":"product_cat-food-and-feeding","7":"product_cat-food","9":"first","10":"instock","11":"taxable","12":"shipping-taxable","13":"purchasable","14":"product-type-simple"},"acf":[],"aioseo_notices":[],"jetpack_sharing_enabled":true,"_links":{"self":[{"href":"https:\/\/antcube.shop\/fr\/wp-json\/wp\/v2\/product\/4649","targetHints":{"allow":["GET"]}}],"collection":[{"href":"https:\/\/antcube.shop\/fr\/wp-json\/wp\/v2\/product"}],"about":[{"href":"https:\/\/antcube.shop\/fr\/wp-json\/wp\/v2\/types\/product"}],"replies":[{"embeddable":true,"href":"https:\/\/antcube.shop\/fr\/wp-json\/wp\/v2\/comments?post=4649"}],"wp:featuredmedia":[{"embeddable":true,"href":"https:\/\/antcube.shop\/fr\/wp-json\/wp\/v2\/media\/5721"}],"wp:attachment":[{"href":"https:\/\/antcube.shop\/fr\/wp-json\/wp\/v2\/media?parent=4649"}],"wp:term":[{"taxonomy":"product_brand","embeddable":true,"href":"https:\/\/antcube.shop\/fr\/wp-json\/wp\/v2\/product_brand?post=4649"},{"taxonomy":"product_cat","embeddable":true,"href":"https:\/\/antcube.shop\/fr\/wp-json\/wp\/v2\/product_cat?post=4649"},{"taxonomy":"product_tag","embeddable":true,"href":"https:\/\/antcube.shop\/fr\/wp-json\/wp\/v2\/product_tag?post=4649"}],"curies":[{"name":"wp","href":"https:\/\/api.w.org\/{rel}","templated":true}]}}