{"id":4648,"date":"2022-11-14T14:33:14","date_gmt":"2022-11-14T13:33:14","guid":{"rendered":"https:\/\/antcube.shop\/produkt\/himbeerblatter-100g-getrocknet\/"},"modified":"2026-04-08T08:47:44","modified_gmt":"2026-04-08T06:47:44","slug":"hebeerblatter-100g-getrocknet","status":"publish","type":"product","link":"https:\/\/antcube.shop\/fr\/produit\/hebeerblatter-100g-getrocknet\/","title":{"rendered":"Feuilles de framboise 100g - s\u00e9ch\u00e9es"},"content":{"rendered":"<p><strong>Contenu :<\/strong><br \/>\n100g dried raspberry leaves<\/p>\n<p><strong>Description :<\/strong><br \/>\nLes feuilles de framboisier constituent un terrain de reproduction pour les esp\u00e8ces de fourmis qui se d\u00e9veloppent sous forme de champignons. Il s'agit d'un produit purement naturel.<\/p>\n<p><strong>Utilisation :<\/strong><br \/>\nFeuilles de framboisier = pour les esp\u00e8ces de fourmis qui se reproduisent par des champignons.<br \/>\nLes feuilles s\u00e8ches ne servent que de terreau pour le champignon des fourmis coupeuses de feuilles (il est conseill\u00e9 de proposer en m\u00eame temps des liquides sucr\u00e9s pour remplacer les jus v\u00e9g\u00e9taux manquants). Il suffit de placer les feuilles \u00e0 nourrir dans une chambre de nourriture s\u00e8che. Cependant, les feuilles fra\u00eeches ont la pr\u00e9f\u00e9rence des animaux. Les feuilles s\u00e9ch\u00e9es conviennent donc mieux pour faire la soudure entre les p\u00e9riodes o\u00f9 l'on ne peut en offrir.<\/p>\n<p><strong>Stockage :<\/strong><br \/>\nDans un environnement sec<\/p>\n<p><strong>Contient :<\/strong><br \/>\n100% feuilles de framboise s\u00e9ch\u00e9es<\/p>","protected":false},"excerpt":{"rendered":"<p>Alimentation compl\u00e9mentaire<\/p>","protected":false},"featured_media":5115,"comment_status":"open","ping_status":"closed","template":"","meta":{"_acf_changed":false,"content-type":"","_monsterinsights_skip_tracking":false,"_monsterinsights_sitenote_active":false,"_monsterinsights_sitenote_note":"","_monsterinsights_sitenote_category":0},"product_brand":[],"product_cat":[115,116],"product_tag":[],"class_list":{"0":"post-4648","1":"product","2":"type-product","3":"status-publish","4":"has-post-thumbnail","6":"product_cat-food-and-feeding","7":"product_cat-food","9":"first","10":"instock","11":"taxable","12":"shipping-taxable","13":"purchasable","14":"product-type-simple"},"acf":[],"aioseo_notices":[],"jetpack_sharing_enabled":true,"_links":{"self":[{"href":"https:\/\/antcube.shop\/fr\/wp-json\/wp\/v2\/product\/4648","targetHints":{"allow":["GET"]}}],"collection":[{"href":"https:\/\/antcube.shop\/fr\/wp-json\/wp\/v2\/product"}],"about":[{"href":"https:\/\/antcube.shop\/fr\/wp-json\/wp\/v2\/types\/product"}],"replies":[{"embeddable":true,"href":"https:\/\/antcube.shop\/fr\/wp-json\/wp\/v2\/comments?post=4648"}],"wp:featuredmedia":[{"embeddable":true,"href":"https:\/\/antcube.shop\/fr\/wp-json\/wp\/v2\/media\/5115"}],"wp:attachment":[{"href":"https:\/\/antcube.shop\/fr\/wp-json\/wp\/v2\/media?parent=4648"}],"wp:term":[{"taxonomy":"product_brand","embeddable":true,"href":"https:\/\/antcube.shop\/fr\/wp-json\/wp\/v2\/product_brand?post=4648"},{"taxonomy":"product_cat","embeddable":true,"href":"https:\/\/antcube.shop\/fr\/wp-json\/wp\/v2\/product_cat?post=4648"},{"taxonomy":"product_tag","embeddable":true,"href":"https:\/\/antcube.shop\/fr\/wp-json\/wp\/v2\/product_tag?post=4648"}],"curies":[{"name":"wp","href":"https:\/\/api.w.org\/{rel}","templated":true}]}}