{"id":4642,"date":"2022-11-14T14:31:41","date_gmt":"2022-11-14T13:31:41","guid":{"rendered":"https:\/\/antcube.shop\/produkt\/jelly-food-brauner-zucker-16g\/"},"modified":"2026-04-16T22:29:12","modified_gmt":"2026-04-16T20:29:12","slug":"jelly-food-brauner-zucker-16g","status":"publish","type":"product","link":"https:\/\/antcube.shop\/fr\/produit\/jelly-food-brauner-zucker-16g\/","title":{"rendered":"Sucre brun Jelly Food 16g"},"content":{"rendered":"<p><strong>Quantit\u00e9 :<\/strong> 16g<\/p>\n<p><strong>Description :<\/strong><br \/>\nLes vitamines et les prot\u00e9ines sont les \u00e9l\u00e9ments constitutifs de base de tout organisme. Certaines peuvent \u00eatre produites par l'organisme lui-m\u00eame, d'autres doivent \u00eatre ing\u00e9r\u00e9es par l'alimentation.<br \/>\nLes amoureux des insectes du monde entier appr\u00e9cient cette formule qui favorise la reproduction et prolonge la vie gr\u00e2ce \u00e0 une alimentation \u00e9quilibr\u00e9e de leurs \"ch\u00e9ris\".<\/p>\n<p><strong>Ingr\u00e9dients :<\/strong><br \/>\nComposition : eau, sirop de fructose, sucre.<br \/>\nConstituants analytiques : Humidit\u00e9 65%<\/p>\n<p><strong>Utilisation :<\/strong><br \/>\nPour les esp\u00e8ces de fourmis mangeuses de fruits.<br \/>\nAliments compos\u00e9s en tant qu'aliments compl\u00e9mentaires<br \/>\nA offrir 2 \u00e0 3 fois par semaine aux esp\u00e8ces de fourmis frugivores.<br \/>\nElle peut \u00eatre propos\u00e9e aux animaux \u00e0 l'\u00e9tat de livraison. \u00c0 temp\u00e9rature ambiante, la gel\u00e9e peut rapidement moisir. Par cons\u00e9quent, la nourriture doit \u00eatre remplac\u00e9e au moins tous les 3 jours. Nettoyez soigneusement le bol de nourriture avant de le r\u00e9utiliser.<\/p>\n<p><strong>Dur\u00e9e de conservation :<\/strong><br \/>\nUne fois ferm\u00e9e, la gel\u00e9e se conserve au moins un an (voir la date de p\u00e9remption sur l'emballage). Une fois ouverte, elle doit \u00eatre conserv\u00e9e au r\u00e9frig\u00e9rateur et utilis\u00e9e dans les 5 \u00e0 7 jours. Vous pouvez \u00e9galement la congeler et d\u00e9congeler de petites quantit\u00e9s au besoin.<\/p>\n<p><strong>Avis :<\/strong><br \/>\nVeuillez consulter la notice pour conna\u00eetre la composition, les constituants analytiques, le num\u00e9ro d'identification du lot et la date de p\u00e9remption.<\/p>\n<p>Ligne d'information (fax) : +49 2065-67290<\/p>\n<p>Inspections v\u00e9t\u00e9rinaires et alimentaires responsables :<br \/>\nV\u00e9t\u00e9rinaire officiel \/ expert v\u00e9t\u00e9rinaire.<br \/>\nAu Schnabelhuck 6<br \/>\n47049 Duisburg<\/p>","protected":false},"excerpt":{"rendered":"<p>Alimentation compl\u00e9mentaire<\/p>","protected":false},"featured_media":5094,"comment_status":"open","ping_status":"closed","template":"","meta":{"_acf_changed":false,"content-type":"","_monsterinsights_skip_tracking":false,"_monsterinsights_sitenote_active":false,"_monsterinsights_sitenote_note":"","_monsterinsights_sitenote_category":0},"product_brand":[],"product_cat":[115,116],"product_tag":[],"class_list":{"0":"post-4642","1":"product","2":"type-product","3":"status-publish","4":"has-post-thumbnail","6":"product_cat-food-and-feeding","7":"product_cat-food","9":"first","10":"instock","11":"taxable","12":"shipping-taxable","13":"purchasable","14":"product-type-simple"},"acf":[],"aioseo_notices":[],"jetpack_sharing_enabled":true,"_links":{"self":[{"href":"https:\/\/antcube.shop\/fr\/wp-json\/wp\/v2\/product\/4642","targetHints":{"allow":["GET"]}}],"collection":[{"href":"https:\/\/antcube.shop\/fr\/wp-json\/wp\/v2\/product"}],"about":[{"href":"https:\/\/antcube.shop\/fr\/wp-json\/wp\/v2\/types\/product"}],"replies":[{"embeddable":true,"href":"https:\/\/antcube.shop\/fr\/wp-json\/wp\/v2\/comments?post=4642"}],"wp:featuredmedia":[{"embeddable":true,"href":"https:\/\/antcube.shop\/fr\/wp-json\/wp\/v2\/media\/5094"}],"wp:attachment":[{"href":"https:\/\/antcube.shop\/fr\/wp-json\/wp\/v2\/media?parent=4642"}],"wp:term":[{"taxonomy":"product_brand","embeddable":true,"href":"https:\/\/antcube.shop\/fr\/wp-json\/wp\/v2\/product_brand?post=4642"},{"taxonomy":"product_cat","embeddable":true,"href":"https:\/\/antcube.shop\/fr\/wp-json\/wp\/v2\/product_cat?post=4642"},{"taxonomy":"product_tag","embeddable":true,"href":"https:\/\/antcube.shop\/fr\/wp-json\/wp\/v2\/product_tag?post=4642"}],"curies":[{"name":"wp","href":"https:\/\/api.w.org\/{rel}","templated":true}]}}