{"id":4638,"date":"2022-11-14T14:30:39","date_gmt":"2022-11-14T13:30:39","guid":{"rendered":"https:\/\/antcube.shop\/produkt\/durchgangsschieber-m\/"},"modified":"2026-04-01T13:28:12","modified_gmt":"2026-04-01T11:28:12","slug":"durchgangsschieber-m","status":"publish","type":"product","link":"https:\/\/antcube.shop\/fr\/produit\/durchgangsschieber-m\/","title":{"rendered":"Vanne de passage - M"},"content":{"rendered":"<p><strong>Dimensions :<\/strong> 78 x 17 x 53 mm pour tubes de 14\/10 mm ou taille fourmili\u00e8re M<\/p>\n<p><strong>Mat\u00e9riau :<\/strong> PMMA<\/p>\n<p><strong>Couleurs :<\/strong> transparent, gris<\/p>\n<p><strong>Contenu :<\/strong> 1x curseur de passage<\/p>\n<p><strong>Description :<\/strong> Le curseur de passage ferme ou ouvre le passage des fourmis dans un tube ou entre deux formicariums.<br \/>\nIl est transparent, ce qui permet de v\u00e9rifier s'il y a des fourmis entre les deux lors de la \"fermeture\". Le robinet-vanne est \u00e9galement utilis\u00e9 pour contr\u00f4ler et r\u00e9guler le flux des fourmis dans les tubes.<\/p>\n<p><strong>Note sur l'application<\/strong><br \/>\nEn raison de la construction filigrane, il convient de respecter les points suivants lors de la fixation ou du d\u00e9tachement des tuyaux :<br \/>\nSi le tuyau est tr\u00e8s difficile \u00e0 mettre en place sur la douille du connecteur, la douille doit \u00eatre l\u00e9g\u00e8rement frott\u00e9e avec une goutte de notre huile ou poudre de protection contre les ruptures. Le tuyau doit ensuite \u00eatre pouss\u00e9 sur la douille par des mouvements de torsion ou de vissage sans solliciter la douille par des mouvements de haut en bas. Il en va de m\u00eame pour le retrait des tuyaux de la glissi\u00e8re de passage. Ne les retirez pas simplement en tirant dessus !<\/p>\n<p><strong>Informations sur la mise \u00e0 jour :<\/strong><br \/>\n15.12.2020 Am\u00e9lioration du produit : Les tiges ont \u00e9t\u00e9 renforc\u00e9es de 3 mm.<\/p>","protected":false},"excerpt":{"rendered":"<p>Dimensions : 78 x 17 x 53 mm pour tubes 14\/10mm ou fourmili\u00e8re taille M Mat\u00e9riau : PMMA Couleurs : transparent, gris Contenu : 1x curseur de passage Description : Le curseur de passage ferme ou ouvre le passage des fourmis dans un tube ou entre deux formicariums. Il est transparent, ce qui permet de v\u00e9rifier s'il y a des fourmis entre deux tubes.","protected":false},"featured_media":5172,"comment_status":"open","ping_status":"closed","template":"","meta":{"_acf_changed":false,"content-type":"","_monsterinsights_skip_tracking":false,"_monsterinsights_sitenote_active":false,"_monsterinsights_sitenote_note":"","_monsterinsights_sitenote_category":0},"product_brand":[],"product_cat":[121],"product_tag":[],"class_list":{"0":"post-4638","1":"product","2":"type-product","3":"status-publish","4":"has-post-thumbnail","6":"product_cat-connectors","8":"first","9":"instock","10":"taxable","11":"shipping-taxable","12":"purchasable","13":"product-type-simple"},"acf":[],"aioseo_notices":[],"jetpack_sharing_enabled":true,"_links":{"self":[{"href":"https:\/\/antcube.shop\/fr\/wp-json\/wp\/v2\/product\/4638","targetHints":{"allow":["GET"]}}],"collection":[{"href":"https:\/\/antcube.shop\/fr\/wp-json\/wp\/v2\/product"}],"about":[{"href":"https:\/\/antcube.shop\/fr\/wp-json\/wp\/v2\/types\/product"}],"replies":[{"embeddable":true,"href":"https:\/\/antcube.shop\/fr\/wp-json\/wp\/v2\/comments?post=4638"}],"wp:featuredmedia":[{"embeddable":true,"href":"https:\/\/antcube.shop\/fr\/wp-json\/wp\/v2\/media\/5172"}],"wp:attachment":[{"href":"https:\/\/antcube.shop\/fr\/wp-json\/wp\/v2\/media?parent=4638"}],"wp:term":[{"taxonomy":"product_brand","embeddable":true,"href":"https:\/\/antcube.shop\/fr\/wp-json\/wp\/v2\/product_brand?post=4638"},{"taxonomy":"product_cat","embeddable":true,"href":"https:\/\/antcube.shop\/fr\/wp-json\/wp\/v2\/product_cat?post=4638"},{"taxonomy":"product_tag","embeddable":true,"href":"https:\/\/antcube.shop\/fr\/wp-json\/wp\/v2\/product_tag?post=4638"}],"curies":[{"name":"wp","href":"https:\/\/api.w.org\/{rel}","templated":true}]}}