{"id":4637,"date":"2022-11-14T14:30:23","date_gmt":"2022-11-14T13:30:23","guid":{"rendered":"https:\/\/antcube.shop\/produkt\/durchgangsschieber-l\/"},"modified":"2026-04-20T09:56:45","modified_gmt":"2026-04-20T07:56:45","slug":"durchgangsschieber-l","status":"publish","type":"product","link":"https:\/\/antcube.shop\/fr\/produit\/durchgangsschieber-l\/","title":{"rendered":"Vanne de passage - L"},"content":{"rendered":"<p><strong>Dimensions :<\/strong> 78 x 27 x 53 mm pour tube 14\/16\/18\/20 mm ou fourmili\u00e8re taille L<\/p>\n<p>Le tube 14\/10 est bien enfonc\u00e9 dans la douille de 14 mm.<br \/>\nLe tube 20\/16 est fix\u00e9 sur la premi\u00e8re marche de 16 mm.<br \/>\nLe tube 22\/18 est fix\u00e9 sur la deuxi\u00e8me marche de 20 mm.<br \/>\nLe tube 24\/20 est fix\u00e9 de mani\u00e8re l\u00e2che sur la deuxi\u00e8me marche de 20 mm.<\/p>\n<p><strong>Mat\u00e9riau :<\/strong> PMMA<\/p>\n<p><strong>Couleurs :<\/strong> limpide, gris<\/p>\n<p><strong>Contenu :<\/strong> 1x curseur \u00e0 trou traversant<\/p>\n<p><strong>Description :<\/strong> Le curseur de passage bloque ou ouvre le passage des fourmis dans un tube ou entre deux formicariums.<br \/>\nIl est transparent, ce qui vous permet de v\u00e9rifier s'il y a des fourmis entre les deux lors de la \"fermeture\". Le robinet-vanne est \u00e9galement utilis\u00e9 pour contr\u00f4ler et r\u00e9guler le d\u00e9bit des fourmis dans les tuyaux.<\/p>\n<p>Note sur l'application<br \/>\nEn raison de la construction en filigrane, il faut respecter les points suivants lors de la fixation ou du d\u00e9tachement des tuyaux :<br \/>\nSi le tuyau est tr\u00e8s difficile \u00e0 mettre en place sur la douille du connecteur, la douille doit \u00eatre l\u00e9g\u00e8rement frott\u00e9e avec une goutte de notre huile ou de notre poudre de protection contre les ruptures. Le tuyau doit ensuite \u00eatre pouss\u00e9 sur la douille par des mouvements de torsion ou de vissage, sans solliciter la douille par des mouvements de haut en bas. Il en va de m\u00eame pour le retrait des tuyaux de la glissi\u00e8re. Ne les retirez pas simplement en tirant dessus !<\/p>\n<p><strong>Mise \u00e0 jour :<\/strong><br \/>\n15.12.2020 Am\u00e9lioration du produit : Les barres ont \u00e9t\u00e9 renforc\u00e9es de 3 mm.<\/p>","protected":false},"excerpt":{"rendered":"<p>Dimensions : 78 x 27 x 53 mm pour un tube de 14\/16\/18\/20 mm ou une fourmi de taille L Le tube de 14\/10 est enfich\u00e9 fermement dans la douille de 14 mm Le tube de 20\/16 est fix\u00e9 sur la premi\u00e8re marche de 16 mm Le tube de 22\/18 est fix\u00e9 sur la deuxi\u00e8me marche de 20 mm Le tube de 24\/20 est fix\u00e9 librement sur la deuxi\u00e8me marche de 20 mm Mat\u00e9riau : PMMA Couleurs : cristal","protected":false},"featured_media":5606,"comment_status":"open","ping_status":"closed","template":"","meta":{"_acf_changed":false,"content-type":"","_monsterinsights_skip_tracking":false,"_monsterinsights_sitenote_active":false,"_monsterinsights_sitenote_note":"","_monsterinsights_sitenote_category":0},"product_brand":[],"product_cat":[121],"product_tag":[],"class_list":{"0":"post-4637","1":"product","2":"type-product","3":"status-publish","4":"has-post-thumbnail","6":"product_cat-connectors","8":"first","9":"instock","10":"taxable","11":"shipping-taxable","12":"purchasable","13":"product-type-simple"},"acf":[],"aioseo_notices":[],"jetpack_sharing_enabled":true,"_links":{"self":[{"href":"https:\/\/antcube.shop\/fr\/wp-json\/wp\/v2\/product\/4637","targetHints":{"allow":["GET"]}}],"collection":[{"href":"https:\/\/antcube.shop\/fr\/wp-json\/wp\/v2\/product"}],"about":[{"href":"https:\/\/antcube.shop\/fr\/wp-json\/wp\/v2\/types\/product"}],"replies":[{"embeddable":true,"href":"https:\/\/antcube.shop\/fr\/wp-json\/wp\/v2\/comments?post=4637"}],"wp:featuredmedia":[{"embeddable":true,"href":"https:\/\/antcube.shop\/fr\/wp-json\/wp\/v2\/media\/5606"}],"wp:attachment":[{"href":"https:\/\/antcube.shop\/fr\/wp-json\/wp\/v2\/media?parent=4637"}],"wp:term":[{"taxonomy":"product_brand","embeddable":true,"href":"https:\/\/antcube.shop\/fr\/wp-json\/wp\/v2\/product_brand?post=4637"},{"taxonomy":"product_cat","embeddable":true,"href":"https:\/\/antcube.shop\/fr\/wp-json\/wp\/v2\/product_cat?post=4637"},{"taxonomy":"product_tag","embeddable":true,"href":"https:\/\/antcube.shop\/fr\/wp-json\/wp\/v2\/product_tag?post=4637"}],"curies":[{"name":"wp","href":"https:\/\/api.w.org\/{rel}","templated":true}]}}