{"id":4633,"date":"2022-11-14T14:29:20","date_gmt":"2022-11-14T13:29:20","guid":{"rendered":"https:\/\/antcube.shop\/produkt\/antcube-ameisenfarm-m-40x20-stehend\/"},"modified":"2026-04-10T16:01:32","modified_gmt":"2026-04-10T14:01:32","slug":"antcube-ameisenfarm-m-40x20-stehend","status":"publish","type":"product","link":"https:\/\/antcube.shop\/fr\/produit\/antcube-ameisenfarm-m-40x20-stehend\/","title":{"rendered":"ANTCUBE - fourmili\u00e8re - M - 40\u00d720 - debout"},"content":{"rendered":"<p><strong>Dimensions (LxlxH) :\u00a0<\/strong><br \/>\n<u>\u00e0 l'ext\u00e9rieur :<\/u> 432x58x199 mm<br \/>\n<u>\u00e0 l'int\u00e9rieur :<\/u> 384x10x190 mm<\/p>\n<p><strong>Mat\u00e9riau :<\/strong><br \/>\nVerre flott\u00e9, plastique<\/p>\n<p><strong>Couleur :<\/strong><br \/>\nclair comme de l'eau de roche<\/p>\n<p><strong>Contenu :<\/strong><br \/>\n1x Fourmili\u00e8re ANTCUBE - espacement des plaques de 10mm.<br \/>\n1x couverture de fourmili\u00e8re M 40\u00d72<br \/>\n2x fiche 4mm<\/p>\n<p><strong>connexion :<\/strong><br \/>\n2 douilles de 8\/10 x 10 mm<br \/>\n2x trous de 4mm avec bouchons de 4mm<\/p>\n<p><strong>Description :<\/strong><br \/>\nCette fourmili\u00e8re enti\u00e8rement transparente convient aux esp\u00e8ces de fourmis de taille moyenne.<\/p>\n<p><strong>Notes sur la production<\/strong><br \/>\nLe verre est coup\u00e9 selon la norme DIN 1249 avec une tol\u00e9rance de +\/- 1mm. Pour les esp\u00e8ces de fourmis extr\u00eamement petites, une protection suppl\u00e9mentaire contre la casse est indispensable.<\/p>\n<p><strong>Note sur la ferme<\/strong><br \/>\nLorsque vous fixez ou d\u00e9tachez des tuyaux, veuillez tenir compte des points suivants :<br \/>\nSi le tuyau est tr\u00e8s difficile \u00e0 mettre en place sur la douille du connecteur, la douille doit \u00eatre l\u00e9g\u00e8rement frott\u00e9e avec une goutte de notre huile ou de notre poudre de protection contre les ruptures. Le tuyau doit ensuite \u00eatre pouss\u00e9 sur la douille par des mouvements de torsion ou de vissage, sans solliciter la douille par des mouvements de haut en bas. Il en va de m\u00eame pour le retrait des tuyaux de la douille de raccordement de la ferme. Ne tirez pas simplement dessus !<\/p>","protected":false},"excerpt":{"rendered":"<p><strong>Connexion :<\/strong> Douille 2x 8\/10 mm + couvercle <strong>Distance entre les plaques :<\/strong> Int\u00e9rieur 10 mm \/ Ext\u00e9rieur 18 mm<br \/>\n<strong>Taille :<\/strong> <strong><span style=\"color: #339966;\">M<\/span><\/strong><\/p>","protected":false},"featured_media":5180,"comment_status":"open","ping_status":"closed","template":"","meta":{"_acf_changed":false,"content-type":"","_monsterinsights_skip_tracking":false,"_monsterinsights_sitenote_active":false,"_monsterinsights_sitenote_note":"","_monsterinsights_sitenote_category":0},"product_brand":[],"product_cat":[80,82],"product_tag":[],"class_list":{"0":"post-4633","1":"product","2":"type-product","3":"status-publish","4":"has-post-thumbnail","6":"product_cat-antfarms","7":"product_cat-antfarms-m","9":"first","10":"instock","11":"taxable","12":"shipping-taxable","13":"purchasable","14":"product-type-simple"},"acf":[],"aioseo_notices":[],"jetpack_sharing_enabled":true,"_links":{"self":[{"href":"https:\/\/antcube.shop\/fr\/wp-json\/wp\/v2\/product\/4633","targetHints":{"allow":["GET"]}}],"collection":[{"href":"https:\/\/antcube.shop\/fr\/wp-json\/wp\/v2\/product"}],"about":[{"href":"https:\/\/antcube.shop\/fr\/wp-json\/wp\/v2\/types\/product"}],"replies":[{"embeddable":true,"href":"https:\/\/antcube.shop\/fr\/wp-json\/wp\/v2\/comments?post=4633"}],"wp:featuredmedia":[{"embeddable":true,"href":"https:\/\/antcube.shop\/fr\/wp-json\/wp\/v2\/media\/5180"}],"wp:attachment":[{"href":"https:\/\/antcube.shop\/fr\/wp-json\/wp\/v2\/media?parent=4633"}],"wp:term":[{"taxonomy":"product_brand","embeddable":true,"href":"https:\/\/antcube.shop\/fr\/wp-json\/wp\/v2\/product_brand?post=4633"},{"taxonomy":"product_cat","embeddable":true,"href":"https:\/\/antcube.shop\/fr\/wp-json\/wp\/v2\/product_cat?post=4633"},{"taxonomy":"product_tag","embeddable":true,"href":"https:\/\/antcube.shop\/fr\/wp-json\/wp\/v2\/product_tag?post=4633"}],"curies":[{"name":"wp","href":"https:\/\/api.w.org\/{rel}","templated":true}]}}