{"id":4630,"date":"2022-11-14T14:28:33","date_gmt":"2022-11-14T13:28:33","guid":{"rendered":"https:\/\/antcube.shop\/produkt\/ameisenarena-rahmen-40x20\/"},"modified":"2026-04-05T19:45:30","modified_gmt":"2026-04-05T17:45:30","slug":"ameisenarena-rahmen-40x20","status":"publish","type":"product","link":"https:\/\/antcube.shop\/fr\/produit\/ameisenarena-rahmen-40x20\/","title":{"rendered":"Cadre de l'ar\u00e8ne de fourmis 40\u00d720"},"content":{"rendered":"<p><strong>Dimensions (LxlxH) :<\/strong> 40x20x0,4 cm<\/p>\n<p><strong>Mat\u00e9riau :<\/strong> verre flott\u00e9<\/p>\n<p><strong>Couleur :<\/strong> limpide \/ transparent<\/p>\n<p><strong>Contenu :<\/strong><br \/>\n1x cadre de la fourmili\u00e8re<\/p>\n<p><strong>Description :<\/strong><br \/>\nCadre en verre pour la fourmili\u00e8re comme protection contre les effractions.<\/p>\n<p><strong>Application :<\/strong><br \/>\nLe cadre pour fourmili\u00e8re est un cadre en verre qui est plac\u00e9 sur une fourmili\u00e8re et qui est pourvu d'une protection anti-effraction (huile, poudre ou vernis) sur la face inf\u00e9rieure, emp\u00eachant ainsi les fourmis de s'\u00e9chapper.<\/p>\n<p><strong>Avis :<\/strong><br \/>\nL'article \u00e9tant en verre et donc sensible, il doit \u00eatre manipul\u00e9 tr\u00e8s soigneusement. Le verre est coup\u00e9 selon la norme DIN 1249 avec une tol\u00e9rance de +\/- 1mm. Pour les esp\u00e8ces de fourmis extr\u00eamement petites, une protection suppl\u00e9mentaire contre la casse est indispensable.<\/p>\n<p>&nbsp;<\/p>\n<p>&nbsp;<\/p>","protected":false},"excerpt":{"rendered":"<p>Dimensions (LxlxH) : 40x20x0,4 cm Mat\u00e9riau : verre flott\u00e9 Couleur : cristal clair \/ transparent Contenu : 1x cadre pour l'ar\u00e8ne \u00e0 fourmis Description : Cadre en verre pour l'ar\u00e8ne \u00e0 fourmis comme protection contre les effractions. Application : Le cadre pour l'ar\u00e8ne des fourmis est un cadre en verre qui est plac\u00e9 sur l'ar\u00e8ne des fourmis et qui est muni d'une protection anti-effraction.","protected":false},"featured_media":5119,"comment_status":"open","ping_status":"closed","template":"","meta":{"_acf_changed":false,"content-type":"","_monsterinsights_skip_tracking":false,"_monsterinsights_sitenote_active":false,"_monsterinsights_sitenote_note":"","_monsterinsights_sitenote_category":0},"product_brand":[],"product_cat":[119,239,91,93],"product_tag":[],"class_list":{"0":"post-4630","1":"product","2":"type-product","3":"status-publish","4":"has-post-thumbnail","6":"product_cat-formicarium-components","7":"product_cat-useful-additions","8":"product_cat-formicarium-modules","9":"product_cat-arena-frame","11":"first","12":"instock","13":"taxable","14":"shipping-taxable","15":"purchasable","16":"product-type-simple"},"acf":[],"aioseo_notices":[],"jetpack_sharing_enabled":true,"_links":{"self":[{"href":"https:\/\/antcube.shop\/fr\/wp-json\/wp\/v2\/product\/4630","targetHints":{"allow":["GET"]}}],"collection":[{"href":"https:\/\/antcube.shop\/fr\/wp-json\/wp\/v2\/product"}],"about":[{"href":"https:\/\/antcube.shop\/fr\/wp-json\/wp\/v2\/types\/product"}],"replies":[{"embeddable":true,"href":"https:\/\/antcube.shop\/fr\/wp-json\/wp\/v2\/comments?post=4630"}],"wp:featuredmedia":[{"embeddable":true,"href":"https:\/\/antcube.shop\/fr\/wp-json\/wp\/v2\/media\/5119"}],"wp:attachment":[{"href":"https:\/\/antcube.shop\/fr\/wp-json\/wp\/v2\/media?parent=4630"}],"wp:term":[{"taxonomy":"product_brand","embeddable":true,"href":"https:\/\/antcube.shop\/fr\/wp-json\/wp\/v2\/product_brand?post=4630"},{"taxonomy":"product_cat","embeddable":true,"href":"https:\/\/antcube.shop\/fr\/wp-json\/wp\/v2\/product_cat?post=4630"},{"taxonomy":"product_tag","embeddable":true,"href":"https:\/\/antcube.shop\/fr\/wp-json\/wp\/v2\/product_tag?post=4630"}],"curies":[{"name":"wp","href":"https:\/\/api.w.org\/{rel}","templated":true}]}}