{"id":4628,"date":"2022-11-14T14:28:01","date_gmt":"2022-11-14T13:28:01","guid":{"rendered":"https:\/\/antcube.shop\/produkt\/antcube-ameisenfarm-m-30x30-wand\/"},"modified":"2026-03-26T09:28:48","modified_gmt":"2026-03-26T08:28:48","slug":"antcube-ameisenfarm-m-30x30-baguette","status":"publish","type":"product","link":"https:\/\/antcube.shop\/fr\/produit\/antcube-ameisenfarm-m-30x30-baguette\/","title":{"rendered":"ANTCUBE - Fourmili\u00e8re - M - 30\u00d730 - mural"},"content":{"rendered":"<p><strong>Dimensions (LxH) :\u00a0<\/strong><br \/>\n<strong>A l'ext\u00e9rieur :<\/strong> 32,5 x 32,5 cm \/ Int\u00e9rieur : 29,2 x 29,2 cm<\/p>\n<p><strong>Mat\u00e9riau :<\/strong><br \/>\nVerre flott\u00e9, bois, PMMA<\/p>\n<p><strong>Couleur :<\/strong><br \/>\ntransparent, blanc<\/p>\n<p><strong>Contenu :<\/strong><br \/>\n1x Fourmili\u00e8re 10mm d'espacement des plaques avec fixation murale.<br \/>\n1x couvercle<br \/>\n1x cadre en bois peint en blanc avec fermeture magn\u00e9tique<br \/>\n2x barres d'\u00e9cartement pour les inserts de nidification<br \/>\n6x vis et chevilles (pour bois \/ mur de pierre)<\/p>\n<p><strong>connexion :<\/strong><br \/>\n2 douilles de 8\/10 x 10 mm<\/p>\n<p><strong>Description :<\/strong><br \/>\nCes fourmili\u00e8res sont con\u00e7ues pour un montage mural et peuvent \u00eatre facilement install\u00e9es sur des murs en bois ou en pierre.<br \/>\nLe cadre est fabriqu\u00e9 en bois naturel v\u00e9ritable, avec une finition en peinture blanche, dans un design moderne et intemporel.<br \/>\nCe cadre peut \u00eatre retir\u00e9 pour ouvrir la ferme et peut \u00eatre rattach\u00e9 \u00e0 la ferme gr\u00e2ce \u00e0 un support magn\u00e9tique.<\/p>\n<p><strong>Instructions de montage :<\/strong><br \/>\nPour fixer les 6 chevilles \"S6\" dans le mur, vous avez besoin d'une perceuse avec une m\u00e8che de 6 mm (bois ou pierre selon le mat\u00e9riau).<br \/>\nDes trous de 40 mm de profondeur doivent \u00eatre perc\u00e9s dans le mur pour enfoncer les chevilles avec les vis de 4x30 mm.<\/p>\n<p><strong>Notes sur la production<\/strong><br \/>\nLe verre est coup\u00e9 selon la norme DIN 1249 avec une tol\u00e9rance de +\/- 1mm. Pour les esp\u00e8ces de fourmis extr\u00eamement petites, une protection suppl\u00e9mentaire contre la casse est indispensable.<\/p>\n<p><strong>Note sur la ferme<\/strong><br \/>\nLorsque vous fixez ou retirez des tuyaux, veuillez tenir compte des points suivants :<br \/>\nSi le tuyau est tr\u00e8s difficile \u00e0 mettre en place sur la douille du connecteur, la douille doit \u00eatre l\u00e9g\u00e8rement frott\u00e9e avec une goutte de notre huile ou de notre poudre de protection contre les ruptures. Le tuyau doit ensuite \u00eatre pouss\u00e9 sur la douille par des mouvements de torsion ou de vissage, sans solliciter la douille par des mouvements de haut en bas. Il en va de m\u00eame pour le retrait des tuyaux de la douille de raccordement de la ferme. Ne tirez pas simplement dessus !<\/p>","protected":false},"excerpt":{"rendered":"<p><strong>Connexion :<\/strong> douille 2x 8\/10 mm ; <strong>l'espacement des plaques :<\/strong> int\u00e9rieur 10mm<br \/>\n<strong>Taille :<\/strong> <strong><span style=\"color: #339966;\">M<\/span><\/strong><\/p>","protected":false},"featured_media":5188,"comment_status":"open","ping_status":"closed","template":"","meta":{"_acf_changed":false,"content-type":"","_monsterinsights_skip_tracking":false,"_monsterinsights_sitenote_active":false,"_monsterinsights_sitenote_note":"","_monsterinsights_sitenote_category":0},"product_brand":[],"product_cat":[80,82],"product_tag":[],"class_list":{"0":"post-4628","1":"product","2":"type-product","3":"status-publish","4":"has-post-thumbnail","6":"product_cat-antfarms","7":"product_cat-antfarms-m","9":"first","10":"instock","11":"taxable","12":"shipping-taxable","13":"purchasable","14":"product-type-simple"},"acf":[],"aioseo_notices":[],"jetpack_sharing_enabled":true,"_links":{"self":[{"href":"https:\/\/antcube.shop\/fr\/wp-json\/wp\/v2\/product\/4628","targetHints":{"allow":["GET"]}}],"collection":[{"href":"https:\/\/antcube.shop\/fr\/wp-json\/wp\/v2\/product"}],"about":[{"href":"https:\/\/antcube.shop\/fr\/wp-json\/wp\/v2\/types\/product"}],"replies":[{"embeddable":true,"href":"https:\/\/antcube.shop\/fr\/wp-json\/wp\/v2\/comments?post=4628"}],"wp:featuredmedia":[{"embeddable":true,"href":"https:\/\/antcube.shop\/fr\/wp-json\/wp\/v2\/media\/5188"}],"wp:attachment":[{"href":"https:\/\/antcube.shop\/fr\/wp-json\/wp\/v2\/media?parent=4628"}],"wp:term":[{"taxonomy":"product_brand","embeddable":true,"href":"https:\/\/antcube.shop\/fr\/wp-json\/wp\/v2\/product_brand?post=4628"},{"taxonomy":"product_cat","embeddable":true,"href":"https:\/\/antcube.shop\/fr\/wp-json\/wp\/v2\/product_cat?post=4628"},{"taxonomy":"product_tag","embeddable":true,"href":"https:\/\/antcube.shop\/fr\/wp-json\/wp\/v2\/product_tag?post=4628"}],"curies":[{"name":"wp","href":"https:\/\/api.w.org\/{rel}","templated":true}]}}