{"id":4625,"date":"2022-11-14T14:21:09","date_gmt":"2022-11-14T13:21:09","guid":{"rendered":"https:\/\/antcube.shop\/produkt\/acrylglas-xt-rohr-50-46mm-1m\/"},"modified":"2026-03-26T18:04:53","modified_gmt":"2026-03-26T17:04:53","slug":"acrylglas-xt-rohr-50-46mm-1m","status":"publish","type":"product","link":"https:\/\/antcube.shop\/fr\/produit\/acrylglas-xt-rohr-50-46mm-1m\/","title":{"rendered":"Tuyau de fourmi - transparent - 50mm - 1m"},"content":{"rendered":"<p><strong>Dimensions :<\/strong> diam\u00e8tre ext\u00e9rieur 50 mm, longueur : 1m<\/p>\n<p><strong>Mat\u00e9riau :<\/strong> verre acrylique<\/p>\n<p><strong>Couleur :<\/strong> transparent, clair<\/p>\n<p><strong>Description :<\/strong> Peut \u00eatre connect\u00e9 au formicarium via des adaptateurs ou connecter plusieurs formicariums ensemble.<\/p>\n<p><strong>Note :<\/strong> Pour des raisons d'emballage, les tubes d'un m\u00e8tre peuvent \u00eatre coup\u00e9s en deux et command\u00e9s en option avec un morceau de tube correspondant. Si vous souhaitez que les tubes soient livr\u00e9s sous la forme de tubes d'un m\u00e8tre, il faut le demander en suppl\u00e9ment.<\/p>","protected":false},"excerpt":{"rendered":"<p>Dimensions : diam\u00e8tre ext\u00e9rieur 50 mm, longueur : 1m Mat\u00e9riau : verre acrylique Couleur : transparent, clair Description : Peut \u00eatre connect\u00e9 au formicarium via des adaptateurs ou connecter plusieurs formicariums ensemble. Remarque : Pour des raisons d'emballage, les tubes d'un m\u00e8tre peuvent \u00eatre coup\u00e9s en deux et command\u00e9s en option avec un morceau de tube correspondant. Si vous souhaitez avoir le","protected":false},"featured_media":5122,"comment_status":"open","ping_status":"closed","template":"","meta":{"_acf_changed":false,"content-type":"","_monsterinsights_skip_tracking":false,"_monsterinsights_sitenote_active":false,"_monsterinsights_sitenote_note":"","_monsterinsights_sitenote_category":0},"product_brand":[],"product_cat":[119,120],"product_tag":[],"class_list":{"0":"post-4625","1":"product","2":"type-product","3":"status-publish","4":"has-post-thumbnail","6":"product_cat-formicarium-components","7":"product_cat-hoses","9":"first","10":"instock","11":"taxable","12":"shipping-taxable","13":"purchasable","14":"product-type-simple"},"acf":[],"aioseo_notices":[],"jetpack_sharing_enabled":true,"_links":{"self":[{"href":"https:\/\/antcube.shop\/fr\/wp-json\/wp\/v2\/product\/4625","targetHints":{"allow":["GET"]}}],"collection":[{"href":"https:\/\/antcube.shop\/fr\/wp-json\/wp\/v2\/product"}],"about":[{"href":"https:\/\/antcube.shop\/fr\/wp-json\/wp\/v2\/types\/product"}],"replies":[{"embeddable":true,"href":"https:\/\/antcube.shop\/fr\/wp-json\/wp\/v2\/comments?post=4625"}],"wp:featuredmedia":[{"embeddable":true,"href":"https:\/\/antcube.shop\/fr\/wp-json\/wp\/v2\/media\/5122"}],"wp:attachment":[{"href":"https:\/\/antcube.shop\/fr\/wp-json\/wp\/v2\/media?parent=4625"}],"wp:term":[{"taxonomy":"product_brand","embeddable":true,"href":"https:\/\/antcube.shop\/fr\/wp-json\/wp\/v2\/product_brand?post=4625"},{"taxonomy":"product_cat","embeddable":true,"href":"https:\/\/antcube.shop\/fr\/wp-json\/wp\/v2\/product_cat?post=4625"},{"taxonomy":"product_tag","embeddable":true,"href":"https:\/\/antcube.shop\/fr\/wp-json\/wp\/v2\/product_tag?post=4625"}],"curies":[{"name":"wp","href":"https:\/\/api.w.org\/{rel}","templated":true}]}}