{"id":4614,"date":"2022-11-01T18:09:43","date_gmt":"2022-11-01T17:09:43","guid":{"rendered":"https:\/\/antcube.shop\/produkt\/formicarienunterlage-40x20cm\/"},"modified":"2026-04-05T19:45:30","modified_gmt":"2026-04-05T17:45:30","slug":"formicarienunterlage-40x20cm","status":"publish","type":"product","link":"https:\/\/antcube.shop\/fr\/produit\/formicarienunterlage-40x20cm\/","title":{"rendered":"Tampon de formicarium - 40x20cm"},"content":{"rendered":"<p><strong>Dimensions :<\/strong> 400 x 200 x 4mm<\/p>\n<p><strong>Mat\u00e9riau :<\/strong> Mousse PE<\/p>\n<p><strong>Couleur :<\/strong> gris<\/p>\n<p><strong>Contenu : <\/strong>1 pi\u00e8ce.<\/p>\n<p><strong>Description :<\/strong><br \/>\nLe coussin du formicarium est fait d'un mat\u00e9riau en mousse souple.<br \/>\nIl prot\u00e8ge le formicarium ainsi que le meuble sur lequel il repose, des rayures.<br \/>\nEn outre, le tampon sert d'isolation thermique pour compenser les moindres in\u00e9galit\u00e9s et prot\u00e8ge \u00e9galement des vibrations.<\/p>","protected":false},"excerpt":{"rendered":"<p>Dimensions : 300 x 300 x 4mm Mat\u00e9riau : Mousse PE Couleur : gris Contenu : 1 pi\u00e8ce Description : Le tampon pour formicarium est fabriqu\u00e9 \u00e0 partir d'un mat\u00e9riau en mousse souple. Il prot\u00e8ge le formicarium ainsi que le meuble sur lequel il repose, des rayures. En outre, le coussin sert d'isolation thermique pour compenser la perte de chaleur.","protected":false},"featured_media":5125,"comment_status":"open","ping_status":"closed","template":"","meta":{"_acf_changed":false,"content-type":"","_monsterinsights_skip_tracking":false,"_monsterinsights_sitenote_active":false,"_monsterinsights_sitenote_note":"","_monsterinsights_sitenote_category":0},"product_brand":[],"product_cat":[239],"product_tag":[],"class_list":{"0":"post-4614","1":"product","2":"type-product","3":"status-publish","4":"has-post-thumbnail","6":"product_cat-useful-additions","8":"first","9":"instock","10":"taxable","11":"shipping-taxable","12":"purchasable","13":"product-type-simple"},"acf":[],"aioseo_notices":[],"jetpack_sharing_enabled":true,"_links":{"self":[{"href":"https:\/\/antcube.shop\/fr\/wp-json\/wp\/v2\/product\/4614","targetHints":{"allow":["GET"]}}],"collection":[{"href":"https:\/\/antcube.shop\/fr\/wp-json\/wp\/v2\/product"}],"about":[{"href":"https:\/\/antcube.shop\/fr\/wp-json\/wp\/v2\/types\/product"}],"replies":[{"embeddable":true,"href":"https:\/\/antcube.shop\/fr\/wp-json\/wp\/v2\/comments?post=4614"}],"wp:featuredmedia":[{"embeddable":true,"href":"https:\/\/antcube.shop\/fr\/wp-json\/wp\/v2\/media\/5125"}],"wp:attachment":[{"href":"https:\/\/antcube.shop\/fr\/wp-json\/wp\/v2\/media?parent=4614"}],"wp:term":[{"taxonomy":"product_brand","embeddable":true,"href":"https:\/\/antcube.shop\/fr\/wp-json\/wp\/v2\/product_brand?post=4614"},{"taxonomy":"product_cat","embeddable":true,"href":"https:\/\/antcube.shop\/fr\/wp-json\/wp\/v2\/product_cat?post=4614"},{"taxonomy":"product_tag","embeddable":true,"href":"https:\/\/antcube.shop\/fr\/wp-json\/wp\/v2\/product_tag?post=4614"}],"curies":[{"name":"wp","href":"https:\/\/api.w.org\/{rel}","templated":true}]}}