{"id":4612,"date":"2022-11-01T18:09:13","date_gmt":"2022-11-01T17:09:13","guid":{"rendered":"https:\/\/antcube.shop\/produkt\/antcube-vivarium-30x30x30-cube\/"},"modified":"2026-04-01T11:21:08","modified_gmt":"2026-04-01T09:21:08","slug":"vivarium-plantcube-30x30x30-biochorion","status":"publish","type":"product","link":"https:\/\/antcube.shop\/fr\/produit\/vivarium-plantcube-30x30x30-biochorion\/","title":{"rendered":"PLANTCUBE - Vivarium 30x30x30 Biochorion"},"content":{"rendered":"<p><strong>UN MORCEAU DE NATURE POUR VOTRE MAISON<\/strong><\/p>\n<p>Selon \"Krogerus\", un biochorion est \"l'endroit d'un biotope o\u00f9 l'on trouve r\u00e9guli\u00e8rement un animal parce qu'il lui offre les conditions de vie les plus importantes et les plus indispensables\"<\/p>\n<p><strong>Contenu :<\/strong><br \/>\n1x PLANTCUBE Vivarium 30x30x30 Biochorion<br \/>\n2x bouchons pour trou de 10mm<\/p>\n<p>Cube en verre 30x30x30cm avec 2 trous de 50mm de c\u00f4t\u00e9 et 2 trous de 10mm de c\u00f4t\u00e9<br \/>\nLe trou de 50 mm (point central) se trouve \u00e0 15 cm de hauteur. Le bord inf\u00e9rieur du trou est \u00e0 ~12,5 cm.<\/p>\n<p><strong>Dimensions :<\/strong> 300 x 300 x 300 mm ; \u00e9paisseur du verre 4 mm<\/p>\n<p><strong>Mat\u00e9riau :<\/strong> verre flott\u00e9<\/p>\n<p><strong>Ouvertures lat\u00e9rales :<\/strong><br \/>\n2x trou 50mm<br \/>\n2x trou 10mm<\/p>\n<p>Avec nos vivariums PLANTCUBE, vous pouvez cr\u00e9er votre propre \u0153uvre d'art vivante pour votre salon. Vous pouvez \u00e9galement \u00e9lever de petits animaux dans un PLANTCUBE, votre cr\u00e9ativit\u00e9 n'a donc pas de limite.<\/p>\n<p><strong>Personnalisez votre PLANTCUBE en fonction de vos besoins ou de ceux de vos plantes et animaux :<\/strong><br \/>\nLes deux trous de 10 mm sur le c\u00f4t\u00e9, situ\u00e9s \u00e0 2 cm de hauteur (au centre) du fond, sont destin\u00e9s \u00e0 l'\u00e9vacuation de l'eau exc\u00e9dentaire. Vous pouvez par exemple utiliser notre tuyau transparent 10\/06 mm pour \u00e9vacuer l'eau. Les deux trous de 50 mm peuvent \u00eatre ferm\u00e9s \u00e0 l'aide des bouchons fournis ou servir de ventilation suppl\u00e9mentaire lorsqu'ils sont \u00e9quip\u00e9s de grilles. Vous pouvez m\u00eame relier deux installations par un tube acrylique. Ainsi, si vous avez des animaux dans votre vivarium, ils peuvent se d\u00e9placer librement d'une installation \u00e0 l'autre.<\/p>\n<p><strong>Comment transformer votre PLANTCUBE en un \u00e9cosyst\u00e8me bioactif ?<\/strong><br \/>\n<strong>Cr\u00e9er une couche de drainage :<\/strong><br \/>\nPour soutenir vos plantes, vous devez d'abord construire une couche de drainage \u00e0 l'int\u00e9rieur de votre vivarium. Nous vous recommandons d'utiliser 2 \u00e0 3 cm de granul\u00e9s d'argile (4 \u00e0 8 mm) car ils sont l\u00e9gers. Veillez \u00e0 les laver \u00e0 l'eau courante avant de les mettre en place pour enlever la poussi\u00e8re.<\/p>\n<p>Vous pouvez placer un voile de drainage sur les granul\u00e9s d'argile pour s\u00e9parer le drainage du substrat.<\/p>\n<p><strong>Quels sont les plantes et le sol \u00e0 utiliser ?<\/strong><br \/>\nTout d\u00e9pend du type d'\"\u00e9cosyst\u00e8me\" que vous souhaitez cr\u00e9er. Si vous voulez construire un vivarium d\u00e9sertique ou plut\u00f4t sec, vous aurez besoin de plantes qui prosp\u00e8rent dans ce climat et d'utiliser le sol appropri\u00e9 dans lequel elles aiment pousser. Pour les vivariums tropicaux, c'est bien s\u00fbr la m\u00eame chose. Essayez d'utiliser des plantes provenant de r\u00e9gions et\/ou de climats similaires afin qu'elles se portent bien dans le m\u00eame type de sol et de climat. Un bon magasin de plantes devrait toujours avoir des informations sur le climat et le sol qui conviennent aux plantes qu'il vend.<\/p>\n<p><strong>Important :<\/strong> Si vous souhaitez faire cohabiter des plantes et des animaux, n'utilisez jamais de plantes dont vous ne savez pas si elles ont \u00e9t\u00e9 en contact avec des engrais ou des pesticides. N'utilisez que des plantes provenant de magasins de terrariums ou d'autres magasins similaires qui garantissent l'absence totale de pesticides et d'engrais. Ceux-ci peuvent en effet entra\u00eener la mort de vos animaux.<\/p>\n<p><strong>Introduire une \"\u00e9quipe de nettoyage\" pour rendre votre vivarium bioactif<\/strong><br \/>\n<strong>Qu'est-ce que la bioactivit\u00e9 ?<\/strong> Qu'est-ce que la bioactivit\u00e9 ? C'est ce qui se rapproche le plus d'une installation autonome. Il s'agit d'ajouter le m\u00e9lange de terre appropri\u00e9 et la mati\u00e8re organique pour que la microflore se forme, ainsi que la microfaune n\u00e9cessaire pour cr\u00e9er un cycle de nutriments dans votre vivarium.<\/p>\n<p><strong>Notre conseil :<\/strong> Notre conseil : ajoutez toujours de petites cr\u00e9atures comme les collemboles et les isopodes. Ils ne sont pas seulement une bonne source de nourriture \"in\u00e9puisable\", si vous voulez garder d'autres animaux dans votre vivarium. Ils se nourrissent surtout des moisissures qui peuvent se former en raison de l'humidit\u00e9 \u00e9lev\u00e9e et enrichissent le sol en nutriments, ce qui permet aux plantes de pousser sainement.<\/p>\n<p>Ajoutez du charbon de bois \u00e0 votre sol, ce qui aidera les microbes \u00e0 le coloniser. La mousse et l'\u00e9corce de li\u00e8ge ou le bois blanc pourri, en plus de la liti\u00e8re de feuilles, n'ont pas seulement un aspect naturel dans votre installation, ils nourrissent \u00e9galement votre \"\u00e9quipe de nettoyage\", leur fournissent des cachettes et des lieux de reproduction et sont faciles \u00e0 d\u00e9composer en \u00e9l\u00e9ments nutritifs pour vos plantes.<\/p>\n<p><strong>Dans la nature, tout est question d'\u00e9quilibre<\/strong><br \/>\nIl n'est cependant pas conseill\u00e9 d'utiliser certaines esp\u00e8ces d'isopodes sans ajouter d'\u00e9l\u00e9ments qui les chassent, car une population d'isopodes sans pr\u00e9dateurs tels que les fourmis, par exemple, devient vite incontr\u00f4lable et les plantes de votre vivarium deviennent alors rapidement une source de nourriture ind\u00e9sirable. Dans la nature, tout est question d'\u00e9quilibre.<\/p>\n<p><strong>Pour plus d'informations :<\/strong><br \/>\nLe verre est coup\u00e9 selon la norme DIN 1249 avec une tol\u00e9rance de +\/- 1mm. Pour les esp\u00e8ces de fourmis extr\u00eamement petites, une protection suppl\u00e9mentaire contre la casse est indispensable.<\/p>\n<div class=\"row\"  id=\"row-1028402054\">\n\n\t<div id=\"col-951841777\" class=\"col small-12 large-12\"  >\n\t\t\t\t<div class=\"col-inner\"  >\n\t\t\t\n\t\t\t\n\t<div id=\"text-2941244692\" class=\"text\">\n\t\t\n<h2>Vous trouverez ci-dessous quelques magasins que nous pouvons vous recommander et des informations suppl\u00e9mentaires sur la fa\u00e7on de cr\u00e9er un PLANTCUBE unique et bioactif :<\/h2>\n\t\t\n<style>\n#text-2941244692 {\n  font-size: 1rem;\n  text-align: center;\n}\n<\/style>\n\t<\/div>\n\t\n\t<div id=\"gap-1110949303\" class=\"gap-element clearfix\" style=\"display:block; height:auto;\">\n\t\t\n<style>\n#gap-1110949303 {\n  padding-top: 40px;\n}\n<\/style>\n\t<\/div>\n\t\n\t\t<\/div>\n\t\t\t\t\n<style>\n#col-951841777 > .col-inner {\n  padding: 30px 0px 0px 0px;\n}\n<\/style>\n\t<\/div>\n\n\t\n\n\t<div id=\"col-441471937\" class=\"col medium-6 small-12 large-6\"  >\n\t\t\t\t<div class=\"col-inner\"  >\n\t\t\t\n\t\t\t\n\n\t<section class=\"section\" id=\"section_164318570\">\n\t\t<div class=\"section-bg fill\" >\n\t\t\t<img data-recalc-dims=\"1\" loading=\"lazy\" decoding=\"async\" width=\"1020\" height=\"574\" src=\"https:\/\/i0.wp.com\/antcube.shop\/wp-content\/uploads\/2024\/10\/2560x1440_youtube-Banner-2.png?resize=1020%2C574&#038;ssl=1\" class=\"bg attachment- size-\" alt=\"\" \/>\t\t\t\t\t\t\n\t\t\t\n\n\t\t<\/div>\n\n\t\t\n\n\t\t<div class=\"section-content relative\">\n\t\t\t\n<div class=\"row align-center\"  id=\"row-455085287\">\n\n\t<div id=\"col-705764625\" class=\"col medium-10 small-12 large-10\"  >\n\t\t\t\t<div class=\"col-inner text-center\"  >\n\t\t\t\n\t\t\t\n<h2 class=\"uppercase\">Guide \u00e9tape par \u00e9tape sur notre blog<\/h2>\n<a href=\"https:\/\/antcube.shop\/en\/2024\/10\/22\/how-to-create-your-bioactive-vivarium\/\" class=\"button primary\" >\n\t\t<span>BLOG<\/span>\n\t<\/a>\n\n\t\t<\/div>\n\t\t\t\t\n<style>\n#col-705764625 > .col-inner {\n  margin: -150px 0px 0px 0px;\n}\n@media (min-width:550px) {\n  #col-705764625 > .col-inner {\n    margin: -200px 0px 0px 0px;\n  }\n}\n<\/style>\n\t<\/div>\n\n\t\n<\/div>\n\t\t<\/div>\n\n\t\t\n<style>\n#section_164318570 {\n  padding-top: 60px;\n  padding-bottom: 60px;\n  min-height: 300px;\n  background-color: rgb(255,255,255);\n}\n#section_164318570 .section-bg img {\n  object-position: 50% 0%;\n}\n<\/style>\n\t<\/section>\n\t\n\t\t<\/div>\n\t\t\t\t\t<\/div>\n\n\t\n\n\t<div id=\"col-900391251\" class=\"col medium-6 small-12 large-6\"  >\n\t\t\t\t<div class=\"col-inner\"  >\n\t\t\t\n\t\t\t\n\n\t<section class=\"section\" id=\"section_557489695\">\n\t\t<div class=\"section-bg fill\" >\n\t\t\t<img data-recalc-dims=\"1\" loading=\"lazy\" decoding=\"async\" width=\"1020\" height=\"680\" src=\"https:\/\/i0.wp.com\/antcube.shop\/wp-content\/uploads\/2024\/10\/Collage_FULL-HD_-2-scaled.jpg?resize=1020%2C680&#038;ssl=1\" class=\"bg attachment-original size-original\" alt=\"\" \/>\t\t\t\t\t\t\n\t\t\t\n\n\t\t<\/div>\n\n\t\t\n\n\t\t<div class=\"section-content relative\">\n\t\t\t\n<div class=\"row align-center\"  id=\"row-489399108\">\n\n\t<div id=\"col-1020123945\" class=\"col medium-10 small-12 large-10\"  >\n\t\t\t\t<div class=\"col-inner text-center\"  >\n\t\t\t\n\t\t\t\n<h2 class=\"uppercase\">Plus d'informations sur plantcube<\/h2>\n<a href=\"https:\/\/antcube.shop\/en\/plantcube\/\" class=\"button primary\" >\n\t\t<span>plantcube<\/span>\n\t<\/a>\n\n\t\t<\/div>\n\t\t\t\t\n<style>\n#col-1020123945 > .col-inner {\n  margin: -150px 0px 0px 0px;\n}\n@media (min-width:550px) {\n  #col-1020123945 > .col-inner {\n    margin: -200px 0px 0px 0px;\n  }\n}\n<\/style>\n\t<\/div>\n\n\t\n<\/div>\n\t\t<\/div>\n\n\t\t\n<style>\n#section_557489695 {\n  padding-top: 60px;\n  padding-bottom: 60px;\n  min-height: 300px;\n}\n#section_557489695 .section-bg img {\n  object-position: 51% 0%;\n}\n<\/style>\n\t<\/section>\n\t\n\t\t<\/div>\n\t\t\t\t\t<\/div>\n\n\t\n<\/div>","protected":false},"excerpt":{"rendered":"<p><strong>Bassin en verre uniquement<\/strong><\/p>","protected":false},"featured_media":9896,"comment_status":"open","ping_status":"closed","template":"","meta":{"_acf_changed":false,"content-type":"","_monsterinsights_skip_tracking":false,"_monsterinsights_sitenote_active":false,"_monsterinsights_sitenote_note":"","_monsterinsights_sitenote_category":0},"product_brand":[],"product_cat":[341],"product_tag":[],"class_list":{"0":"post-4612","1":"product","2":"type-product","3":"status-publish","4":"has-post-thumbnail","6":"product_cat-vivariums","8":"first","9":"instock","10":"taxable","11":"shipping-taxable","12":"purchasable","13":"product-type-simple"},"acf":[],"aioseo_notices":[],"jetpack_sharing_enabled":true,"_links":{"self":[{"href":"https:\/\/antcube.shop\/fr\/wp-json\/wp\/v2\/product\/4612","targetHints":{"allow":["GET"]}}],"collection":[{"href":"https:\/\/antcube.shop\/fr\/wp-json\/wp\/v2\/product"}],"about":[{"href":"https:\/\/antcube.shop\/fr\/wp-json\/wp\/v2\/types\/product"}],"replies":[{"embeddable":true,"href":"https:\/\/antcube.shop\/fr\/wp-json\/wp\/v2\/comments?post=4612"}],"wp:featuredmedia":[{"embeddable":true,"href":"https:\/\/antcube.shop\/fr\/wp-json\/wp\/v2\/media\/9896"}],"wp:attachment":[{"href":"https:\/\/antcube.shop\/fr\/wp-json\/wp\/v2\/media?parent=4612"}],"wp:term":[{"taxonomy":"product_brand","embeddable":true,"href":"https:\/\/antcube.shop\/fr\/wp-json\/wp\/v2\/product_brand?post=4612"},{"taxonomy":"product_cat","embeddable":true,"href":"https:\/\/antcube.shop\/fr\/wp-json\/wp\/v2\/product_cat?post=4612"},{"taxonomy":"product_tag","embeddable":true,"href":"https:\/\/antcube.shop\/fr\/wp-json\/wp\/v2\/product_tag?post=4612"}],"curies":[{"name":"wp","href":"https:\/\/api.w.org\/{rel}","templated":true}]}}