{"id":4607,"date":"2022-11-01T18:07:37","date_gmt":"2022-11-01T17:07:37","guid":{"rendered":"https:\/\/antcube.shop\/produkt\/formicariengranulat-1000ml-weis\/"},"modified":"2026-03-24T18:13:06","modified_gmt":"2026-03-24T17:13:06","slug":"formicariengranulat-1000ml-weis","status":"publish","type":"product","link":"https:\/\/antcube.shop\/fr\/produit\/formicariengranulat-1000ml-weis\/","title":{"rendered":"Formicarium granules 1000ml - blanc"},"content":{"rendered":"<p><strong>Contenu :<\/strong> 1000ml (\u00e9quivalent \u00e0 ~80g)<\/p>\n<p><strong>Taille du grain :<\/strong> 1 - 6 mm<\/p>\n<p><strong>Couleur :<\/strong> blanc<\/p>\n<p><strong>Mat\u00e9riau de la base :<\/strong> m\u00e9lange sp\u00e9cial d'obsidienne volcanique\/perlite<\/p>\n<p><strong>Description :<\/strong> Le mat\u00e9riau retient l'humidit\u00e9 et assure une bonne a\u00e9ration du sol dans le formicarium, prot\u00e9geant ainsi contre l'engorgement et la pourriture. La couche granulaire doit \u00eatre utilis\u00e9e sur environ 1 \u00e0 2 cm comme couche de sol inf\u00e9rieure dans une ferme.<\/p>\n<p><strong>Propri\u00e9t\u00e9s :<\/strong><br \/>\n- inorganique, produit min\u00e9ral<br \/>\n- biologiquement et chimiquement neutre<br \/>\n- structurellement stable<br \/>\n- stocke l'humidit\u00e9<\/p>","protected":false},"excerpt":{"rendered":"<p>Pour les supports neutres ou l\u00e9gers de type sable\/argile<\/p>","protected":false},"featured_media":5734,"comment_status":"open","ping_status":"closed","template":"","meta":{"_acf_changed":false,"content-type":"","_monsterinsights_skip_tracking":false,"_monsterinsights_sitenote_active":false,"_monsterinsights_sitenote_note":"","_monsterinsights_sitenote_category":0},"product_brand":[],"product_cat":[241],"product_tag":[],"class_list":{"0":"post-4607","1":"product","2":"type-product","3":"status-publish","4":"has-post-thumbnail","6":"product_cat-granules","8":"first","9":"instock","10":"taxable","11":"shipping-taxable","12":"purchasable","13":"product-type-simple"},"acf":[],"aioseo_notices":[],"jetpack_sharing_enabled":true,"_links":{"self":[{"href":"https:\/\/antcube.shop\/fr\/wp-json\/wp\/v2\/product\/4607","targetHints":{"allow":["GET"]}}],"collection":[{"href":"https:\/\/antcube.shop\/fr\/wp-json\/wp\/v2\/product"}],"about":[{"href":"https:\/\/antcube.shop\/fr\/wp-json\/wp\/v2\/types\/product"}],"replies":[{"embeddable":true,"href":"https:\/\/antcube.shop\/fr\/wp-json\/wp\/v2\/comments?post=4607"}],"wp:featuredmedia":[{"embeddable":true,"href":"https:\/\/antcube.shop\/fr\/wp-json\/wp\/v2\/media\/5734"}],"wp:attachment":[{"href":"https:\/\/antcube.shop\/fr\/wp-json\/wp\/v2\/media?parent=4607"}],"wp:term":[{"taxonomy":"product_brand","embeddable":true,"href":"https:\/\/antcube.shop\/fr\/wp-json\/wp\/v2\/product_brand?post=4607"},{"taxonomy":"product_cat","embeddable":true,"href":"https:\/\/antcube.shop\/fr\/wp-json\/wp\/v2\/product_cat?post=4607"},{"taxonomy":"product_tag","embeddable":true,"href":"https:\/\/antcube.shop\/fr\/wp-json\/wp\/v2\/product_tag?post=4607"}],"curies":[{"name":"wp","href":"https:\/\/api.w.org\/{rel}","templated":true}]}}