{"id":4605,"date":"2022-11-01T18:07:07","date_gmt":"2022-11-01T17:07:07","guid":{"rendered":"https:\/\/antcube.shop\/produkt\/formicariengranulat-1000ml-schwarz\/"},"modified":"2026-04-20T09:57:23","modified_gmt":"2026-04-20T07:57:23","slug":"formicariengranulat-1000ml-schwarz","status":"publish","type":"product","link":"https:\/\/antcube.shop\/fr\/produit\/formicariengranulat-1000ml-schwarz\/","title":{"rendered":"Granules de formicarium 1000ml - noir"},"content":{"rendered":"<p><strong>Contenu :<\/strong> 1000ml (\u00e9quivalent \u00e0 ~600g)<\/p>\n<p><strong>Taille du grain :<\/strong> 1 - 8 mm<\/p>\n<p><strong>Couleur :<\/strong> noir<\/p>\n<p><strong>Mat\u00e9riau de la base :<\/strong> m\u00e9lange sp\u00e9cial de pierres volcaniques de haute qualit\u00e9<\/p>\n<p><strong>Description :<\/strong> Le mat\u00e9riau retient l'humidit\u00e9 et assure une bonne a\u00e9ration du sol dans le formicarium, prot\u00e9geant ainsi contre l'engorgement et la pourriture. La couche granulaire doit \u00eatre utilis\u00e9e \u00e0 environ 1 \u00e0 2 cm comme couche de sol la plus basse dans une exploitation.<\/p>\n<p><strong>Propri\u00e9t\u00e9s :<\/strong><br \/>\n- inorganique, produit min\u00e9ral<br \/>\n- biologiquement et chimiquement neutre<br \/>\n- structurellement stable<br \/>\n- stocke l'humidit\u00e9<\/p>","protected":false},"excerpt":{"rendered":"<p>Pour le substrat de for\u00eat ou de for\u00eat tropicale<\/p>","protected":false},"featured_media":5733,"comment_status":"open","ping_status":"closed","template":"","meta":{"_acf_changed":false,"content-type":"","_monsterinsights_skip_tracking":false,"_monsterinsights_sitenote_active":false,"_monsterinsights_sitenote_note":"","_monsterinsights_sitenote_category":0},"product_brand":[],"product_cat":[101,100,241],"product_tag":[],"class_list":{"0":"post-4605","1":"product","2":"type-product","3":"status-publish","4":"has-post-thumbnail","6":"product_cat-forest","7":"product_cat-rainforest","8":"product_cat-granules","10":"first","11":"instock","12":"taxable","13":"shipping-taxable","14":"purchasable","15":"product-type-simple"},"acf":[],"aioseo_notices":[],"jetpack_sharing_enabled":true,"_links":{"self":[{"href":"https:\/\/antcube.shop\/fr\/wp-json\/wp\/v2\/product\/4605","targetHints":{"allow":["GET"]}}],"collection":[{"href":"https:\/\/antcube.shop\/fr\/wp-json\/wp\/v2\/product"}],"about":[{"href":"https:\/\/antcube.shop\/fr\/wp-json\/wp\/v2\/types\/product"}],"replies":[{"embeddable":true,"href":"https:\/\/antcube.shop\/fr\/wp-json\/wp\/v2\/comments?post=4605"}],"wp:featuredmedia":[{"embeddable":true,"href":"https:\/\/antcube.shop\/fr\/wp-json\/wp\/v2\/media\/5733"}],"wp:attachment":[{"href":"https:\/\/antcube.shop\/fr\/wp-json\/wp\/v2\/media?parent=4605"}],"wp:term":[{"taxonomy":"product_brand","embeddable":true,"href":"https:\/\/antcube.shop\/fr\/wp-json\/wp\/v2\/product_brand?post=4605"},{"taxonomy":"product_cat","embeddable":true,"href":"https:\/\/antcube.shop\/fr\/wp-json\/wp\/v2\/product_cat?post=4605"},{"taxonomy":"product_tag","embeddable":true,"href":"https:\/\/antcube.shop\/fr\/wp-json\/wp\/v2\/product_tag?post=4605"}],"curies":[{"name":"wp","href":"https:\/\/api.w.org\/{rel}","templated":true}]}}