{"id":4373,"date":"2022-06-20T09:12:57","date_gmt":"2022-06-20T07:12:57","guid":{"rendered":"https:\/\/antcube.shop\/produkt\/cricket-jam\/"},"modified":"2026-04-14T21:24:11","modified_gmt":"2026-04-14T19:24:11","slug":"cricket-jam","status":"publish","type":"product","link":"https:\/\/antcube.shop\/fr\/produit\/cricket-jam\/","title":{"rendered":"Cricket Jam"},"content":{"rendered":"<p><strong>Poids net :<\/strong> 25 g par pot<br \/>\ngrillons en pur\u00e9e et \u00e0 la vapeur<\/p>\n<p>alimentation unique<\/p>\n<p><strong>Description :<\/strong><br \/>\nNos grillons blanchis sont un moyen facile de fournir \u00e0 vos fourmis une nourriture prot\u00e9in\u00e9e fra\u00eechement conserv\u00e9e sans avoir \u00e0 nourrir des insectes vivants. Les grillons inclus (Acheta domesticus) ont \u00e9t\u00e9 d\u00e9licatement blanchis pour garantir la pr\u00e9servation de la valeur nutritionnelle, de la saveur et de l'ar\u00f4me. En outre, la carapace chitineuse des insectes est ainsi ramollie, ce qui permet de la dig\u00e9rer plus facilement. Les compos\u00e9s des prot\u00e9ines collag\u00e8nes sont d\u00e9compos\u00e9s afin que les fourmis puissent mieux les utiliser. Les Acheta domesticus en conserve ont la m\u00eame valeur nutritionnelle que les grillons vivants, mais sont plus faciles \u00e0 dig\u00e9rer. Contrairement aux grillons congel\u00e9s ou s\u00e9ch\u00e9s qui perdent environ 60% de prot\u00e9ines, les prot\u00e9ines contenues peuvent \u00eatre transform\u00e9es en pr\u00e8s de 100%.<\/p>\n<p>Le Cricket Jam ne convient pas pour chasser les esp\u00e8ces de fourmis qui ont besoin de nourriture vivante (par exemple les Ponerines (fourmis primordiales) telles que Harpegnathos ou Odontomachus).<\/p>\n<p><strong>Autres avantages :<\/strong><\/p>\n<p>Garanti sans acariens<\/p>\n<p>Portionnable et diluable \u00e0 l'eau.<\/p>\n<p>St\u00e9rilis\u00e9 et mis sous vide<br \/>\nSans additifs<br \/>\nGrillons issus d'un \u00e9levage durable purement biologique, nourris de d\u00e9chets organiques<\/p>\n<p><strong>Informations nutritionnelles :<\/strong><br \/>\nProt\u00e9ines brutes : 20%<br \/>\nMati\u00e8res grasses brutes : 7%<br \/>\nFibre brute : 22%<br \/>\nFr\u00eane : 4%<br \/>\nHumidit\u00e9 : 46%<\/p>\n<p><strong>Avis :<\/strong><br \/>\nUne fois ouvert, il peut \u00eatre conserv\u00e9 pendant environ quatre jours au r\u00e9frig\u00e9rateur. La dur\u00e9e de conservation est plus longue si elle est congel\u00e9e.<br \/>\n<strong>Attention :<\/strong> Portionnez d'abord, puis congelez.<\/p>","protected":false},"excerpt":{"rendered":"<p>Alimentation unique<\/p>","protected":false},"featured_media":4378,"comment_status":"open","ping_status":"closed","template":"","meta":{"_acf_changed":false,"content-type":"","_monsterinsights_skip_tracking":false,"_monsterinsights_sitenote_active":false,"_monsterinsights_sitenote_note":"","_monsterinsights_sitenote_category":0},"product_brand":[],"product_cat":[257,115,116],"product_tag":[],"class_list":{"0":"post-4373","1":"product","2":"type-product","3":"status-publish","4":"has-post-thumbnail","6":"product_cat-new-innovatve-products","7":"product_cat-food-and-feeding","8":"product_cat-food","10":"first","11":"instock","12":"taxable","13":"shipping-taxable","14":"purchasable","15":"product-type-simple"},"acf":[],"aioseo_notices":[],"jetpack_sharing_enabled":true,"_links":{"self":[{"href":"https:\/\/antcube.shop\/fr\/wp-json\/wp\/v2\/product\/4373","targetHints":{"allow":["GET"]}}],"collection":[{"href":"https:\/\/antcube.shop\/fr\/wp-json\/wp\/v2\/product"}],"about":[{"href":"https:\/\/antcube.shop\/fr\/wp-json\/wp\/v2\/types\/product"}],"replies":[{"embeddable":true,"href":"https:\/\/antcube.shop\/fr\/wp-json\/wp\/v2\/comments?post=4373"}],"wp:featuredmedia":[{"embeddable":true,"href":"https:\/\/antcube.shop\/fr\/wp-json\/wp\/v2\/media\/4378"}],"wp:attachment":[{"href":"https:\/\/antcube.shop\/fr\/wp-json\/wp\/v2\/media?parent=4373"}],"wp:term":[{"taxonomy":"product_brand","embeddable":true,"href":"https:\/\/antcube.shop\/fr\/wp-json\/wp\/v2\/product_brand?post=4373"},{"taxonomy":"product_cat","embeddable":true,"href":"https:\/\/antcube.shop\/fr\/wp-json\/wp\/v2\/product_cat?post=4373"},{"taxonomy":"product_tag","embeddable":true,"href":"https:\/\/antcube.shop\/fr\/wp-json\/wp\/v2\/product_tag?post=4373"}],"curies":[{"name":"wp","href":"https:\/\/api.w.org\/{rel}","templated":true}]}}