{"id":4343,"date":"2022-06-08T14:36:54","date_gmt":"2022-06-08T12:36:54","guid":{"rendered":"https:\/\/antcube.shop\/produkt\/naturbusch-auf-schieferplatte-gros\/"},"modified":"2025-10-19T15:15:12","modified_gmt":"2025-10-19T13:15:12","slug":"naturbusch-auf-schieferplatte-gros","status":"publish","type":"product","link":"https:\/\/antcube.shop\/fr\/produit\/naturbusch-auf-schieferplatte-gros\/","title":{"rendered":"Arbuste ornemental"},"content":{"rendered":"<p>Taille \/ hauteur 17 cm \u00e0 19 cm, diam\u00e8tre ~ 10 cm -12 cm, id\u00e9al pour les ar\u00e8nes 30x30x30 cm et plus.<br \/>\nLe poids varie de 50 \u00e0 80 grammes<\/p>\n<p>Article d\u00e9coratif compos\u00e9 d'un arbuste en bois s\u00e9ch\u00e9 naturellement et d'une base en r\u00e9sine synth\u00e9tique (plaque de base).<br \/>\nCet arbuste d\u00e9coratif a \u00e9t\u00e9 fabriqu\u00e9 \u00e0 la main en Allemagne et se caract\u00e9rise donc par sa durabilit\u00e9.<\/p>\n<p><strong>ATTENTION :<\/strong> Veuillez ne pas placer dans une formicaria tr\u00e8s humide (plus de 60% d'humidit\u00e9). Le buisson pourrait commencer \u00e0 moisir. Avec une tr\u00e8s bonne ventilation, le buisson peut \u00eatre plac\u00e9 dans des formicariums plus humides.<\/p>\n<p>Certains arbustes ornementaux ne tiennent pas debout tout seuls dans le formicarium en raison de leur hauteur. Dans ce cas, il est utile de recouvrir l\u00e9g\u00e8rement la base avec du substrat ou de placer le produit pr\u00e8s des fen\u00eatres ext\u00e9rieures.<\/p>\n<p><span data-text-color=\"alert\"><strong>NOTE IMPORTANTE CONCERNANT L'ARTICLE :<\/strong><\/span><br \/>\nComme il s'agit d'un produit naturel\/unique, les photos ici ne sont pas compl\u00e8tement identiques \u00e0 l'article que vous recevrez. Il y aura des variations dans la taille, la forme et la couleur du mini arbre ainsi que de la plaque de base en ardoise de carri\u00e8re. Nous ne garantissons que la hauteur maximale de l'article.<\/p>\n<p>En commandant cet article, vous acceptez et consentez aux variations possibles du produit en taille, forme et couleur au moment de l'achat.<\/p>","protected":false},"excerpt":{"rendered":"<p>Taille : 17-19 cm de haut<\/p>","protected":false},"featured_media":6380,"comment_status":"open","ping_status":"closed","template":"","meta":{"_acf_changed":false,"content-type":"","_monsterinsights_skip_tracking":false,"_monsterinsights_sitenote_active":false,"_monsterinsights_sitenote_note":"","_monsterinsights_sitenote_category":0},"product_brand":[],"product_cat":[99,101,102],"product_tag":[],"class_list":{"0":"post-4343","1":"product","2":"type-product","3":"status-publish","4":"has-post-thumbnail","6":"product_cat-desert","7":"product_cat-forest","8":"product_cat-meadow","10":"first","11":"outofstock","12":"taxable","13":"shipping-taxable","14":"purchasable","15":"product-type-simple"},"acf":[],"aioseo_notices":[],"jetpack_sharing_enabled":true,"_links":{"self":[{"href":"https:\/\/antcube.shop\/fr\/wp-json\/wp\/v2\/product\/4343","targetHints":{"allow":["GET"]}}],"collection":[{"href":"https:\/\/antcube.shop\/fr\/wp-json\/wp\/v2\/product"}],"about":[{"href":"https:\/\/antcube.shop\/fr\/wp-json\/wp\/v2\/types\/product"}],"replies":[{"embeddable":true,"href":"https:\/\/antcube.shop\/fr\/wp-json\/wp\/v2\/comments?post=4343"}],"wp:featuredmedia":[{"embeddable":true,"href":"https:\/\/antcube.shop\/fr\/wp-json\/wp\/v2\/media\/6380"}],"wp:attachment":[{"href":"https:\/\/antcube.shop\/fr\/wp-json\/wp\/v2\/media?parent=4343"}],"wp:term":[{"taxonomy":"product_brand","embeddable":true,"href":"https:\/\/antcube.shop\/fr\/wp-json\/wp\/v2\/product_brand?post=4343"},{"taxonomy":"product_cat","embeddable":true,"href":"https:\/\/antcube.shop\/fr\/wp-json\/wp\/v2\/product_cat?post=4343"},{"taxonomy":"product_tag","embeddable":true,"href":"https:\/\/antcube.shop\/fr\/wp-json\/wp\/v2\/product_tag?post=4343"}],"curies":[{"name":"wp","href":"https:\/\/api.w.org\/{rel}","templated":true}]}}