{"id":4342,"date":"2022-06-08T14:36:40","date_gmt":"2022-06-08T12:36:40","guid":{"rendered":"https:\/\/antcube.shop\/produkt\/naturbusch-auf-schieferplatte-klein\/"},"modified":"2026-04-06T16:26:17","modified_gmt":"2026-04-06T14:26:17","slug":"naturbusch-auf-schieferplatte-klein","status":"publish","type":"product","link":"https:\/\/antcube.shop\/fr\/produit\/naturbusch-auf-schieferplatte-klein\/","title":{"rendered":"Buisson naturel sur ardoise - Petit"},"content":{"rendered":"<p>Taille \/ hauteur jusqu'\u00e0 9 cm, id\u00e9al pour les ar\u00e8nes 20x20x10 cm.<br \/>\nLe poids varie de 200 \u00e0 600 grammes<\/p>\n<p>Article d\u00e9coratif constitu\u00e9 de composants purement naturels, d'un buisson de bois s\u00e9ch\u00e9 et d'une plaque d'ardoise (plaque de base). Tous deux sont des produits naturels non trait\u00e9s.<br \/>\nCe mini arbre a \u00e9t\u00e9 fabriqu\u00e9 \u00e0 la main en Allemagne, et se caract\u00e9rise donc par sa durabilit\u00e9.<\/p>\n<p><strong>ATTENTION :<\/strong> Veuillez ne pas placer dans une formicaria tr\u00e8s humide (plus de 60% d'humidit\u00e9). Le buisson pourrait commencer \u00e0 moisir. Avec une tr\u00e8s bonne ventilation, le buisson peut \u00eatre plac\u00e9 dans des formicariums plus humides.<\/p>\n<p><strong>NOTE IMPORTANTE CONCERNANT L'ARTICLE :<\/strong><br \/>\nComme il s'agit d'un produit naturel\/unique, les photos ici ne sont pas compl\u00e8tement identiques \u00e0 l'article que vous recevrez. Il y aura des variations dans la taille, la forme et la couleur du mini arbre ainsi que de la plaque de base en ardoise de carri\u00e8re. Nous ne garantissons que la hauteur maximale de l'article.<\/p>\n<p>En commandant cet article, vous acceptez et consentez aux variations possibles du produit en taille, forme et couleur au moment de l'achat.<\/p>","protected":false},"excerpt":{"rendered":"<p>Taille : 18x15x9<\/p>","protected":false},"featured_media":4355,"comment_status":"open","ping_status":"closed","template":"","meta":{"_acf_changed":false,"content-type":"","_monsterinsights_skip_tracking":false,"_monsterinsights_sitenote_active":false,"_monsterinsights_sitenote_note":"","_monsterinsights_sitenote_category":0},"product_brand":[],"product_cat":[99,101,102],"product_tag":[],"class_list":{"0":"post-4342","1":"product","2":"type-product","3":"status-publish","4":"has-post-thumbnail","6":"product_cat-desert","7":"product_cat-forest","8":"product_cat-meadow","10":"first","11":"instock","12":"taxable","13":"shipping-taxable","14":"purchasable","15":"product-type-simple"},"acf":[],"aioseo_notices":[],"jetpack_sharing_enabled":true,"_links":{"self":[{"href":"https:\/\/antcube.shop\/fr\/wp-json\/wp\/v2\/product\/4342","targetHints":{"allow":["GET"]}}],"collection":[{"href":"https:\/\/antcube.shop\/fr\/wp-json\/wp\/v2\/product"}],"about":[{"href":"https:\/\/antcube.shop\/fr\/wp-json\/wp\/v2\/types\/product"}],"replies":[{"embeddable":true,"href":"https:\/\/antcube.shop\/fr\/wp-json\/wp\/v2\/comments?post=4342"}],"wp:featuredmedia":[{"embeddable":true,"href":"https:\/\/antcube.shop\/fr\/wp-json\/wp\/v2\/media\/4355"}],"wp:attachment":[{"href":"https:\/\/antcube.shop\/fr\/wp-json\/wp\/v2\/media?parent=4342"}],"wp:term":[{"taxonomy":"product_brand","embeddable":true,"href":"https:\/\/antcube.shop\/fr\/wp-json\/wp\/v2\/product_brand?post=4342"},{"taxonomy":"product_cat","embeddable":true,"href":"https:\/\/antcube.shop\/fr\/wp-json\/wp\/v2\/product_cat?post=4342"},{"taxonomy":"product_tag","embeddable":true,"href":"https:\/\/antcube.shop\/fr\/wp-json\/wp\/v2\/product_tag?post=4342"}],"curies":[{"name":"wp","href":"https:\/\/api.w.org\/{rel}","templated":true}]}}