{"id":4286,"date":"2022-04-28T15:48:56","date_gmt":"2022-04-28T13:48:56","guid":{"rendered":"https:\/\/antcube.shop\/produkt\/reagenzglas-200x25-mm\/"},"modified":"2026-04-16T19:23:49","modified_gmt":"2026-04-16T17:23:49","slug":"reagenzglas-200x25-mm","status":"publish","type":"product","link":"https:\/\/antcube.shop\/fr\/produit\/reagenzglas-200x25-mm\/","title":{"rendered":"Tube d'essai en verre 200\u00d725 mm"},"content":{"rendered":"<p><b>Taille :<\/b><br \/>\nLongueur : 200 mm<br \/>\nDiam\u00e8tre : 25 mm (ext\u00e9rieur)<br \/>\nEpaisseur 1mm<\/p>\n<p><b>Description :<\/b> Tube \u00e0 essai en verre sodocalcique, \u00e0 parois \u00e9paisses et \u00e0 rebord. Peut \u00eatre utilis\u00e9 comme chambre de nidification pour une p\u00e9riode plus longue en remplissant 1\/3 avec de l'eau et en le fermant avec du coton absorbant. Convient \u00e9galement comme r\u00e9cipient de transport.<\/p>","protected":false},"excerpt":{"rendered":"<p>Taille : Longueur : 200mm Diam\u00e8tre : 25mm (ext\u00e9rieur) Epaisseur 1mm Description : Tube \u00e0 essai en verre sodocalcique, \u00e0 paroi \u00e9paisse et \u00e0 rebord. Peut \u00eatre utilis\u00e9 comme chambre de nidification pour une p\u00e9riode plus longue en remplissant 1\/3 avec de l'eau et en le fermant avec du coton absorbant. Convient \u00e9galement comme r\u00e9cipient de transport.<\/p>","protected":false},"featured_media":4289,"comment_status":"open","ping_status":"closed","template":"","meta":{"_acf_changed":false,"content-type":"","_monsterinsights_skip_tracking":false,"_monsterinsights_sitenote_active":false,"_monsterinsights_sitenote_note":"","_monsterinsights_sitenote_category":0},"product_brand":[],"product_cat":[237],"product_tag":[],"class_list":{"0":"post-4286","1":"product","2":"type-product","3":"status-publish","4":"has-post-thumbnail","6":"product_cat-tools","8":"first","9":"instock","10":"taxable","11":"shipping-taxable","12":"purchasable","13":"product-type-simple"},"acf":[],"aioseo_notices":[],"jetpack_sharing_enabled":true,"_links":{"self":[{"href":"https:\/\/antcube.shop\/fr\/wp-json\/wp\/v2\/product\/4286","targetHints":{"allow":["GET"]}}],"collection":[{"href":"https:\/\/antcube.shop\/fr\/wp-json\/wp\/v2\/product"}],"about":[{"href":"https:\/\/antcube.shop\/fr\/wp-json\/wp\/v2\/types\/product"}],"replies":[{"embeddable":true,"href":"https:\/\/antcube.shop\/fr\/wp-json\/wp\/v2\/comments?post=4286"}],"wp:featuredmedia":[{"embeddable":true,"href":"https:\/\/antcube.shop\/fr\/wp-json\/wp\/v2\/media\/4289"}],"wp:attachment":[{"href":"https:\/\/antcube.shop\/fr\/wp-json\/wp\/v2\/media?parent=4286"}],"wp:term":[{"taxonomy":"product_brand","embeddable":true,"href":"https:\/\/antcube.shop\/fr\/wp-json\/wp\/v2\/product_brand?post=4286"},{"taxonomy":"product_cat","embeddable":true,"href":"https:\/\/antcube.shop\/fr\/wp-json\/wp\/v2\/product_cat?post=4286"},{"taxonomy":"product_tag","embeddable":true,"href":"https:\/\/antcube.shop\/fr\/wp-json\/wp\/v2\/product_tag?post=4286"}],"curies":[{"name":"wp","href":"https:\/\/api.w.org\/{rel}","templated":true}]}}