{"id":4260,"date":"2022-04-28T14:01:03","date_gmt":"2022-04-28T12:01:03","guid":{"rendered":"https:\/\/antcube.shop\/produkt\/nestrohrchen-rack-18mm\/"},"modified":"2026-03-23T15:57:06","modified_gmt":"2026-03-23T14:57:06","slug":"nestrohrchen-rack-18mm-2","status":"publish","type":"product","link":"https:\/\/antcube.shop\/fr\/produit\/nestrohrchen-rack-18mm-2\/","title":{"rendered":"Cr\u00e9maill\u00e8re \u00e0 tubes 18mm"},"content":{"rendered":"<p style=\"margin-bottom: 0cm;\"><strong>Dimensions :<\/strong> 25x12x3 cm<\/p>\n<p><strong>Mat\u00e9riaux : <\/strong>PMMA, PVC<\/p>\n<p><strong>Couleur : <\/strong>limpide, transparent, transparent<\/p>\n<p><strong>Contenu :<\/strong><br \/>\n2x plaque d'al\u00e9sage (10x trous)<br \/>\n2x plaque de pr\u00e9hension<br \/>\n4x sangles \u00e9lastiques<\/p>\n<p><strong>Note : <\/strong>Les pi\u00e8ces sont fournies sous forme de kit ou de syst\u00e8me enfichable. Aucun collage n'est n\u00e9cessaire.<\/p>\n<p><strong>Connexion :<\/strong><br \/>\npour les tubes de nidification d'un diam\u00e8tre de 18 mm<\/p>\n<p><strong>Description :<\/strong> Le support pour tubes de nidification est utilis\u00e9 pour le stockage soigneux des tubes de nidification des fourmis. Le kit est facile \u00e0 assembler.<\/p>\n<p><strong>Application :<\/strong> Pour le stockage des tubes de nidification. Convient \u00e0 notre incubateur pour fourmis<\/p>\n<p><strong>Note :<\/strong> Pour am\u00e9liorer la stabilit\u00e9 lors de l'empilage, nous recommandons l'utilisation de \"Joint d'\u00e9tanch\u00e9it\u00e9 transparent flexible 20-50 mm - 10 pcs\" voir recommandation de l'article.<\/p>","protected":false},"excerpt":{"rendered":"<p>pour tubes de nidification de 18mm<\/p>","protected":false},"featured_media":4277,"comment_status":"open","ping_status":"closed","template":"","meta":{"_acf_changed":false,"content-type":"","_monsterinsights_skip_tracking":false,"_monsterinsights_sitenote_active":false,"_monsterinsights_sitenote_note":"","_monsterinsights_sitenote_category":0},"product_brand":[],"product_cat":[237],"product_tag":[],"class_list":{"0":"post-4260","1":"product","2":"type-product","3":"status-publish","4":"has-post-thumbnail","6":"product_cat-tools","8":"first","9":"instock","10":"taxable","11":"shipping-taxable","12":"purchasable","13":"product-type-simple"},"acf":[],"aioseo_notices":[],"jetpack_sharing_enabled":true,"_links":{"self":[{"href":"https:\/\/antcube.shop\/fr\/wp-json\/wp\/v2\/product\/4260","targetHints":{"allow":["GET"]}}],"collection":[{"href":"https:\/\/antcube.shop\/fr\/wp-json\/wp\/v2\/product"}],"about":[{"href":"https:\/\/antcube.shop\/fr\/wp-json\/wp\/v2\/types\/product"}],"replies":[{"embeddable":true,"href":"https:\/\/antcube.shop\/fr\/wp-json\/wp\/v2\/comments?post=4260"}],"wp:featuredmedia":[{"embeddable":true,"href":"https:\/\/antcube.shop\/fr\/wp-json\/wp\/v2\/media\/4277"}],"wp:attachment":[{"href":"https:\/\/antcube.shop\/fr\/wp-json\/wp\/v2\/media?parent=4260"}],"wp:term":[{"taxonomy":"product_brand","embeddable":true,"href":"https:\/\/antcube.shop\/fr\/wp-json\/wp\/v2\/product_brand?post=4260"},{"taxonomy":"product_cat","embeddable":true,"href":"https:\/\/antcube.shop\/fr\/wp-json\/wp\/v2\/product_cat?post=4260"},{"taxonomy":"product_tag","embeddable":true,"href":"https:\/\/antcube.shop\/fr\/wp-json\/wp\/v2\/product_tag?post=4260"}],"curies":[{"name":"wp","href":"https:\/\/api.w.org\/{rel}","templated":true}]}}