{"id":4258,"date":"2022-04-28T14:00:36","date_gmt":"2022-04-28T12:00:36","guid":{"rendered":"https:\/\/antcube.shop\/produkt\/ameisen-inkubator\/"},"modified":"2026-04-09T15:04:51","modified_gmt":"2026-04-09T13:04:51","slug":"ameisen-inkubator","status":"publish","type":"product","link":"https:\/\/antcube.shop\/fr\/produit\/ameisen-inkubator\/","title":{"rendered":"Incubateur de fourmis"},"content":{"rendered":"<p><strong>Taille :\u00a0<\/strong>Taille de l'unit\u00e9 : 40\u00d739.5\u00d748 cm ; Int\u00e9rieur : 32\u00d722.5\u00d737 cm<\/p>\n<p><strong>Couleur :<\/strong> Noir<\/p>\n<p><strong>Sp\u00e9cifications techniques :<\/strong><br \/>\nTension : 220-240V, 50Hz<br \/>\nPuissance : 70W<br \/>\nLongueur du c\u00e2ble principal : 1.60m<br \/>\nPlage de temp\u00e9rature : 5\u00b0C - 40\u00b0C<\/p>\n<p><strong>Mat\u00e9riau :<\/strong> M\u00e9tal, verre<\/p>\n<p><strong>Description :<\/strong><br \/>\nCette couveuse convient parfaitement \u00e0 l'\u00e9levage des colonies de fourmis des r\u00e9gions tropicales, mais aussi aux colonies de fourmis en hibernation.<br \/>\nIl est \u00e9quip\u00e9 d'un r\u00e9gulateur de temp\u00e9rature \u00e0 affichage num\u00e9rique et d'une \u00e9tag\u00e8re interm\u00e9diaire amovible pour plus d'espace. La temp\u00e9rature peut \u00eatre r\u00e9gl\u00e9e et modifi\u00e9e \u00e0 volont\u00e9. L'appareil peut \u00e0 la fois refroidir (jusqu'\u00e0 environ 5\u00b0C) et chauffer (jusqu'\u00e0 environ 40\u00b0C). La plage de temp\u00e9rature r\u00e9glable est d'environ 5\u00b0C-40\u00b0C. Il peut donc \u00e9galement \u00eatre utilis\u00e9 pour l'hivernage des fourmis indig\u00e8nes.<\/p>\n<p><strong>Avantages :<\/strong><br \/>\nVous \u00eates souvent confront\u00e9 \u00e0 la question de savoir comment stocker les fourmis pour l'hibernation sans complication et \u00e0 la bonne temp\u00e9rature. Le r\u00e9frig\u00e9rateur est de toute fa\u00e7on trop plein, sur le balcon il peut faire trop froid pour les animaux et dans la cave on est aussi \u00e0 l'\u00e9troit, ou bien vous n'avez pas assez de contr\u00f4le.<br \/>\n<strong>Voici la solution :<\/strong> Vous pouvez soit laisser les animaux passer l'hiver dans la couveuse avec nos supports de tubes de nidification dans des tubes \u00e0 essai, dans ce cas m\u00eame jusqu'\u00e0 100 colonies en m\u00eame temps, soit avec l'ensemble du Formicarium ANTCUBE. Par exemple, notre ANTCUBE Arena Combi, s'adapte compl\u00e8tement \u00e0 l'int\u00e9rieur. Mais un kit de d\u00e9marrage avec une ar\u00e8ne 20x20x10 et 2 nids 20\u00d720 aurait \u00e9galement assez de place.<br \/>\nLe stockage et le transport avec la voiture, par exemple pendant un vol d'essaim, un d\u00e9placement ou un transport des fourmis coupeuses de feuilles particuli\u00e8rement sensibles, sont \u00e9galement r\u00e9alisables.<br \/>\nLes supports pratiques pour tubes \u00e0 essai (tubes nid) sont disponibles en trois tailles diff\u00e9rentes. Voici notre recommandation :<\/p>\n<p><strong>Recommandation :<\/strong><br \/>\nL'espace dans l'incubateur est adapt\u00e9 pour :<br \/>\nJusqu'\u00e0 24x les tubes \u00e0 essai pour grillons\/ ou 24x la bo\u00eete de collecte transparente 115x115x55<br \/>\nPour les fourmis dans les tubes de nid, nous recommandons les supports de tubes de nid pour le stockage.<br \/>\nS'int\u00e9grer \u00e0 l'int\u00e9rieur :<br \/>\n- support de tubes nich\u00e9s pour 16mm = 12 pi\u00e8ces ou 120 tubes nich\u00e9s de 16mm de diam\u00e8tre<br \/>\n- Porte-tubes embo\u00eetables pour 18mm = 12 pi\u00e8ces ou 120 tubes embo\u00eetables de 18mm de diam\u00e8tre<br \/>\n- Porte-tubes embo\u00eetables pour 25mm = 9 pi\u00e8ces resp. 54 tubes embo\u00eetables de 25mm de diam\u00e8tre<\/p>\n<p><strong>Note :<\/strong><br \/>\n- Ne pas installer l'appareil en plein soleil ou \u00e0 proximit\u00e9 d'une source de chaleur, car les fluctuations de la temp\u00e9rature externe affectent la temp\u00e9rature interne.<br \/>\n- Installez l'appareil dans un endroit sec o\u00f9 la temp\u00e9rature est aussi constante que possible.<br \/>\n- Les ventilateurs doivent pouvoir tourner librement<br \/>\n- Les surfaces a\u00e9riennes doivent rester d\u00e9gag\u00e9es<br \/>\n- V\u00e9rifier r\u00e9guli\u00e8rement s'il n'y a pas de dommages -&gt; si c'est le cas, arr\u00eater imm\u00e9diatement le fonctionnement<br \/>\n- L'incubateur peut \u00eatre doublement prot\u00e9g\u00e9 par un Thermo Control II ou un Thermo Control Pro II suppl\u00e9mentaire. Un passage correspondant se trouve \u00e0 l'arri\u00e8re de l'appareil.<\/p>\n<p><strong>Note : <\/strong>20.01.2025 - Mise \u00e0 jour du produit - nouveau mod\u00e8le<\/p>","protected":false},"excerpt":{"rendered":"<p>Taille : Taille de l'unit\u00e9 : 40\u00d739,5\u00d748 cm ; Int\u00e9rieur : 32\u00d722,5\u00d737 cm Couleur : Noir Caract\u00e9ristiques techniques : Tension : 220-240V, 50Hz Puissance : 70W Longueur du c\u00e2ble secteur : 1,60 m Plage de temp\u00e9rature : 5\u00b0C - 40\u00b0C Mat\u00e9riau : M\u00e9tal, verre Description : Cette couveuse pour fourmis convient parfaitement \u00e0 l'\u00e9levage des colonies de fourmis des r\u00e9gions tropicales, mais aussi aux colonies de fourmis en hibernation. Elle a [...]","protected":false},"featured_media":11099,"comment_status":"open","ping_status":"closed","template":"","meta":{"_acf_changed":false,"content-type":"","_monsterinsights_skip_tracking":false,"_monsterinsights_sitenote_active":false,"_monsterinsights_sitenote_note":"","_monsterinsights_sitenote_category":0},"product_brand":[],"product_cat":[237],"product_tag":[],"class_list":{"0":"post-4258","1":"product","2":"type-product","3":"status-publish","4":"has-post-thumbnail","6":"product_cat-tools","8":"first","9":"instock","10":"taxable","11":"shipping-taxable","12":"purchasable","13":"product-type-simple"},"acf":[],"aioseo_notices":[],"jetpack_sharing_enabled":true,"_links":{"self":[{"href":"https:\/\/antcube.shop\/fr\/wp-json\/wp\/v2\/product\/4258","targetHints":{"allow":["GET"]}}],"collection":[{"href":"https:\/\/antcube.shop\/fr\/wp-json\/wp\/v2\/product"}],"about":[{"href":"https:\/\/antcube.shop\/fr\/wp-json\/wp\/v2\/types\/product"}],"replies":[{"embeddable":true,"href":"https:\/\/antcube.shop\/fr\/wp-json\/wp\/v2\/comments?post=4258"}],"wp:featuredmedia":[{"embeddable":true,"href":"https:\/\/antcube.shop\/fr\/wp-json\/wp\/v2\/media\/11099"}],"wp:attachment":[{"href":"https:\/\/antcube.shop\/fr\/wp-json\/wp\/v2\/media?parent=4258"}],"wp:term":[{"taxonomy":"product_brand","embeddable":true,"href":"https:\/\/antcube.shop\/fr\/wp-json\/wp\/v2\/product_brand?post=4258"},{"taxonomy":"product_cat","embeddable":true,"href":"https:\/\/antcube.shop\/fr\/wp-json\/wp\/v2\/product_cat?post=4258"},{"taxonomy":"product_tag","embeddable":true,"href":"https:\/\/antcube.shop\/fr\/wp-json\/wp\/v2\/product_tag?post=4258"}],"curies":[{"name":"wp","href":"https:\/\/api.w.org\/{rel}","templated":true}]}}