{"id":4175,"date":"2022-03-14T17:24:15","date_gmt":"2022-03-14T16:24:15","guid":{"rendered":"https:\/\/antcube.shop\/produkt\/candy-ant-snack-20g\/"},"modified":"2026-04-13T10:48:25","modified_gmt":"2026-04-13T08:48:25","slug":"candy-ant-snack-20g","status":"publish","type":"product","link":"https:\/\/antcube.shop\/fr\/produit\/candy-ant-snack-20g\/","title":{"rendered":"Friandise Fourmi Snack - 20g"},"content":{"rendered":"<p><strong>Contenu :<\/strong><br \/>\n20g<\/p>\n<p><strong>Description :<\/strong><br \/>\nC'est un produit purement naturel. Notre casse-cro\u00fbte aux fourmis, fabriqu\u00e9 \u00e0 partir d'Acheta domesticus cultiv\u00e9 biologiquement, enrob\u00e9 de miel biologique.<br \/>\nFacilement digestible. Gr\u00e2ce aux prot\u00e9ines de haute qualit\u00e9, il constitue un aliment presque complet (remplace le miel\/sucre et les prot\u00e9ines) pour la plupart des esp\u00e8ces de fourmis telles que Lasius sp., Camponotus sp. ou Messor sp. etc. Les fourmis l'adorent. Il ne remplace pas l'eau fra\u00eeche dont les fourmis ont besoin. Il ne remplace pas non plus le besoin de prot\u00e9ines vivantes, comme les petits insectes.<\/p>\n<p>Cet aliment compl\u00e9mentaire est plein de prot\u00e9ines puissantes contenant environ 50% de prot\u00e9ines naturelles pures.<br \/>\nEn outre, le produit a \u00e9t\u00e9 aliment\u00e9 avec des d\u00e9chets v\u00e9g\u00e9taux organiques sans pesticides, ce qui a une valeur \u00e9cologique \u00e9lev\u00e9e car moins d'\u00e9nergie et d'eau sont utilis\u00e9es dans sa production.<\/p>\n<p>La valeur ajout\u00e9e pour tous les amateurs de fourmis est la combinaison de prot\u00e9ines naturelles et l'enrobage de miel naturel. Les fourmis en raffolent et en ont besoin pour un bon d\u00e9veloppement du couvain et une croissance saine de la colonie.<\/p>\n<p><strong>Application :<\/strong><br \/>\nPour l'alimentation, Candy Ant Snack doit \u00eatre divis\u00e9 en petites portions ou dissous dans de l'eau.<\/p>\n<p><strong>Contient :<\/strong><br \/>\nAcheta domesticus s\u00e9ch\u00e9 naturellement et enrob\u00e9 de miel biologique. Non destin\u00e9 \u00e0 la consommation humaine. Pour les fourmis uniquement.<br \/>\nRapport approximatif du m\u00e9lange 70% Acheta domesticus et 30% miel.<\/p>\n<p><strong>Stockage :<\/strong><br \/>\nEmballage refermable. Veuillez les conserver dans un endroit sombre, frais et sec.<\/p>\n<p><strong>Note :<\/strong><br \/>\nNourriture suppl\u00e9mentaire pour les fourmis.<br \/>\nVeuillez consulter la notice pour conna\u00eetre la composition, les ingr\u00e9dients analytiques, la date de p\u00e9remption et le num\u00e9ro de lot.<\/p>\n<p>Num\u00e9ro d'information +49 30 439703870<\/p>\n<p>Inspections v\u00e9t\u00e9rinaires et alimentaires responsables :<br \/>\nCabinet v\u00e9t\u00e9rinaire Steglitz<br \/>\nK\u00f6nigin-Luise-Str. 92<br \/>\n14195 Berlin<\/p>","protected":false},"excerpt":{"rendered":"<p>Alimentation compl\u00e9mentaire<\/p>","protected":false},"featured_media":4182,"comment_status":"open","ping_status":"closed","template":"","meta":{"_acf_changed":false,"content-type":"","_monsterinsights_skip_tracking":false,"_monsterinsights_sitenote_active":false,"_monsterinsights_sitenote_note":"","_monsterinsights_sitenote_category":0},"product_brand":[],"product_cat":[115,116],"product_tag":[],"class_list":{"0":"post-4175","1":"product","2":"type-product","3":"status-publish","4":"has-post-thumbnail","6":"product_cat-food-and-feeding","7":"product_cat-food","9":"first","10":"instock","11":"taxable","12":"shipping-taxable","13":"purchasable","14":"product-type-simple"},"acf":[],"aioseo_notices":[],"jetpack_sharing_enabled":true,"_links":{"self":[{"href":"https:\/\/antcube.shop\/fr\/wp-json\/wp\/v2\/product\/4175","targetHints":{"allow":["GET"]}}],"collection":[{"href":"https:\/\/antcube.shop\/fr\/wp-json\/wp\/v2\/product"}],"about":[{"href":"https:\/\/antcube.shop\/fr\/wp-json\/wp\/v2\/types\/product"}],"replies":[{"embeddable":true,"href":"https:\/\/antcube.shop\/fr\/wp-json\/wp\/v2\/comments?post=4175"}],"wp:featuredmedia":[{"embeddable":true,"href":"https:\/\/antcube.shop\/fr\/wp-json\/wp\/v2\/media\/4182"}],"wp:attachment":[{"href":"https:\/\/antcube.shop\/fr\/wp-json\/wp\/v2\/media?parent=4175"}],"wp:term":[{"taxonomy":"product_brand","embeddable":true,"href":"https:\/\/antcube.shop\/fr\/wp-json\/wp\/v2\/product_brand?post=4175"},{"taxonomy":"product_cat","embeddable":true,"href":"https:\/\/antcube.shop\/fr\/wp-json\/wp\/v2\/product_cat?post=4175"},{"taxonomy":"product_tag","embeddable":true,"href":"https:\/\/antcube.shop\/fr\/wp-json\/wp\/v2\/product_tag?post=4175"}],"curies":[{"name":"wp","href":"https:\/\/api.w.org\/{rel}","templated":true}]}}