{"id":4165,"date":"2022-02-28T11:41:35","date_gmt":"2022-02-28T10:41:35","guid":{"rendered":"https:\/\/antcube.shop\/produkt\/fixier-punkte-8-st\/"},"modified":"2026-04-21T09:57:00","modified_gmt":"2026-04-21T07:57:00","slug":"fixateur-punkte-8-st-2","status":"publish","type":"product","link":"https:\/\/antcube.shop\/fr\/produit\/fixateur-punkte-8-st-2\/","title":{"rendered":"Points de fixation - 8 pi\u00e8ces"},"content":{"rendered":"<p><strong>Dimensions (LxlxH) :<\/strong> 12x12x3 mm (forme trap\u00e9zo\u00efdale traversante sur le dessus 10x10mm).<\/p>\n<p><strong>Mat\u00e9riau :<\/strong> polyur\u00e9thane sans plastifiants avec adh\u00e9sif acrylate<\/p>\n<p><strong>Couleur :<\/strong> transparent<\/p>\n<p><strong>Contenu :<\/strong><br \/>\n8x points de fixation<\/p>\n<p><strong>Description :<\/strong> Pour notre couverture d'ar\u00e8ne \u00e0 fourmis. Les points de fixation sont coll\u00e9s au bas de la couverture pour l'emp\u00eacher de glisser de l'ar\u00e8ne. Les points peuvent \u00e9galement \u00eatre utilis\u00e9s comme pieds pour l'ar\u00e8ne et aussi pour les inserts de l'extr\u00e9mit\u00e9 int\u00e9rieure de l'ar\u00e8ne afin de les prot\u00e9ger contre le basculement.<\/p>","protected":false},"excerpt":{"rendered":"<p>Dimensions (LxlxH) : 12x12x3 mm (forme trap\u00e9zo\u00efdale traversante sur le dessus 10x10mm). Mat\u00e9riau : polyur\u00e9thane sans plastifiants avec adh\u00e9sif acrylate Couleur : transparent Contenu : 8x points de fixation Description : Pour notre couverture de fourmili\u00e8re. Les points de fixation sont coll\u00e9s au bas de la couverture pour l'emp\u00eacher de glisser de l'ar\u00e8ne. Les points peuvent \u00e9galement \u00eatre utilis\u00e9s comme","protected":false},"featured_media":4178,"comment_status":"open","ping_status":"closed","template":"","meta":{"_acf_changed":false,"content-type":"","_monsterinsights_skip_tracking":false,"_monsterinsights_sitenote_active":false,"_monsterinsights_sitenote_note":"","_monsterinsights_sitenote_category":0},"product_brand":[],"product_cat":[92,237],"product_tag":[],"class_list":{"0":"post-4165","1":"product","2":"type-product","3":"status-publish","4":"has-post-thumbnail","6":"product_cat-arena-cover","7":"product_cat-tools","9":"first","10":"instock","11":"taxable","12":"shipping-taxable","13":"purchasable","14":"product-type-simple"},"acf":[],"aioseo_notices":[],"jetpack_sharing_enabled":true,"_links":{"self":[{"href":"https:\/\/antcube.shop\/fr\/wp-json\/wp\/v2\/product\/4165","targetHints":{"allow":["GET"]}}],"collection":[{"href":"https:\/\/antcube.shop\/fr\/wp-json\/wp\/v2\/product"}],"about":[{"href":"https:\/\/antcube.shop\/fr\/wp-json\/wp\/v2\/types\/product"}],"replies":[{"embeddable":true,"href":"https:\/\/antcube.shop\/fr\/wp-json\/wp\/v2\/comments?post=4165"}],"wp:featuredmedia":[{"embeddable":true,"href":"https:\/\/antcube.shop\/fr\/wp-json\/wp\/v2\/media\/4178"}],"wp:attachment":[{"href":"https:\/\/antcube.shop\/fr\/wp-json\/wp\/v2\/media?parent=4165"}],"wp:term":[{"taxonomy":"product_brand","embeddable":true,"href":"https:\/\/antcube.shop\/fr\/wp-json\/wp\/v2\/product_brand?post=4165"},{"taxonomy":"product_cat","embeddable":true,"href":"https:\/\/antcube.shop\/fr\/wp-json\/wp\/v2\/product_cat?post=4165"},{"taxonomy":"product_tag","embeddable":true,"href":"https:\/\/antcube.shop\/fr\/wp-json\/wp\/v2\/product_tag?post=4165"}],"curies":[{"name":"wp","href":"https:\/\/api.w.org\/{rel}","templated":true}]}}