{"id":4145,"date":"2022-02-14T15:54:25","date_gmt":"2022-02-14T14:54:25","guid":{"rendered":"https:\/\/antcube.shop\/produkt\/ant-nuggets-20g\/"},"modified":"2026-04-14T09:35:31","modified_gmt":"2026-04-14T07:35:31","slug":"pepites-de-fourmis-20g","status":"publish","type":"product","link":"https:\/\/antcube.shop\/fr\/produit\/pepites-de-fourmis-20g\/","title":{"rendered":"P\u00e9pites de fourmis - 20g"},"content":{"rendered":"<p><strong>Contenu :<\/strong><br \/>\n20g<\/p>\n<p><strong>Description :<\/strong><br \/>\nIl s'agit d'un produit naturel pur. Nos p\u00e9pites de fourmis ont \u00e9t\u00e9 soigneusement collect\u00e9es dans la nature sauvage de Bulgarie par des apiculteurs. Digestion facile gr\u00e2ce \u00e0 la fermentation naturelle. Gr\u00e2ce aux prot\u00e9ines de haute qualit\u00e9, c'est un aliment presque complet (remplace le miel\/sucre et les prot\u00e9ines) pour la plupart des esp\u00e8ces de fourmis formico\u00efdes comme Lasius sp., Camponotus sp. ou Messor sp. et m\u00eame les fourmis coupeuses de feuilles l'adorent. Il ne remplace pas l'eau douce dont les fourmis ont besoin. Il ne remplace pas non plus le besoin de prot\u00e9ines vivantes, comme les petits insectes.<\/p>\n<p><strong>Application :<\/strong><br \/>\nPour les nourrir, les Ant Nuggets doivent \u00eatre divis\u00e9s en petites portions ou dissous dans de l'eau.<\/p>\n<p><strong>Contient :<\/strong><br \/>\n100% pollen de fleurs naturellement ferment\u00e9. Non destin\u00e9 \u00e0 la consommation humaine. Pour les fourmis uniquement.<\/p>\n<p><strong>Stockage :<\/strong><br \/>\nEmballage refermable. Veuillez les conserver dans un endroit sombre, frais et sec.<\/p>\n<p><strong>Note :<\/strong><br \/>\nNourriture suppl\u00e9mentaire pour les fourmis.<br \/>\nVeuillez consulter la notice pour conna\u00eetre la composition, les ingr\u00e9dients analytiques, la date de p\u00e9remption et le num\u00e9ro de lot.<\/p>\n<p>Num\u00e9ro d'information +49 30 439703870<\/p>\n<p>Inspections v\u00e9t\u00e9rinaires et alimentaires responsables :<br \/>\nCabinet v\u00e9t\u00e9rinaire Steglitz<br \/>\nK\u00f6nigin-Luise-Str. 92<br \/>\n14195 Berlin<\/p>","protected":false},"excerpt":{"rendered":"<p>Alimentation compl\u00e9mentaire<\/p>","protected":false},"featured_media":4149,"comment_status":"open","ping_status":"closed","template":"","meta":{"_acf_changed":false,"content-type":"","_monsterinsights_skip_tracking":false,"_monsterinsights_sitenote_active":false,"_monsterinsights_sitenote_note":"","_monsterinsights_sitenote_category":0},"product_brand":[],"product_cat":[115,116],"product_tag":[],"class_list":{"0":"post-4145","1":"product","2":"type-product","3":"status-publish","4":"has-post-thumbnail","6":"product_cat-food-and-feeding","7":"product_cat-food","9":"first","10":"instock","11":"taxable","12":"shipping-taxable","13":"purchasable","14":"product-type-simple"},"acf":[],"aioseo_notices":[],"jetpack_sharing_enabled":true,"_links":{"self":[{"href":"https:\/\/antcube.shop\/fr\/wp-json\/wp\/v2\/product\/4145","targetHints":{"allow":["GET"]}}],"collection":[{"href":"https:\/\/antcube.shop\/fr\/wp-json\/wp\/v2\/product"}],"about":[{"href":"https:\/\/antcube.shop\/fr\/wp-json\/wp\/v2\/types\/product"}],"replies":[{"embeddable":true,"href":"https:\/\/antcube.shop\/fr\/wp-json\/wp\/v2\/comments?post=4145"}],"wp:featuredmedia":[{"embeddable":true,"href":"https:\/\/antcube.shop\/fr\/wp-json\/wp\/v2\/media\/4149"}],"wp:attachment":[{"href":"https:\/\/antcube.shop\/fr\/wp-json\/wp\/v2\/media?parent=4145"}],"wp:term":[{"taxonomy":"product_brand","embeddable":true,"href":"https:\/\/antcube.shop\/fr\/wp-json\/wp\/v2\/product_brand?post=4145"},{"taxonomy":"product_cat","embeddable":true,"href":"https:\/\/antcube.shop\/fr\/wp-json\/wp\/v2\/product_cat?post=4145"},{"taxonomy":"product_tag","embeddable":true,"href":"https:\/\/antcube.shop\/fr\/wp-json\/wp\/v2\/product_tag?post=4145"}],"curies":[{"name":"wp","href":"https:\/\/api.w.org\/{rel}","templated":true}]}}