{"id":4143,"date":"2022-02-14T15:34:07","date_gmt":"2022-02-14T14:34:07","guid":{"rendered":"https:\/\/antcube.shop\/produkt\/bodengrund-sand-lehm-weis-200g\/"},"modified":"2026-04-15T09:42:40","modified_gmt":"2026-04-15T07:42:40","slug":"bodengrund-sand-lehm-weis-200g","status":"publish","type":"product","link":"https:\/\/antcube.shop\/fr\/produit\/bodengrund-sand-lehm-weis-200g\/","title":{"rendered":"terre - m\u00e9lange de sable et de limon blanc - 200g"},"content":{"rendered":"<p><strong>Contenu :<\/strong> 200g<\/p>\n<p><strong>Mat\u00e9riau :<\/strong> du sable, de la chaux, du liant de chaux<\/p>\n<p><strong>Couleur :<\/strong> blanc<\/p>\n<p><strong>Rapport de m\u00e9lange :<\/strong> diggable<\/p>\n<p><strong>Description :<\/strong> Ce m\u00e9lange sable-argile fini est un produit purement naturel. La coloration provient du sable de chaux blanc. La force provient d'un m\u00e9lange de chaux liant, qui est inoffensif pour les animaux.<\/p>\n<p><strong>Utilisez :<\/strong> Terre de creusement, peut \u00eatre utilis\u00e9e pour les nids et les aires de jeu ! A une r\u00e9sistance accrue par rapport \u00e0 la terre-beige, m\u00eame lorsqu'elle est mouill\u00e9e.<\/p>\n<p><strong>Note :<\/strong> Comme il s'agit d'un produit purement naturel, il peut y avoir de l\u00e9g\u00e8res diff\u00e9rences de couleur et de structure que nous ne pouvons pas influencer.<\/p>\n<p><strong>Important :<\/strong> Veuillez humidifier le substrat avant de l'utiliser afin que le m\u00e9lange puisse se combiner et s'implanter solidement dans la fourmili\u00e8re. En outre, un substrat trop sec et poussi\u00e9reux peut entra\u00eener l'obstruction des voies respiratoires des fourmis et, dans le pire des cas, la suffocation des animaux.<\/p>","protected":false},"excerpt":{"rendered":"<p>Substrat naturel - creusable<\/p>","protected":false},"featured_media":4386,"comment_status":"open","ping_status":"closed","template":"","meta":{"_acf_changed":false,"content-type":"","_monsterinsights_skip_tracking":false,"_monsterinsights_sitenote_active":false,"_monsterinsights_sitenote_note":"","_monsterinsights_sitenote_category":0},"product_brand":[],"product_cat":[96],"product_tag":[],"class_list":{"0":"post-4143","1":"product","2":"type-product","3":"status-publish","4":"has-post-thumbnail","6":"product_cat-soil","8":"first","9":"instock","10":"taxable","11":"shipping-taxable","12":"purchasable","13":"product-type-simple"},"acf":[],"aioseo_notices":[],"jetpack_sharing_enabled":true,"_links":{"self":[{"href":"https:\/\/antcube.shop\/fr\/wp-json\/wp\/v2\/product\/4143","targetHints":{"allow":["GET"]}}],"collection":[{"href":"https:\/\/antcube.shop\/fr\/wp-json\/wp\/v2\/product"}],"about":[{"href":"https:\/\/antcube.shop\/fr\/wp-json\/wp\/v2\/types\/product"}],"replies":[{"embeddable":true,"href":"https:\/\/antcube.shop\/fr\/wp-json\/wp\/v2\/comments?post=4143"}],"wp:featuredmedia":[{"embeddable":true,"href":"https:\/\/antcube.shop\/fr\/wp-json\/wp\/v2\/media\/4386"}],"wp:attachment":[{"href":"https:\/\/antcube.shop\/fr\/wp-json\/wp\/v2\/media?parent=4143"}],"wp:term":[{"taxonomy":"product_brand","embeddable":true,"href":"https:\/\/antcube.shop\/fr\/wp-json\/wp\/v2\/product_brand?post=4143"},{"taxonomy":"product_cat","embeddable":true,"href":"https:\/\/antcube.shop\/fr\/wp-json\/wp\/v2\/product_cat?post=4143"},{"taxonomy":"product_tag","embeddable":true,"href":"https:\/\/antcube.shop\/fr\/wp-json\/wp\/v2\/product_tag?post=4143"}],"curies":[{"name":"wp","href":"https:\/\/api.w.org\/{rel}","templated":true}]}}