{"id":4047,"date":"2021-11-30T15:12:53","date_gmt":"2021-11-30T14:12:53","guid":{"rendered":"https:\/\/antcube.shop\/produkt\/enamel-mug\/"},"modified":"2024-12-12T12:25:27","modified_gmt":"2024-12-12T11:25:27","slug":"tasse-en-email","status":"publish","type":"product","link":"https:\/\/antcube.shop\/fr\/produit\/tasse-en-email\/","title":{"rendered":"Tasse en \u00e9mail"},"content":{"rendered":"<p>Chaque campeur heureux a besoin d'un mug de campeur unique. Elle est l\u00e9g\u00e8re, durable et multifonctionnelle. Utilisez-la pour votre boisson pr\u00e9f\u00e9r\u00e9e ou un repas chaud, et attachez-la \u00e0 votre sac pour y acc\u00e9der facilement lors d'une randonn\u00e9e.<\/p>\n<p>- Mat\u00e9riau : \u00c9mail<br \/>\n- Dimensions : hauteur 3,14\u2033 (8 cm), diam\u00e8tre 3,25\u2033(8,25 cm).<br \/>\n- Rev\u00eatement blanc avec un rebord argent\u00e9<br \/>\n- Lavage \u00e0 la main uniquement<br \/>\n- Produit vierge en provenance de Chine<\/p>\n<p><strong>Attention ! Ne faites pas chauffer de liquides ou d'aliments directement dans le mug, car cela pourrait endommager le rev\u00eatement.<\/strong><\/p>","protected":false},"excerpt":{"rendered":"<p>Chaque campeur heureux a besoin d'un mug de campeur unique. Elle est l\u00e9g\u00e8re, durable et multifonctionnelle. Utilisez-le pour votre boisson pr\u00e9f\u00e9r\u00e9e ou un repas chaud, et attachez-le \u00e0 votre sac pour un acc\u00e8s facile lors d'une randonn\u00e9e. - Mat\u00e9riau : \u00c9mail - Dimensions : hauteur 3,14\u2033 (8 cm), diam\u00e8tre 3,25\u2033(8,25 cm) - Rev\u00eatement blanc avec un rebord argent\u00e9 - [...]","protected":false},"featured_media":4048,"comment_status":"open","ping_status":"closed","template":"","meta":{"_acf_changed":false,"content-type":"","_monsterinsights_skip_tracking":false,"_monsterinsights_sitenote_active":false,"_monsterinsights_sitenote_note":"","_monsterinsights_sitenote_category":0},"product_brand":[],"product_cat":[245],"product_tag":[],"class_list":{"0":"post-4047","1":"product","2":"type-product","3":"status-publish","4":"has-post-thumbnail","6":"product_cat-merchandise","8":"first","9":"instock","10":"taxable","11":"shipping-taxable","12":"purchasable","13":"product-type-simple"},"acf":[],"aioseo_notices":[],"jetpack_sharing_enabled":true,"_links":{"self":[{"href":"https:\/\/antcube.shop\/fr\/wp-json\/wp\/v2\/product\/4047","targetHints":{"allow":["GET"]}}],"collection":[{"href":"https:\/\/antcube.shop\/fr\/wp-json\/wp\/v2\/product"}],"about":[{"href":"https:\/\/antcube.shop\/fr\/wp-json\/wp\/v2\/types\/product"}],"replies":[{"embeddable":true,"href":"https:\/\/antcube.shop\/fr\/wp-json\/wp\/v2\/comments?post=4047"}],"wp:featuredmedia":[{"embeddable":true,"href":"https:\/\/antcube.shop\/fr\/wp-json\/wp\/v2\/media\/4048"}],"wp:attachment":[{"href":"https:\/\/antcube.shop\/fr\/wp-json\/wp\/v2\/media?parent=4047"}],"wp:term":[{"taxonomy":"product_brand","embeddable":true,"href":"https:\/\/antcube.shop\/fr\/wp-json\/wp\/v2\/product_brand?post=4047"},{"taxonomy":"product_cat","embeddable":true,"href":"https:\/\/antcube.shop\/fr\/wp-json\/wp\/v2\/product_cat?post=4047"},{"taxonomy":"product_tag","embeddable":true,"href":"https:\/\/antcube.shop\/fr\/wp-json\/wp\/v2\/product_tag?post=4047"}],"curies":[{"name":"wp","href":"https:\/\/api.w.org\/{rel}","templated":true}]}}