{"id":4002,"date":"2021-11-30T13:36:03","date_gmt":"2021-11-30T12:36:03","guid":{"rendered":"https:\/\/antcube.shop\/produkt\/cuffed-beanie\/"},"modified":"2024-12-12T12:25:36","modified_gmt":"2024-12-12T11:25:36","slug":"bonnet-a-revers","status":"publish","type":"product","link":"https:\/\/antcube.shop\/fr\/produit\/bonnet-a-revers\/","title":{"rendered":"Bonnet \u00e0 manchettes"},"content":{"rendered":"<p>Un bonnet confortable et bien ajust\u00e9. Il ne s'agit pas seulement d'une pi\u00e8ce qui r\u00e9chauffe la t\u00eate, mais aussi d'un accessoire incontournable de la garde-robe de chacun.<\/p>\n<p>- 100% Turbo Acrylique<br \/>\n- 12\u2033 (30 cm) de long<br \/>\n- Hypoallerg\u00e9nique<br \/>\n- Style unisexe<br \/>\n- Lavable \u00e0 la main<br \/>\n- Produit vierge provenant du Vietnam ou du Bangladesh<\/p>","protected":false},"excerpt":{"rendered":"<p>Un bonnet confortable et bien ajust\u00e9. Ce n'est pas seulement une grande pi\u00e8ce qui r\u00e9chauffe la t\u00eate, mais un accessoire de base dans la garde-robe de n'importe qui. - 100% Turbo Acrylique - 12\u2033 (30 cm) de longueur - Hypoallerg\u00e9nique - Style unisexe - Lavable \u00e0 la main - Produit vierge provenant du Vietnam ou du Bangladesh.<\/p>","protected":false},"featured_media":4004,"comment_status":"open","ping_status":"closed","template":"","meta":{"_acf_changed":false,"content-type":"","_monsterinsights_skip_tracking":false,"_monsterinsights_sitenote_active":false,"_monsterinsights_sitenote_note":"","_monsterinsights_sitenote_category":0},"product_brand":[],"product_cat":[245],"product_tag":[],"class_list":{"0":"post-4002","1":"product","2":"type-product","3":"status-publish","4":"has-post-thumbnail","6":"product_cat-merchandise","8":"first","9":"instock","10":"taxable","11":"shipping-taxable","12":"purchasable","13":"product-type-simple"},"acf":[],"aioseo_notices":[],"jetpack_sharing_enabled":true,"_links":{"self":[{"href":"https:\/\/antcube.shop\/fr\/wp-json\/wp\/v2\/product\/4002","targetHints":{"allow":["GET"]}}],"collection":[{"href":"https:\/\/antcube.shop\/fr\/wp-json\/wp\/v2\/product"}],"about":[{"href":"https:\/\/antcube.shop\/fr\/wp-json\/wp\/v2\/types\/product"}],"replies":[{"embeddable":true,"href":"https:\/\/antcube.shop\/fr\/wp-json\/wp\/v2\/comments?post=4002"}],"wp:featuredmedia":[{"embeddable":true,"href":"https:\/\/antcube.shop\/fr\/wp-json\/wp\/v2\/media\/4004"}],"wp:attachment":[{"href":"https:\/\/antcube.shop\/fr\/wp-json\/wp\/v2\/media?parent=4002"}],"wp:term":[{"taxonomy":"product_brand","embeddable":true,"href":"https:\/\/antcube.shop\/fr\/wp-json\/wp\/v2\/product_brand?post=4002"},{"taxonomy":"product_cat","embeddable":true,"href":"https:\/\/antcube.shop\/fr\/wp-json\/wp\/v2\/product_cat?post=4002"},{"taxonomy":"product_tag","embeddable":true,"href":"https:\/\/antcube.shop\/fr\/wp-json\/wp\/v2\/product_tag?post=4002"}],"curies":[{"name":"wp","href":"https:\/\/api.w.org\/{rel}","templated":true}]}}