{"id":3957,"date":"2021-11-30T13:32:38","date_gmt":"2021-11-30T12:32:38","guid":{"rendered":"https:\/\/antcube.shop\/produkt\/mens-high-top-canvas-shoes\/"},"modified":"2024-12-12T12:25:45","modified_gmt":"2024-12-12T11:25:45","slug":"chaussures-hautes-en-toile-pour-hommes","status":"publish","type":"product","link":"https:\/\/antcube.shop\/fr\/produit\/chaussures-hautes-en-toile-pour-hommes\/","title":{"rendered":"Chaussures en toile haut de gamme pour hommes"},"content":{"rendered":"<p>Am\u00e9liorez votre jeu de chaussures avec les chaussures High Top Canvas. Ces chaussures tendance fabriqu\u00e9es \u00e0 la main ne manqueront pas de pimenter votre tenue. Achetez les v\u00f4tres d\u00e8s maintenant !<\/p>\n<p>- 100% polyester, c\u00f4t\u00e9 sup\u00e9rieur en toile<br \/>\n- Semelle ext\u00e9rieure en caoutchouc \u00e9thyl\u00e8ne-ac\u00e9tate de vinyle (EVA)<br \/>\n- Doublure respirante, semelle int\u00e9rieure souple<br \/>\n- Embout en faux cuir<br \/>\n- Lacets blancs<br \/>\n- Col rembourr\u00e9, la\u00e7age sur le devant<br \/>\n- Produit vierge en provenance de Chine<\/p>\n<p><strong>Important :<\/strong> Ce produit est disponible dans les pays suivants : \u00c9tats-Unis, Canada, Australie, Nouvelle-Z\u00e9lande et Japon. Si votre adresse de livraison est en dehors de ces pays, veuillez choisir un autre produit.<\/p>\n<p><strong>Avis de non-responsabilit\u00e9 :<\/strong> Les chaussures d\u00e9gagent une odeur de colle \u00e0 l'ouverture de la bo\u00eete. Cette odeur dispara\u00eetra quelques jours apr\u00e8s le d\u00e9ballage des chaussures.<\/p>","protected":false},"excerpt":{"rendered":"<p>Am\u00e9liorez votre jeu de chaussures avec les chaussures High Top Canvas. Ces chaussures tendance fabriqu\u00e9es \u00e0 la main ne manqueront pas de pimenter votre tenue. Achetez les v\u00f4tres d\u00e8s maintenant ! - 100% polyester, c\u00f4t\u00e9 sup\u00e9rieur en toile - Semelle ext\u00e9rieure en caoutchouc \u00e9thyl\u00e8ne-ac\u00e9tate de vinyle (EVA) - Doublure respirante, semelle int\u00e9rieure souple - Embout en faux cuir - Lacets blancs - Col rembourr\u00e9, lacet sur le devant [...]","protected":false},"featured_media":3975,"comment_status":"open","ping_status":"closed","template":"","meta":{"_acf_changed":false,"content-type":"","_monsterinsights_skip_tracking":false,"_monsterinsights_sitenote_active":false,"_monsterinsights_sitenote_note":"","_monsterinsights_sitenote_category":0},"product_brand":[],"product_cat":[245],"product_tag":[],"class_list":{"0":"post-3957","1":"product","2":"type-product","3":"status-publish","4":"has-post-thumbnail","6":"product_cat-merchandise","8":"first","9":"instock","10":"taxable","11":"shipping-taxable","12":"purchasable","13":"product-type-variable"},"acf":[],"aioseo_notices":[],"jetpack_sharing_enabled":true,"_links":{"self":[{"href":"https:\/\/antcube.shop\/fr\/wp-json\/wp\/v2\/product\/3957","targetHints":{"allow":["GET"]}}],"collection":[{"href":"https:\/\/antcube.shop\/fr\/wp-json\/wp\/v2\/product"}],"about":[{"href":"https:\/\/antcube.shop\/fr\/wp-json\/wp\/v2\/types\/product"}],"replies":[{"embeddable":true,"href":"https:\/\/antcube.shop\/fr\/wp-json\/wp\/v2\/comments?post=3957"}],"wp:featuredmedia":[{"embeddable":true,"href":"https:\/\/antcube.shop\/fr\/wp-json\/wp\/v2\/media\/3975"}],"wp:attachment":[{"href":"https:\/\/antcube.shop\/fr\/wp-json\/wp\/v2\/media?parent=3957"}],"wp:term":[{"taxonomy":"product_brand","embeddable":true,"href":"https:\/\/antcube.shop\/fr\/wp-json\/wp\/v2\/product_brand?post=3957"},{"taxonomy":"product_cat","embeddable":true,"href":"https:\/\/antcube.shop\/fr\/wp-json\/wp\/v2\/product_cat?post=3957"},{"taxonomy":"product_tag","embeddable":true,"href":"https:\/\/antcube.shop\/fr\/wp-json\/wp\/v2\/product_tag?post=3957"}],"curies":[{"name":"wp","href":"https:\/\/api.w.org\/{rel}","templated":true}]}}