{"id":3874,"date":"2021-11-23T18:18:59","date_gmt":"2021-11-23T17:18:59","guid":{"rendered":"https:\/\/antcube.shop\/produkt\/ameisen-spiralturm-l-20\/"},"modified":"2026-03-31T18:19:05","modified_gmt":"2026-03-31T16:19:05","slug":"ameisen-spiralturm-l-20","status":"publish","type":"product","link":"https:\/\/antcube.shop\/fr\/produit\/ameisen-spiralturm-l-20\/","title":{"rendered":"Tour de fourmis en spirale L - 20"},"content":{"rendered":"<div><strong>Dimensions<\/strong>: 19x19x20cm ; <strong>L<\/strong> pour tuyau 20\/16 mm<\/div>\n<div><\/div>\n<div><strong>Mat\u00e9riau<\/strong>: PMMA, PVC<\/div>\n<div><\/div>\n<div><strong>Couleur<\/strong>: limpide, transparent, translucide<\/div>\n<div><\/div>\n<div><strong>Contenu<\/strong>:<\/div>\n<div>2x plaque de fond \/ couvercle<\/div>\n<div>2x acc\u00e8s pour tuyau de 20\/16 mm<\/div>\n<div>4x colonne de tuyau pour tuyau de 20\/16 mm<\/div>\n<div>10x goupille de serrage<\/div>\n<div>4m de tuyau 20\/16 mm<\/div>\n<div><strong>Note<\/strong>: Les pi\u00e8ces sont fournies sous forme de kit ou de syst\u00e8me enfichable. Aucun collage n'est n\u00e9cessaire.<\/div>\n<div><\/div>\n<div><strong>Connexion<\/strong>:<\/div>\n<div>2x tuyau 20\/16 mm<\/div>\n<div><\/div>\n<div><strong>Description<\/strong>: La tour en spirale des fourmis est utilis\u00e9e pour combler la hauteur entre l'ar\u00e8ne et la fourmili\u00e8re et offre en outre aux animaux une grande distance de marche sur un espace compact. La distance de marche suppl\u00e9mentaire simule les chemins que les fourmis doivent parcourir dans la nature pour atteindre leurs sources de nourriture et peut avoir un effet positif sur le d\u00e9veloppement et le comportement de la colonie de fourmis.<\/div>\n<div><\/div>\n<div><strong>Application<\/strong>: pour les fermes de fourmis de taille <strong>L<\/strong><\/div>","protected":false},"excerpt":{"rendered":"<p><strong>Connexion<\/strong>: tuyau 20\/16 mm<br \/>\nTaille <strong>L<\/strong><\/p>","protected":false},"featured_media":3878,"comment_status":"open","ping_status":"closed","template":"","meta":{"_acf_changed":false,"content-type":"","_monsterinsights_skip_tracking":false,"_monsterinsights_sitenote_active":false,"_monsterinsights_sitenote_note":"","_monsterinsights_sitenote_category":0},"product_brand":[],"product_cat":[119,256],"product_tag":[],"class_list":{"0":"post-3874","1":"product","2":"type-product","3":"status-publish","4":"has-post-thumbnail","6":"product_cat-formicarium-components","7":"product_cat-spiral-tower","9":"first","10":"instock","11":"taxable","12":"shipping-taxable","13":"purchasable","14":"product-type-simple"},"acf":[],"aioseo_notices":[],"jetpack_sharing_enabled":true,"_links":{"self":[{"href":"https:\/\/antcube.shop\/fr\/wp-json\/wp\/v2\/product\/3874","targetHints":{"allow":["GET"]}}],"collection":[{"href":"https:\/\/antcube.shop\/fr\/wp-json\/wp\/v2\/product"}],"about":[{"href":"https:\/\/antcube.shop\/fr\/wp-json\/wp\/v2\/types\/product"}],"replies":[{"embeddable":true,"href":"https:\/\/antcube.shop\/fr\/wp-json\/wp\/v2\/comments?post=3874"}],"wp:featuredmedia":[{"embeddable":true,"href":"https:\/\/antcube.shop\/fr\/wp-json\/wp\/v2\/media\/3878"}],"wp:attachment":[{"href":"https:\/\/antcube.shop\/fr\/wp-json\/wp\/v2\/media?parent=3874"}],"wp:term":[{"taxonomy":"product_brand","embeddable":true,"href":"https:\/\/antcube.shop\/fr\/wp-json\/wp\/v2\/product_brand?post=3874"},{"taxonomy":"product_cat","embeddable":true,"href":"https:\/\/antcube.shop\/fr\/wp-json\/wp\/v2\/product_cat?post=3874"},{"taxonomy":"product_tag","embeddable":true,"href":"https:\/\/antcube.shop\/fr\/wp-json\/wp\/v2\/product_tag?post=3874"}],"curies":[{"name":"wp","href":"https:\/\/api.w.org\/{rel}","templated":true}]}}